{"id":21381,"date":"2024-06-25T12:39:15","date_gmt":"2024-06-25T12:39:15","guid":{"rendered":"https:\/\/boombox.eu\/pravila-privatnosti\/"},"modified":"2024-12-09T12:33:41","modified_gmt":"2024-12-09T12:33:41","slug":"pravila-privatnosti","status":"publish","type":"page","link":"https:\/\/boombox.eu\/sr\/pravila-privatnosti\/","title":{"rendered":"Pravila privatnosti"},"content":{"rendered":"<p>[et_pb_section fb_built=&#8220;1&#8243; admin_label=&#8220;section&#8220; _builder_version=&#8220;4.16&#8243; global_colors_info=&#8220;{}&#8220;][et_pb_row admin_label=&#8220;row&#8220; _builder_version=&#8220;4.16&#8243; background_size=&#8220;initial&#8220; background_position=&#8220;top_left&#8220; background_repeat=&#8220;repeat&#8220; global_colors_info=&#8220;{}&#8220;][et_pb_column type=&#8220;4_4&#8243; _builder_version=&#8220;4.16&#8243; custom_padding=&#8220;|||&#8220; global_colors_info=&#8220;{}&#8220; custom_padding__hover=&#8220;|||&#8220;][et_pb_text admin_label=&#8220;Text&#8220; _builder_version=&#8220;4.23.4&#8243; header_4_font=&#8220;Montserrat||||||||&#8220; background_size=&#8220;initial&#8220; background_position=&#8220;top_left&#8220; background_repeat=&#8220;repeat&#8220; hover_enabled=&#8220;0&#8243; custom_css_main_element=&#8220;p {||  font-size: 18px !important;||  font-weight: 400 !important;||}&#8220; global_colors_info=&#8220;{}&#8220; sticky_enabled=&#8220;0&#8243;]<\/p>\n<h1>Pravila privatnosti<\/h1>\n<p>Cedevita d.o.o. (dalje: Dru\u0161tvo ili mi) je deo poslovnog sistema Atlantic Grupe u okviru kojeg su uspostavljeni i primenjuju se visoki standardi poslovnog upravljanja i transparentnog poslovanja, a koji podrazumevaju odgovorno, zakonito i eti\u010dki utemeljeno pona\u0161anje svih pravnih subjekata Atlantic Grupe, uklju\u010duju\u0107i i po\u0161tovanje privatnosti i za\u0161tite li\u010dnih podataka.<\/p>\n<p>Vode\u0107i se navedenim standardima, Dru\u0161tvo kao voditelj obrade u okviru poslovnog sistema Atlantic Grupe, prikuplja i obra\u0111uje li\u010dne podatke zakonito, po\u0161teno i transparentno, u skladu sa va\u017ee\u0107im propisima, te preduzima odgovaraju\u0107e tehni\u010dke i organizacione mere usmerene ka za\u0161titi li\u010dnih podataka od neovla\u0161\u0107enog pristupa i zloupotrebe. Dru\u0161tvo je svesno da je za\u0161tita li\u010dnih podataka va\u017ena na\u0161im korisnicima i ispitanicima. Stoga Vam \u017eelimo prikazati koje li\u010dne podatke prikupljamo, kako njima upravljamo i kako brinemo o njihovoj za\u0161titi.<\/p>\n<h4>Svrhe, opseg i pravni temelj obrade<\/h4>\n<p>Li\u010dne podatke prikupljamo u posebne, izri\u010dite i zakonite svrhe, u nu\u017enom opsegu i obra\u0111ujemo ih na na\u010din koji je u skladu s tim svrhama.<br \/>Dru\u0161tvo \u0107e prikupljati i obra\u0111ivati li\u010dne podatke samo u slu\u010dajevima kada je to propisima dozvoljeno:<\/p>\n<p style=\"padding-left: 40px;\">\uf0a7 obrada je nu\u017ena radi po\u0161tovanja pravnih obaveza<br \/>\uf0a7 kad je ispitanik dao pristanak za obradu svojih li\u010dnih podataka<br \/>\uf0a7 obrada je nu\u017ena za izvr\u0161avanje ugovora u kojem je ispitanik stranka ili kako bi se preduzele radnje na zahtev ispitanika pre sklapanja ugovora<br \/>\uf0a7 obrada je nu\u017ena kako bi se za\u0161titili klju\u010dni interesi ispitanika ili druge fizi\u010dke osobe<br \/>\uf0a7 obrada je nu\u017ena za potrebe legitimnih interesa Dru\u0161tva ili povezanih dru\u0161tava<\/p>\n<h4>Prikupljanje i kori\u0161\u0107enje li\u010dnih podataka<\/h4>\n<p>Li\u010dni podaci su informacije koje vas identifikuju direktno ili indirektno, poput va\u0161eg imena, e-mail adrese, broja telefona, IP adrese ili po\u0161tanske adrese. Dru\u0161tvo ne prikuplja va\u0161e li\u010dne podatke ukoliko vi izri\u010dito ne predate takve podatke (npr. upitom za odre\u0111eni proizvod ili uslugu, zaklju\u010divanjem ugovora ili zahtevom za odre\u0111ene radnje pre zaklju\u010divanja ugovora, uklju\u010divanjem u programe lojalnosti, prilikom prijave na elektronski newsletter, u\u010destvovanja u anketama, konkursima i nagradnim igrama, naru\u010divanju uzoraka ili bro\u0161ura, molbama za donacije, kao i tra\u017eenjem informacija, predajom biografije ili otvorene ponude ili prijavom na konkurse za otvorena radna mesta, kao i zapo\u0161ljavanjem u na\u0161em Dru\u0161tvu\u2026).<\/p>\n<p>Va\u0161e li\u010dne podatke prikupljamo, \u010duvamo, koristimo ili prenosimo u opsegu \u2013 sadr\u017eajnom i vremenskom \u2013 koji je potreban u odre\u0111enom slu\u010daju, npr. kako bismo odgovorili na va\u0161e upite, ispunili va\u0161e zahteve, informisali o na\u0161im proizvodima, rezultatima konkursa ili nagradne igre, izvr\u0161ili ugovornu obavezu ili neophodne radnje pre zaklju\u010divanja ugovora, ili izvr\u0161ili druge na\u0161e zakonske ili pravne obaveze.<\/p>\n<p>Iz tih razloga, Dru\u0161tvo ponekad treba preneti li\u010dne podatke drugim kompanijama unutar Atlantic Grupe i povezanih dru\u0161tava ili spoljnim pru\u017eaocima usluga za dalju obradu. Pru\u017eaoci usluga mogu se, na primer, anga\u017eovati u kontekstu usluga call centra, slanja robe, distribucije reklamnog materijala ili za organizovanje i sprovo\u0111enje nagradnih igara. Dru\u0161tvo zahteva od tih strana prihvatanje va\u017ee\u0107ih pravnih propisa, po\u0161tovanje na\u0161ih uputstava, te uskla\u0111enost s na\u0161im internim pravilima o za\u0161titi li\u010dnih podataka, kao i zahtevima za primenu adekvatnih organizacionih i tehni\u010dkih mera za\u0161tite. Iz istih razloga, ponekad \u0107e Va\u0161i li\u010dni podaci morati biti preneseni i u druge dr\u017eave EU ili van EU, pri \u010demu Dru\u0161tvo brine da taj prenos bude u svemu uskla\u0111en sa zakonom i uz primenu svih dostupnih i odgovaraju\u0107ih mera za\u0161tite li\u010dnih podataka.<\/p>\n<p>Dru\u0161tvo garantuje da Va\u0161e li\u010dne podatke nikome ne\u0107e prodavati, te da ne\u0107e proslediti ili pozajmljivati Va\u0161e li\u010dne podatke tre\u0107oj strani ukoliko to nije potrebno kako bi se ispunila odre\u0111ena svrha za koju ste nam iste dali, odnosno garantuje da Va\u0161i podaci ne\u0107e biti dati bilo kojem neovla\u0161\u0107enom primaocu. Mogu\u0107e je da Va\u0161e li\u010dne podatke moramo dostaviti nadle\u017enom telu javne vlasti ukoliko to nala\u017ee zakon ili drugi obavezuju\u0107i propis. Prikupljeni podaci \u010duva\u0107e se onoliko dugo koliko je potrebno s obzirom na svrhu zbog koje su prikupljeni, odnosno u roku u skladu sa va\u017ee\u0107im propisima.<\/p>\n<h4>Kori\u0161\u0107enje li\u010dnih podataka u reklamne i marketin\u0161ke svrhe<\/h4>\n<p>Kada se Va\u0161i li\u010dni podaci koriste u reklamne i marketin\u0161ke svrhe, u skladu sa va\u017ee\u0107im zakonskim propisima iz oblasti za\u0161tite li\u010dnih podataka, va\u0161i podaci bi\u0107e pohranjeni i kori\u0161\u0107eni u te svrhe, npr. za slanje newslettera, uzoraka proizvoda, poziva na u\u010de\u0161\u0107e u konkursima i nagradnim igrama, putem e-maila ili po\u0161te ili drugog komunikacionog kanala kojeg ste prihvatili.<\/p>\n<p>Ako \u0107e se Va\u0161i li\u010dni podaci koristiti u svrhe slanja individualnih (Vama) prilago\u0111enih reklama i promocija kroz stvaranje i odr\u017eavanje korisni\u010dkog profila, o tome \u0107ete unapred, dakle pre slanja takvih reklama i promocija, biti obave\u0161teni, te \u0107emo pre ovakve obrade li\u010dnih podataka svakako zatra\u017eiti od vas poseban, izri\u010dit i informisani pristanak.<\/p>\n<p>Va\u0161e podatke \u0107emo po potrebi koristiti za analizu i pobolj\u0161anje efikasnosti na\u0161ih internet usluga, ogla\u0161avanja, marketinga, istra\u017eivanja tr\u017ei\u0161ta i prodajnih napora, kroz ankete ili upite druge vrste, ili na na\u010din koji \u0107e osigurati da se Va\u0161i li\u010dni podaci anonimizuju, tj. da se ne mogu povezati s osobom.<\/p>\n<h4>Ostvarivanje prava ispitanika<\/h4>\n<p>U bilo kojem trenutku mo\u017eete od nas zatra\u017eiti informaciju o svojim li\u010dnim podacima koje obra\u0111ujemo ili zatra\u017eiti ispravak istih, mo\u017eete zahtevati prestanak kori\u0161\u0107enja ili brisanje svojih li\u010dnih podataka ili povla\u010denje privole u sve ili samo neke svrhe (osim kada to nije mogu\u0107e, npr. ako se radi o obradi podataka u statisti\u010dke svrhe kada li\u010dni podaci vi\u0161e ne omogu\u0107uju identifikaciju), odnosno i prenos podataka drugom voditelju obrade pod zakonskim uslovima ili izvr\u0161iti odjavu primanja na\u0161ih informativnih i promotivnih materijala.<\/p>\n<p>Tako\u0111e mo\u017eete i ulo\u017eiti prigovor na kori\u0161\u0107enje svojih li\u010dnih podataka u situacijama koje temeljimo na postojanju na\u0161eg legitimnog interesa, a svakako kada ih koristimo za potrebe direktnog marketinga. S na\u0161e strane, u maksimalno mogu\u0107oj i razumnoj meri vodit \u0107emo ra\u010duna da su Va\u0161i li\u010dni podaci koje ste nam stavili na raspolaganje ispravno evidentirani, ali je odgovornost za to\u010dnost istih na Vama i molimo Vas da ih redovno i pravovremeno a\u017eurirate, odnosno dostavite nam zahtev za promenu ili ispravak.<\/p>\n<p>Za ostvarivanje svih svojih prava i obaveza u pogledu kori\u0161\u0107enja li\u010dnih podataka, mo\u017eete se obratiti na e-mail adresu ili adresu sedi\u0161ta Dru\u0161tva navedene na web stranici ili na e-mail adresu: dpo@atlanticgrupa.com ili prema uputstvu na dostavljenim promotivnim materijalima. Prilikom kontakta i postavljanja navedenih zahteva ulo\u017ei\u0107emo razumne napore da potvrdimo va\u0161 identitet i spre\u010dimo neautorizovanu obradu li\u010dnih podataka. Po prijemu Va\u0161ih zahteva, tra\u017eenu aktivnost \u0107emo sprovesti u razumnom roku, a najkasnije u roku od 30 dana od zaprimanja zahteva.<\/p>\n<p>U skladu sa va\u017ee\u0107im zakonima, zadr\u017eavamo pravo da Vam odredimo naknadu za tro\u0161kove na koje smo mo\u017eda nai\u0161li tokom obrade Va\u0161eg zahteva ukoliko je zahtev o\u010digledno neutemeljen ili pretjerano ponovljen, posebno ako se radi o ponovnom zahtevima na koje je ranije odgovoreno.<\/p>\n<h4>Deca<\/h4>\n<p>Po pravilu, ne prikupljamo podatke o deci. Ukoliko se uverimo da su takvi podaci preneseni nama bez pristanka roditelja ili zakonskih staratelja, iste \u0107emo izbrisati u najkra\u0107em mogu\u0107em roku. Pri tome \u0107emo se voditi smernicama koje smo dobili od vas kao roditelja ili zakonskog staratelja.<\/p>\n<p>Ukoliko za neku svrhu ipak prikupljamo podatke o deci u dobi u kojoj je prema va\u017ee\u0107im zakonima potreban pristanak roditelja na obradu njihovih li\u010dnih podataka, o tome \u0107emo dati odgovaraju\u0107u informaciju i primeni\u0107emo \u0107emo razumne mere kako bismo utvrdili da deca imaju pristanak roditelja ili zakonskog staratelja.<\/p>\n<h4>Bezbednost li\u010dnih podataka<\/h4>\n<p>U cilju za\u0161tite Va\u0161ih li\u010dnih podataka preduzimamo sve razumne tehni\u010dke i organizacione mere za\u0161tite. S obzirom na specifi\u010dnost obrade i dostupnu tehnologiju, organizujemo i kontroli\u0161emo procese kako bismo minimizirali rizik od neautorizovanog pristupa ili obrade Va\u0161ih li\u010dnih podataka, njihovog gubitka, uni\u0161tenja ili zloupotrebe.<\/p>\n<h4>Pristup, preispitivanje i izmene<\/h4>\n<p>Pravila privatnosti mogu se povremeno menjati, na osnovu promena va\u017ee\u0107ih zakona ili poslovne prakse Dru\u0161tva, te preporu\u010dujemo da ih redovno pregledate kako biste bili informisani o svim eventualnim promenama. U slu\u010daju da se naprave zna\u010dajne promene, obavesti\u0107emo Vas putem e-maila ili na na\u0161em sajtu.<\/p>\n<p>[\/et_pb_text][\/et_pb_column][\/et_pb_row][\/et_pb_section]<\/p>\n","protected":false},"excerpt":{"rendered":"<p>Pravila privatnosti Cedevita d.o.o. (dalje: Dru\u0161tvo ili mi) je deo poslovnog sistema Atlantic Grupe u okviru kojeg su uspostavljeni i primenjuju se visoki standardi poslovnog upravljanja i transparentnog poslovanja, a koji podrazumevaju odgovorno, zakonito i eti\u010dki utemeljeno pona\u0161anje svih pravnih subjekata Atlantic Grupe, uklju\u010duju\u0107i i po\u0161tovanje privatnosti i za\u0161tite li\u010dnih podataka. Vode\u0107i se navedenim standardima, [&hellip;]<\/p>\n","protected":false},"author":1,"featured_media":0,"parent":0,"menu_order":0,"comment_status":"closed","ping_status":"closed","template":"","meta":{"_acf_changed":false,"_et_pb_use_builder":"on","_et_pb_old_content":"","_et_gb_content_width":"","footnotes":""},"class_list":["post-21381","page","type-page","status-publish","hentry"],"acf":[],"_links":{"self":[{"href":"https:\/\/boombox.eu\/sr\/wp-json\/wp\/v2\/pages\/21381","targetHints":{"allow":["GET"]}}],"collection":[{"href":"https:\/\/boombox.eu\/sr\/wp-json\/wp\/v2\/pages"}],"about":[{"href":"https:\/\/boombox.eu\/sr\/wp-json\/wp\/v2\/types\/page"}],"author":[{"embeddable":true,"href":"https:\/\/boombox.eu\/sr\/wp-json\/wp\/v2\/users\/1"}],"replies":[{"embeddable":true,"href":"https:\/\/boombox.eu\/sr\/wp-json\/wp\/v2\/comments?post=21381"}],"version-history":[{"count":6,"href":"https:\/\/boombox.eu\/sr\/wp-json\/wp\/v2\/pages\/21381\/revisions"}],"predecessor-version":[{"id":21766,"href":"https:\/\/boombox.eu\/sr\/wp-json\/wp\/v2\/pages\/21381\/revisions\/21766"}],"wp:attachment":[{"href":"https:\/\/boombox.eu\/sr\/wp-json\/wp\/v2\/media?parent=21381"}],"curies":[{"name":"wp","href":"https:\/\/api.w.org\/{rel}","templated":true}]}}