{"id":1666,"date":"2024-01-24T13:35:16","date_gmt":"2024-01-24T13:35:16","guid":{"rendered":"https:\/\/new.boombox.eu\/?page_id=1666"},"modified":"2025-12-23T12:11:34","modified_gmt":"2025-12-23T12:11:34","slug":"faq","status":"publish","type":"page","link":"https:\/\/boombox.eu\/sr\/faq\/","title":{"rendered":"FAQ"},"content":{"rendered":"<p>[et_pb_section fb_built=&#8220;1&#8243; custom_padding_last_edited=&#8220;on|phone&#8220; _builder_version=&#8220;4.23.4&#8243; _module_preset=&#8220;default&#8220; background_color=&#8220;#efe6fe&#8220; custom_padding=&#8220;9vh||12vh||false|false&#8220; custom_padding_tablet=&#8220;15vh||12vh||false|false&#8220; custom_padding_phone=&#8220;3vh||3vh||false|false&#8220; da_disable_devices=&#8220;off|off|off&#8220; global_colors_info=&#8220;{}&#8220; da_is_popup=&#8220;off&#8220; da_exit_intent=&#8220;off&#8220; da_has_close=&#8220;on&#8220; da_alt_close=&#8220;off&#8220; da_dark_close=&#8220;off&#8220; da_not_modal=&#8220;on&#8220; da_is_singular=&#8220;off&#8220; da_with_loader=&#8220;off&#8220; da_has_shadow=&#8220;on&#8220;][et_pb_row _builder_version=&#8220;4.23.4&#8243; _module_preset=&#8220;default&#8220; width_tablet=&#8220;&#8220; width_phone=&#8220;90%&#8220; width_last_edited=&#8220;on|phone&#8220; global_colors_info=&#8220;{}&#8220;][et_pb_column type=&#8220;4_4&#8243; _builder_version=&#8220;4.23.4&#8243; _module_preset=&#8220;default&#8220; global_colors_info=&#8220;{}&#8220;][et_pb_text _builder_version=&#8220;4.23.4&#8243; _module_preset=&#8220;default&#8220; text_text_color=&#8220;#000000&#8243; text_font_size=&#8220;24px&#8220; text_line_height=&#8220;1.4em&#8220; header_font=&#8220;|700|||||||&#8220; header_text_align=&#8220;center&#8220; header_text_color=&#8220;#aa95db&#8220; header_font_size=&#8220;50px&#8220; text_orientation=&#8220;center&#8220; custom_padding=&#8220;||||false|false&#8220; text_font_size_tablet=&#8220;24px&#8220; text_font_size_phone=&#8220;18px&#8220; text_font_size_last_edited=&#8220;on|phone&#8220; header_font_size_tablet=&#8220;50px&#8220; header_font_size_phone=&#8220;32px&#8220; header_font_size_last_edited=&#8220;on|phone&#8220; header_line_height_tablet=&#8220;&#8220; header_line_height_phone=&#8220;&#8220; header_line_height_last_edited=&#8220;on|phone&#8220; global_colors_info=&#8220;{}&#8220;]<\/p>\n<h1>\u010cesto postavljana<br \/>pitanja<\/h1>\n<p style=\"margin-top: 20px;\">Ima\u0161 jo\u0161 pitanja o Boom Box ponudi? Mo\u017eda te zanima isto<br \/>\u0161to i druge. Proveri da li se odgovor krije me\u0111u naj\u010de\u0161\u0107e<br \/>postavljanim pitanjima.<\/p>\n<p>[\/et_pb_text][\/et_pb_column][\/et_pb_row][et_pb_row custom_padding_last_edited=&#8220;on|phone&#8220; _builder_version=&#8220;4.23.4&#8243; _module_preset=&#8220;default&#8220; width_tablet=&#8220;&#8220; width_phone=&#8220;90%&#8220; width_last_edited=&#8220;on|phone&#8220; custom_padding=&#8220;0px||0px||true|false&#8220; custom_padding_tablet=&#8220;0px||0px||true|false&#8220; custom_padding_phone=&#8220;0px||0px||true|false&#8220; global_colors_info=&#8220;{}&#8220;][et_pb_column type=&#8220;4_4&#8243; _builder_version=&#8220;4.23.4&#8243; _module_preset=&#8220;default&#8220; global_colors_info=&#8220;{}&#8220;][et_pb_toggle title=&#8220;Jesu li svi Boom Box proizvodi na biljnoj osnovi?&#8220; open_toggle_text_color=&#8220;#784312&#8243; icon_color=&#8220;#ed9bad&#8220; toggle_icon=&#8220;&#x43;||divi||400&#8243; use_icon_font_size=&#8220;on&#8220; icon_font_size=&#8220;28px&#8220; open_icon_color=&#8220;#ed9bad&#8220; open_toggle_icon=&#8220;&#x42;||divi||400&#8243; open_use_icon_font_size=&#8220;on&#8220; open_icon_font_size=&#8220;28px&#8220; _builder_version=&#8220;4.23.4&#8243; _module_preset=&#8220;default&#8220; title_text_color=&#8220;#784312&#8243; title_level=&#8220;h4&#8243; title_font=&#8220;|700|||||||&#8220; title_text_align=&#8220;center&#8220; title_font_size=&#8220;35px&#8220; title_line_height=&#8220;1.3em&#8220; body_text_align=&#8220;justify&#8220; body_text_color=&#8220;#000000&#8243; body_line_height=&#8220;1.4em&#8220; background_color=&#8220;RGBA(255,255,255,0)&#8220; custom_margin=&#8220;||0px||false|false&#8220; custom_padding=&#8220;30px||40px||false|false&#8220; title_font_size_tablet=&#8220;30px&#8220; title_font_size_phone=&#8220;24px&#8220; title_font_size_last_edited=&#8220;on|phone&#8220; title_line_height_tablet=&#8220;1.2em&#8220; title_line_height_phone=&#8220;1.3em&#8220; title_line_height_last_edited=&#8220;on|phone&#8220; body_font_size_tablet=&#8220;18px&#8220; body_font_size_phone=&#8220;14px&#8220; body_font_size_last_edited=&#8220;on|phone&#8220; custom_css_toggle_content=&#8220;max-width: 720px;||margin: 0 auto;&#8220; border_width_all=&#8220;0px&#8220; border_width_bottom=&#8220;1px&#8220; border_color_bottom=&#8220;#000000&#8243; global_colors_info=&#8220;{}&#8220;]<\/p>\n<p>Da, svi Boom Box proizvodi su na biljnoj osnovi i s veganskim sertifikatom.<\/p>\n<p>[\/et_pb_toggle][et_pb_toggle title=&#8220;\u0160ta zna\u010di 100% na biljnoj osnovi?&#8220; open_toggle_text_color=&#8220;#784312&#8243; icon_color=&#8220;#ed9bad&#8220; toggle_icon=&#8220;&#x43;||divi||400&#8243; use_icon_font_size=&#8220;on&#8220; icon_font_size=&#8220;28px&#8220; open_icon_color=&#8220;#ed9bad&#8220; open_toggle_icon=&#8220;&#x42;||divi||400&#8243; open_use_icon_font_size=&#8220;on&#8220; open_icon_font_size=&#8220;28px&#8220; _builder_version=&#8220;4.23.4&#8243; _module_preset=&#8220;default&#8220; title_text_color=&#8220;#784312&#8243; title_level=&#8220;h4&#8243; title_font=&#8220;|700|||||||&#8220; title_text_align=&#8220;center&#8220; title_font_size=&#8220;35px&#8220; title_line_height=&#8220;1.3em&#8220; body_text_align=&#8220;justify&#8220; body_text_color=&#8220;#000000&#8243; body_line_height=&#8220;1.4em&#8220; background_color=&#8220;RGBA(255,255,255,0)&#8220; custom_margin=&#8220;||0px||false|false&#8220; custom_padding=&#8220;30px||40px||false|false&#8220; title_font_size_tablet=&#8220;30px&#8220; title_font_size_phone=&#8220;24px&#8220; title_font_size_last_edited=&#8220;on|phone&#8220; title_line_height_tablet=&#8220;1.2em&#8220; title_line_height_phone=&#8220;1.3em&#8220; title_line_height_last_edited=&#8220;on|phone&#8220; body_font_size_tablet=&#8220;18px&#8220; body_font_size_phone=&#8220;14px&#8220; body_font_size_last_edited=&#8220;on|phone&#8220; custom_css_toggle_content=&#8220;max-width: 720px;||margin: 0 auto;&#8220; border_width_all=&#8220;0px&#8220; border_width_bottom=&#8220;1px&#8220; border_color_bottom=&#8220;#000000&#8243; global_colors_info=&#8220;{}&#8220;]<\/p>\n<p>Proizvod koji je 100% na biljnoj osnovi ne sadr\u017ei proizvode ili sastojke \u017eivotinjskog porekla.<\/p>\n<p>[\/et_pb_toggle][et_pb_toggle title=&#8220;Da li %22razvijeno s nutricionistima%22 zna\u010di da ih nutricionisti proizvode?&#8220; open_toggle_text_color=&#8220;#784312&#8243; icon_color=&#8220;#ed9bad&#8220; toggle_icon=&#8220;&#x43;||divi||400&#8243; use_icon_font_size=&#8220;on&#8220; icon_font_size=&#8220;28px&#8220; open_icon_color=&#8220;#ed9bad&#8220; open_toggle_icon=&#8220;&#x42;||divi||400&#8243; open_use_icon_font_size=&#8220;on&#8220; open_icon_font_size=&#8220;28px&#8220; _builder_version=&#8220;4.27.4&#8243; _module_preset=&#8220;default&#8220; title_text_color=&#8220;#784312&#8243; title_level=&#8220;h4&#8243; title_font=&#8220;|700|||||||&#8220; title_text_align=&#8220;center&#8220; title_font_size=&#8220;35px&#8220; title_line_height=&#8220;1.3em&#8220; body_text_align=&#8220;justify&#8220; body_text_color=&#8220;#000000&#8243; body_line_height=&#8220;1.4em&#8220; background_color=&#8220;RGBA(255,255,255,0)&#8220; custom_margin=&#8220;||0px||false|false&#8220; custom_padding=&#8220;30px||40px||false|false&#8220; hover_enabled=&#8220;0&#8243; title_font_size_tablet=&#8220;30px&#8220; title_font_size_phone=&#8220;24px&#8220; title_font_size_last_edited=&#8220;on|phone&#8220; title_line_height_tablet=&#8220;1.2em&#8220; title_line_height_phone=&#8220;1.3em&#8220; title_line_height_last_edited=&#8220;on|phone&#8220; body_font_size_tablet=&#8220;18px&#8220; body_font_size_phone=&#8220;14px&#8220; body_font_size_last_edited=&#8220;on|phone&#8220; custom_css_toggle_content=&#8220;max-width: 720px;||margin: 0 auto;&#8220; border_width_all=&#8220;0px&#8220; border_width_bottom=&#8220;1px&#8220; border_color_bottom=&#8220;#000000&#8243; global_colors_info=&#8220;{}&#8220; sticky_enabled=&#8220;0&#8243;]<\/p>\n<p>&#8222;Razvijeno s nutricionistima&#8220; zna\u010di da su nam kvalifikovani nutricionisti pomogli u razvoju proizvoda koji su zdraviji za tebe. Uz njihovu pomo\u0107 smo kreirali zdrave i ukusne obroke na bazi ovsa koji su bez dodatog \u0161e\u0107era, 100% na biljnoj osnovi, bez ve\u0161ta\u010dkih aroma i visokooboga\u0107eni vlaknima.<\/p>\n<p>[\/et_pb_toggle][et_pb_toggle title=&#8220;Da li su Boom Box proizvodi bez \u0161e\u0107era?&#8220; open_toggle_text_color=&#8220;#784312&#8243; icon_color=&#8220;#ed9bad&#8220; toggle_icon=&#8220;&#x43;||divi||400&#8243; use_icon_font_size=&#8220;on&#8220; icon_font_size=&#8220;28px&#8220; open_icon_color=&#8220;#ed9bad&#8220; open_toggle_icon=&#8220;&#x42;||divi||400&#8243; open_use_icon_font_size=&#8220;on&#8220; open_icon_font_size=&#8220;28px&#8220; _builder_version=&#8220;4.23.4&#8243; _module_preset=&#8220;default&#8220; title_text_color=&#8220;#784312&#8243; title_level=&#8220;h4&#8243; title_font=&#8220;|700|||||||&#8220; title_text_align=&#8220;center&#8220; title_font_size=&#8220;35px&#8220; title_line_height=&#8220;1.3em&#8220; body_text_align=&#8220;justify&#8220; body_text_color=&#8220;#000000&#8243; body_line_height=&#8220;1.4em&#8220; background_color=&#8220;RGBA(255,255,255,0)&#8220; custom_margin=&#8220;||0px||false|false&#8220; custom_padding=&#8220;30px||40px||false|false&#8220; title_font_size_tablet=&#8220;30px&#8220; title_font_size_phone=&#8220;24px&#8220; title_font_size_last_edited=&#8220;on|phone&#8220; title_line_height_tablet=&#8220;1.2em&#8220; title_line_height_phone=&#8220;1.3em&#8220; title_line_height_last_edited=&#8220;on|phone&#8220; body_font_size_tablet=&#8220;18px&#8220; body_font_size_phone=&#8220;14px&#8220; body_font_size_last_edited=&#8220;on|phone&#8220; custom_css_toggle_content=&#8220;max-width: 720px;||margin: 0 auto;&#8220; border_width_all=&#8220;0px&#8220; border_width_bottom=&#8220;1px&#8220; border_color_bottom=&#8220;#000000&#8243; global_colors_info=&#8220;{}&#8220;]<\/p>\n<p>Boom Box proizvodi sadr\u017ee prirodno prisutan \u0161e\u0107er iz ovsa i vo\u0107a, poliole i prebiotike, a ne sadr\u017ee dodati \u0161e\u0107er. Ovo ih \u010dini nutritivno boljim izborom.<\/p>\n<p>[\/et_pb_toggle][et_pb_toggle title=&#8220;Mogu li da kombinujem Boom Box proizvode i da ih konzumiram?&#8220; open_toggle_text_color=&#8220;#784312&#8243; icon_color=&#8220;#ed9bad&#8220; toggle_icon=&#8220;&#x43;||divi||400&#8243; use_icon_font_size=&#8220;on&#8220; icon_font_size=&#8220;28px&#8220; open_icon_color=&#8220;#ed9bad&#8220; open_toggle_icon=&#8220;&#x42;||divi||400&#8243; open_use_icon_font_size=&#8220;on&#8220; open_icon_font_size=&#8220;28px&#8220; _builder_version=&#8220;4.23.4&#8243; _module_preset=&#8220;default&#8220; title_text_color=&#8220;#784312&#8243; title_level=&#8220;h4&#8243; title_font=&#8220;|700|||||||&#8220; title_text_align=&#8220;center&#8220; title_font_size=&#8220;35px&#8220; title_line_height=&#8220;1.3em&#8220; body_text_align=&#8220;justify&#8220; body_text_color=&#8220;#000000&#8243; body_line_height=&#8220;1.4em&#8220; background_color=&#8220;RGBA(255,255,255,0)&#8220; custom_margin=&#8220;||0px||false|false&#8220; custom_padding=&#8220;30px||40px||false|false&#8220; title_font_size_tablet=&#8220;30px&#8220; title_font_size_phone=&#8220;24px&#8220; title_font_size_last_edited=&#8220;on|phone&#8220; title_line_height_tablet=&#8220;1.2em&#8220; title_line_height_phone=&#8220;1.3em&#8220; title_line_height_last_edited=&#8220;on|phone&#8220; body_font_size_tablet=&#8220;18px&#8220; body_font_size_phone=&#8220;14px&#8220; body_font_size_last_edited=&#8220;on|phone&#8220; custom_css_toggle_content=&#8220;max-width: 720px;||margin: 0 auto;&#8220; border_width_all=&#8220;0px&#8220; border_width_bottom=&#8220;1px&#8220; border_color_bottom=&#8220;#000000&#8243; global_colors_info=&#8220;{}&#8220;]<\/p>\n<p>Da! Kao \u0161to preporu\u010dujemo na zadnjem delu pakovanja, svi na\u0161i proizvodi od ovsa savr\u0161eno pristaju uz sve ostale Boom Box proizvode, ovsene ka\u0161e, ovsene granole, pa \u010dak i kekse od ovsa.<\/p>\n<p>[\/et_pb_toggle][\/et_pb_column][\/et_pb_row][\/et_pb_section]<\/p>\n","protected":false},"excerpt":{"rendered":"<p>\u010cesto postavljanapitanja Ima\u0161 jo\u0161 pitanja o Boom Box ponudi? Mo\u017eda te zanima isto\u0161to i druge. Proveri da li se odgovor krije me\u0111u naj\u010de\u0161\u0107epostavljanim pitanjima.Da, svi Boom Box proizvodi su na biljnoj osnovi i s veganskim sertifikatom.Proizvod koji je 100% na biljnoj osnovi ne sadr\u017ei proizvode ili sastojke \u017eivotinjskog porekla.&#8220;Razvijeno s nutricionistima&#8220; zna\u010di da su nam [&hellip;]<\/p>\n","protected":false},"author":1,"featured_media":0,"parent":0,"menu_order":0,"comment_status":"closed","ping_status":"closed","template":"","meta":{"_acf_changed":false,"_et_pb_use_builder":"on","_et_pb_old_content":"","_et_gb_content_width":"","footnotes":""},"class_list":["post-1666","page","type-page","status-publish","hentry"],"acf":[],"_links":{"self":[{"href":"https:\/\/boombox.eu\/sr\/wp-json\/wp\/v2\/pages\/1666","targetHints":{"allow":["GET"]}}],"collection":[{"href":"https:\/\/boombox.eu\/sr\/wp-json\/wp\/v2\/pages"}],"about":[{"href":"https:\/\/boombox.eu\/sr\/wp-json\/wp\/v2\/types\/page"}],"author":[{"embeddable":true,"href":"https:\/\/boombox.eu\/sr\/wp-json\/wp\/v2\/users\/1"}],"replies":[{"embeddable":true,"href":"https:\/\/boombox.eu\/sr\/wp-json\/wp\/v2\/comments?post=1666"}],"version-history":[{"count":15,"href":"https:\/\/boombox.eu\/sr\/wp-json\/wp\/v2\/pages\/1666\/revisions"}],"predecessor-version":[{"id":36017,"href":"https:\/\/boombox.eu\/sr\/wp-json\/wp\/v2\/pages\/1666\/revisions\/36017"}],"wp:attachment":[{"href":"https:\/\/boombox.eu\/sr\/wp-json\/wp\/v2\/media?parent=1666"}],"curies":[{"name":"wp","href":"https:\/\/api.w.org\/{rel}","templated":true}]}}