{"id":1652,"date":"2024-01-24T12:51:15","date_gmt":"2024-01-24T12:51:15","guid":{"rendered":"https:\/\/new.boombox.eu\/?page_id=1652"},"modified":"2024-02-11T17:01:07","modified_gmt":"2024-02-11T17:01:07","slug":"kontakt","status":"publish","type":"page","link":"https:\/\/boombox.eu\/sr\/kontakt\/","title":{"rendered":"Kontakt"},"content":{"rendered":"<p>[et_pb_section fb_built=&#8220;1&#8243; custom_padding_last_edited=&#8220;on|phone&#8220; _builder_version=&#8220;4.23.4&#8243; _module_preset=&#8220;default&#8220; background_color=&#8220;#def3ff&#8220; custom_padding=&#8220;10vh||10vh||false|false&#8220; custom_padding_tablet=&#8220;13vh||10vh||false|false&#8220; custom_padding_phone=&#8220;4vh||5vh||false|false&#8220; global_colors_info=&#8220;{}&#8220;][et_pb_row _builder_version=&#8220;4.23.4&#8243; _module_preset=&#8220;default&#8220; width_tablet=&#8220;&#8220; width_phone=&#8220;90%&#8220; width_last_edited=&#8220;on|phone&#8220; global_colors_info=&#8220;{}&#8220;][et_pb_column type=&#8220;4_4&#8243; _builder_version=&#8220;4.23.4&#8243; _module_preset=&#8220;default&#8220; global_colors_info=&#8220;{}&#8220;][et_pb_text _builder_version=&#8220;4.23.4&#8243; _module_preset=&#8220;default&#8220; text_text_color=&#8220;#000000&#8243; text_font_size=&#8220;20px&#8220; text_line_height=&#8220;1.5em&#8220; header_font=&#8220;|700|||||||&#8220; header_text_align=&#8220;center&#8220; header_text_color=&#8220;#58b4e6&#8243; header_font_size=&#8220;50px&#8220; header_line_height=&#8220;1.7em&#8220; text_orientation=&#8220;center&#8220; text_font_size_tablet=&#8220;20px&#8220; text_font_size_phone=&#8220;16px&#8220; text_font_size_last_edited=&#8220;on|phone&#8220; header_font_size_tablet=&#8220;50px&#8220; header_font_size_phone=&#8220;32px&#8220; header_font_size_last_edited=&#8220;on|phone&#8220; header_line_height_tablet=&#8220;1.7em&#8220; header_line_height_phone=&#8220;1.3em&#8220; header_line_height_last_edited=&#8220;on|phone&#8220; global_colors_info=&#8220;{}&#8220;]<\/p>\n<h1>Kontaktiraj nas<\/h1>\n<p>Ima\u0161 pitanje ili mi\u0161ljenje koje \u017eeli\u0161 da podeli\u0161 sa nama?<br \/>Radujemo se tvojoj poruci!<\/p>\n<p>[\/et_pb_text][et_pb_code _builder_version=&#8220;4.23.4&#8243; _module_preset=&#8220;default&#8220; global_colors_info=&#8220;{}&#8220;]\n<div class=\"wpcf7 no-js\" id=\"wpcf7-f1658-o1\" lang=\"sr-RS\" dir=\"ltr\">\n<div class=\"screen-reader-response\"><p role=\"status\" aria-live=\"polite\" aria-atomic=\"true\"><\/p> <ul><\/ul><\/div>\n<form action=\"\/sr\/wp-json\/wp\/v2\/pages\/1652#wpcf7-f1658-o1\" method=\"post\" class=\"wpcf7-form init\" aria-label=\"Contact form\" novalidate=\"novalidate\" data-status=\"init\">\n<div style=\"display: none;\">\n<input type=\"hidden\" name=\"_wpcf7\" value=\"1658\" \/>\n<input type=\"hidden\" name=\"_wpcf7_version\" value=\"5.8.6\" \/>\n<input type=\"hidden\" name=\"_wpcf7_locale\" value=\"sr_RS\" \/>\n<input type=\"hidden\" name=\"_wpcf7_unit_tag\" value=\"wpcf7-f1658-o1\" \/>\n<input type=\"hidden\" name=\"_wpcf7_container_post\" value=\"0\" \/>\n<input type=\"hidden\" name=\"_wpcf7_posted_data_hash\" value=\"\" \/>\n<\/div>\n<div class=\"contact-form\">\n\t<div class=\"contact-form-main\">\n\t\t<div class=\"left-contact\">\n\t\t\t<p><span class=\"wpcf7-form-control-wrap\" data-name=\"text-783\"><input size=\"40\" class=\"wpcf7-form-control wpcf7-text wpcf7-validates-as-required\" aria-required=\"true\" aria-invalid=\"false\" placeholder=\"Ime i prezime\" value=\"\" type=\"text\" name=\"text-783\" \/><\/span><br \/>\n<span class=\"wpcf7-form-control-wrap\" data-name=\"email-825\"><input size=\"40\" class=\"wpcf7-form-control wpcf7-email wpcf7-validates-as-required wpcf7-text wpcf7-validates-as-email\" aria-required=\"true\" aria-invalid=\"false\" placeholder=\"E-mail adresa\" value=\"\" type=\"email\" name=\"email-825\" \/><\/span><br \/>\n<span class=\"wpcf7-form-control-wrap\" data-name=\"text-784\"><input size=\"40\" class=\"wpcf7-form-control wpcf7-text wpcf7-validates-as-required\" aria-required=\"true\" aria-invalid=\"false\" placeholder=\"Tema poruke\" value=\"\" type=\"text\" name=\"text-784\" \/><\/span>\n\t\t\t<\/p>\n\t\t<\/div>\n\t\t<div class=\"right-contact\">\n\t\t\t<p><span class=\"wpcf7-form-control-wrap\" data-name=\"textarea-929\"><textarea cols=\"40\" rows=\"10\" class=\"wpcf7-form-control wpcf7-textarea\" aria-invalid=\"false\" placeholder=\"Tvoja poruka\" name=\"textarea-929\"><\/textarea><\/span>\n\t\t\t<\/p>\n\t\t<\/div>\n\t<\/div>\n\t<div class=\"contact-form-bottom\">\n\t\t<div class=\"contact-form-check\">\n\t\t\t<p><span class=\"wpcf7-form-control-wrap\" data-name=\"acceptance-220\"><span class=\"wpcf7-form-control wpcf7-acceptance\"><span class=\"wpcf7-list-item\"><label><input type=\"checkbox\" name=\"acceptance-220\" value=\"1\" aria-invalid=\"false\" \/><span class=\"wpcf7-list-item-label\">Saglasan\/saglasna sam da se prosle\u0111eni li\u010dni podaci upotrebljavaju, odnosno obra\u0111uju, u skladu s <a href=\"#\">pravilima privatnosti<\/span><\/label><\/span><\/span><\/span>\n\t\t\t<\/p>\n\t\t<\/div>\n\t\t<div>\n\t\t\t<p><button class=\"wpcf7-form-control wpcf7-submit has-spinner et_pb_button et_pb_bg_layout_light\" type=\"submit\" value=\"Po\u0161alji\">Po\u0161alji<\/button>\n\t\t\t<\/p>\n\t\t<\/div>\n\t<\/div>\n<\/div><p style=\"display: none !important;\" class=\"akismet-fields-container\" data-prefix=\"_wpcf7_ak_\"><label>&#916;<textarea name=\"_wpcf7_ak_hp_textarea\" cols=\"45\" rows=\"8\" maxlength=\"100\"><\/textarea><\/label><input type=\"hidden\" id=\"ak_js_1\" name=\"_wpcf7_ak_js\" value=\"41\"\/><script>document.getElementById( \"ak_js_1\" ).setAttribute( \"value\", ( new Date() ).getTime() );<\/script><\/p><div class=\"wpcf7-response-output\" aria-hidden=\"true\"><\/div>\n<\/form>\n<\/div>\n[\/et_pb_code][et_pb_blurb image_icon_background_color=&#8220;#FFFFFF&#8220; icon_placement=&#8220;left&#8220; image_icon_width=&#8220;100%&#8220; _builder_version=&#8220;4.23.4&#8243; _module_preset=&#8220;default&#8220; body_text_color=&#8220;#000000&#8243; body_font_size=&#8220;16px&#8220; body_link_font=&#8220;||||on|||#000000|&#8220; image_icon_custom_margin=&#8220;|26px|||false|false&#8220; image_icon_custom_padding=&#8220;8px|12px|8px|12px|true|true&#8220; text_orientation=&#8220;center&#8220; custom_padding=&#8220;0px||||false|false&#8220; border_radii_image=&#8220;on|100px|100px|100px|100px&#8220; global_colors_info=&#8220;{}&#8220;]<\/p>\n<p style=\"margin-top: 10px;\">Ima\u0161 reklamaciju? Pi\u0161i nam na <a href=\"mailto:product@boombox.eu\" style=\"color: black;\">product@boombox.eu<\/a><\/p>\n<p>[\/et_pb_blurb][\/et_pb_column][\/et_pb_row][\/et_pb_section]<\/p>\n","protected":false},"excerpt":{"rendered":"<p>Kontaktiraj nas Ima\u0161 pitanje ili mi\u0161ljenje koje \u017eeli\u0161 da podeli\u0161 sa nama?Radujemo se tvojoj poruci!\n<div class=\"wpcf7 no-js\" id=\"wpcf7-f1658-o2\" lang=\"sr-RS\" dir=\"ltr\">\n<div class=\"screen-reader-response\"><p role=\"status\" aria-live=\"polite\" aria-atomic=\"true\"><\/p> <ul><\/ul><\/div>\n<form action=\"\/sr\/wp-json\/wp\/v2\/pages\/1652#wpcf7-f1658-o2\" method=\"post\" class=\"wpcf7-form init\" aria-label=\"Contact form\" novalidate=\"novalidate\" data-status=\"init\">\n<div style=\"display: none;\">\n<input type=\"hidden\" name=\"_wpcf7\" value=\"1658\" \/>\n<input type=\"hidden\" name=\"_wpcf7_version\" value=\"5.8.6\" \/>\n<input type=\"hidden\" name=\"_wpcf7_locale\" value=\"sr_RS\" \/>\n<input type=\"hidden\" name=\"_wpcf7_unit_tag\" value=\"wpcf7-f1658-o2\" \/>\n<input type=\"hidden\" name=\"_wpcf7_container_post\" value=\"0\" \/>\n<input type=\"hidden\" name=\"_wpcf7_posted_data_hash\" value=\"\" \/>\n<\/div>\n<div class=\"contact-form\">\n\t<div class=\"contact-form-main\">\n\t\t<div class=\"left-contact\">\n\t\t\t<p><span class=\"wpcf7-form-control-wrap\" data-name=\"text-783\"><input size=\"40\" class=\"wpcf7-form-control wpcf7-text wpcf7-validates-as-required\" aria-required=\"true\" aria-invalid=\"false\" placeholder=\"Ime i prezime\" value=\"\" type=\"text\" name=\"text-783\" \/><\/span><br \/>\n<span class=\"wpcf7-form-control-wrap\" data-name=\"email-825\"><input size=\"40\" class=\"wpcf7-form-control wpcf7-email wpcf7-validates-as-required wpcf7-text wpcf7-validates-as-email\" aria-required=\"true\" aria-invalid=\"false\" placeholder=\"E-mail adresa\" value=\"\" type=\"email\" name=\"email-825\" \/><\/span><br \/>\n<span class=\"wpcf7-form-control-wrap\" data-name=\"text-784\"><input size=\"40\" class=\"wpcf7-form-control wpcf7-text wpcf7-validates-as-required\" aria-required=\"true\" aria-invalid=\"false\" placeholder=\"Tema poruke\" value=\"\" type=\"text\" name=\"text-784\" \/><\/span>\n\t\t\t<\/p>\n\t\t<\/div>\n\t\t<div class=\"right-contact\">\n\t\t\t<p><span class=\"wpcf7-form-control-wrap\" data-name=\"textarea-929\"><textarea cols=\"40\" rows=\"10\" class=\"wpcf7-form-control wpcf7-textarea\" aria-invalid=\"false\" placeholder=\"Tvoja poruka\" name=\"textarea-929\"><\/textarea><\/span>\n\t\t\t<\/p>\n\t\t<\/div>\n\t<\/div>\n\t<div class=\"contact-form-bottom\">\n\t\t<div class=\"contact-form-check\">\n\t\t\t<p><span class=\"wpcf7-form-control-wrap\" data-name=\"acceptance-220\"><span class=\"wpcf7-form-control wpcf7-acceptance\"><span class=\"wpcf7-list-item\"><label><input type=\"checkbox\" name=\"acceptance-220\" value=\"1\" aria-invalid=\"false\" \/><span class=\"wpcf7-list-item-label\">Saglasan\/saglasna sam da se prosle\u0111eni li\u010dni podaci upotrebljavaju, odnosno obra\u0111uju, u skladu s <a href=\"#\">pravilima privatnosti<\/span><\/label><\/span><\/span><\/span>\n\t\t\t<\/p>\n\t\t<\/div>\n\t\t<div>\n\t\t\t<p><button class=\"wpcf7-form-control wpcf7-submit has-spinner et_pb_button et_pb_bg_layout_light\" type=\"submit\" value=\"Po\u0161alji\">Po\u0161alji<\/button>\n\t\t\t<\/p>\n\t\t<\/div>\n\t<\/div>\n<\/div><p style=\"display: none !important;\" class=\"akismet-fields-container\" data-prefix=\"_wpcf7_ak_\"><label>&#916;<textarea name=\"_wpcf7_ak_hp_textarea\" cols=\"45\" rows=\"8\" maxlength=\"100\"><\/textarea><\/label><input type=\"hidden\" id=\"ak_js_2\" name=\"_wpcf7_ak_js\" value=\"177\"\/><script>document.getElementById( \"ak_js_2\" ).setAttribute( \"value\", ( new Date() ).getTime() );<\/script><\/p><div class=\"wpcf7-response-output\" aria-hidden=\"true\"><\/div>\n<\/form>\n<\/div>\nIma\u0161 reklamaciju? Pi\u0161i nam na product@boombox.eu<\/p>\n","protected":false},"author":1,"featured_media":0,"parent":0,"menu_order":0,"comment_status":"closed","ping_status":"closed","template":"","meta":{"_acf_changed":false,"_et_pb_use_builder":"on","_et_pb_old_content":"","_et_gb_content_width":"","footnotes":""},"class_list":["post-1652","page","type-page","status-publish","hentry"],"acf":[],"_links":{"self":[{"href":"https:\/\/boombox.eu\/sr\/wp-json\/wp\/v2\/pages\/1652","targetHints":{"allow":["GET"]}}],"collection":[{"href":"https:\/\/boombox.eu\/sr\/wp-json\/wp\/v2\/pages"}],"about":[{"href":"https:\/\/boombox.eu\/sr\/wp-json\/wp\/v2\/types\/page"}],"author":[{"embeddable":true,"href":"https:\/\/boombox.eu\/sr\/wp-json\/wp\/v2\/users\/1"}],"replies":[{"embeddable":true,"href":"https:\/\/boombox.eu\/sr\/wp-json\/wp\/v2\/comments?post=1652"}],"version-history":[{"count":10,"href":"https:\/\/boombox.eu\/sr\/wp-json\/wp\/v2\/pages\/1652\/revisions"}],"predecessor-version":[{"id":10605,"href":"https:\/\/boombox.eu\/sr\/wp-json\/wp\/v2\/pages\/1652\/revisions\/10605"}],"wp:attachment":[{"href":"https:\/\/boombox.eu\/sr\/wp-json\/wp\/v2\/media?parent=1652"}],"curies":[{"name":"wp","href":"https:\/\/api.w.org\/{rel}","templated":true}]}}