{"id":16111,"date":"2024-06-13T23:03:05","date_gmt":"2024-06-13T23:03:05","guid":{"rendered":"https:\/\/boombox.eu\/?page_id=16111"},"modified":"2024-12-09T12:01:40","modified_gmt":"2024-12-09T12:01:40","slug":"politika-kolacica","status":"publish","type":"page","link":"https:\/\/boombox.eu\/sr\/politika-kolacica\/","title":{"rendered":"Politika kola\u010di\u0107a"},"content":{"rendered":"<p>[et_pb_section fb_built=&#8220;1&#8243; admin_label=&#8220;section&#8220; _builder_version=&#8220;4.16&#8243; global_colors_info=&#8220;{}&#8220;][et_pb_row admin_label=&#8220;row&#8220; _builder_version=&#8220;4.16&#8243; background_size=&#8220;initial&#8220; background_position=&#8220;top_left&#8220; background_repeat=&#8220;repeat&#8220; global_colors_info=&#8220;{}&#8220;][et_pb_column type=&#8220;4_4&#8243; _builder_version=&#8220;4.16&#8243; custom_padding=&#8220;|||&#8220; global_colors_info=&#8220;{}&#8220; custom_padding__hover=&#8220;|||&#8220;][et_pb_text admin_label=&#8220;Text&#8220; _builder_version=&#8220;4.23.4&#8243; header_4_font=&#8220;Montserrat||||||||&#8220; background_size=&#8220;initial&#8220; background_position=&#8220;top_left&#8220; background_repeat=&#8220;repeat&#8220; hover_enabled=&#8220;0&#8243; global_colors_info=&#8220;{}&#8220; custom_css_main_element=&#8220;p {||  font-size: 18px !important;||  font-weight: 400 !important;||}&#8220; sticky_enabled=&#8220;0&#8243;]<\/p>\n<h1>Kola\u010di\u0107i<\/h1>\n<p>Minimalna koli\u010dina informacija (kola\u010di\u0107a) mora se sa\u010duvati na va\u0161em ra\u010dunaru kako bi internet stranica pravilno radila, lako se nadogra\u0111ivala i pobolj\u0161avala va\u0161e iskustvo pregledavanja. Vi\u0161e od 90% internet stranica koristi kola\u010di\u0107e, ali su prema propisima Evropske Unije obavezne da zatra\u017ee pristanak korisnika. Kori\u0161\u0107enjem ove internet stranice sla\u017eete se sa upotrebom kola\u010di\u0107a.<\/p>\n<p><span style=\"font-weight: 400;\">Me\u0111utim, ako ne prihvatite kori\u0161\u0107enje kola\u010di\u0107a, mo\u017eete nastaviti sa pregledanjem ove stranice, ali odre\u0111ene funkcije mo\u017eda ne\u0107e biti pravilno prikazane ili izvr\u0161ene.<\/span><\/p>\n<p>&nbsp;<\/p>\n<h4>Pravila kori\u0161\u0107enja kola\u010di\u0107a<\/h4>\n<p>Da bi internet stranica pravilno funkcionisala i nadogra\u0111ivala ili pobolj\u0161avala va\u0161e iskustvo prilikom pregledanja, na va\u0161em ra\u010dunaru mora se sa\u010duvati minimalna koli\u010dina informacija (kola\u010di\u0107i). Vi\u0161e od 90% internet stranica koristi kola\u010di\u0107e, ali prema pravilima Evropske unije za to moraju dobiti pristanak korisnika. Kori\u0161\u0107enjem ove internet stranice sla\u017eete se sa upotrebom kola\u010di\u0107a, a ako ih ne prihvatite, mo\u017eete i dalje pregledavati stranice, ali se pritom odre\u0111ene funkcije na internet stranici mo\u017eda ne\u0107e pravilno prikazati ili izvr\u0161iti.<\/p>\n<p>&nbsp;<\/p>\n<h4>\u0160ta je kola\u010di\u0107?<\/h4>\n<p>Kola\u010di\u0107 je informacija koju internet stranica (koju pose\u0107ujete) \u010duva na va\u0161em ra\u010dunaru. Kola\u010di\u0107i obi\u010dno \u010duvaju va\u0161e postavke za internet stranicu, kao \u0161to su, na primer, \u017eeljeni jezik ili adresa. Kasnije, kada ponovo otvorite tu internet stranicu, pretra\u017eiva\u010d vra\u0107a kola\u010di\u0107e koji pripadaju toj stranici. To joj omogu\u0107ava da prika\u017ee informacije prilago\u0111ene va\u0161im potrebama.<\/p>\n<p>Kola\u010di\u0107i mogu \u010duvati \u0161irok spektar informacija, uklju\u010duju\u0107i li\u010dne podatke (va\u0161e ime ili e-po\u0161tu). Ipak, te informacije mogu se \u010duvati samo uz va\u0161 pristanak \u2013 internet stranice ne mogu dobiti pristup informacijama ako vi niste odobrili, a ne mogu pristupiti ni drugim datotekama na va\u0161em ra\u010dunaru ili mobilnom ure\u0111aju. Zadane postavke \u010duvanja i slanja kola\u010di\u0107a vama nisu vidljive, ali mo\u017eete promeniti postavke pretra\u017eiva\u010da kako biste sami odabrali \u017eelite li da odobrite ili odbijete zahteve za \u010duvanje kola\u010di\u0107a, automatski obri\u0161ete sa\u010duvane kola\u010di\u0107e prilikom zatvaranja pretra\u017eiva\u010da i sli\u010dno.<\/p>\n<p>&nbsp;<\/p>\n<h4>Kako se odbijaju kola\u010di\u0107i?<\/h4>\n<p>Odbijanjem kola\u010di\u0107a odre\u0111ujete \u017eelite li da dozvolite \u010duvanje kola\u010di\u0107a na svom ra\u010dunaru ili mobilnom ure\u0111aju. Postavke kola\u010di\u0107a mogu se nadzirati i konfigurirati u va\u0161em pretra\u017eiva\u010du. Ako kola\u010di\u0107e ne prihvatite, mo\u017ee se dogoditi da ne\u0107ete mo\u0107i koristiti odre\u0111ene funkcije na internet stranici.<\/p>\n<p>&nbsp;<\/p>\n<h4>\u0160ta su privremeni kola\u010di\u0107i?<\/h4>\n<p>Privremeni kola\u010di\u0107i ili kola\u010di\u0107i sesije bri\u0161u se iz ra\u010dunara nakon \u0161to zatvorite pretra\u017eiva\u010d. Pomo\u0107u njih internet mesta \u010duvaju privremene podatke, na primer proizvode u korpi za kupovinu.<\/p>\n<p>&nbsp;<\/p>\n<h4>\u0160ta su trajni kola\u010di\u0107i?<\/h4>\n<p>Trajni ili sa\u010duvani kola\u010di\u0107i ostaju na ra\u010dunaru i nakon \u0161to ste zatvorili program pretra\u017eiva\u010da. Pomo\u0107u njih internet mesta \u010duvaju podatke kao \u0161to su korisni\u010dko ime i lozinka za prijavu, pa se ne morate prijavljivati svaki put kada posetite odre\u0111eno mesto. Trajni kola\u010di\u0107i osta\u0107e na ra\u010dunaru vi\u0161e dana, meseci ili \u010dak godina.<\/p>\n<p>&nbsp;<\/p>\n<h4>\u0160ta su kola\u010di\u0107i prve strane?<\/h4>\n<p>Kola\u010di\u0107i prve strane (vlastiti kola\u010di\u0107i) dolaze sa internet mesta koja korisnik pregledava i mogu biti trajni ili privremeni. Pomo\u0107u tih kola\u010di\u0107a internet mesta mogu \u010duvati podatke koje \u0107e ponovo upotrebiti kada ih korisnik slede\u0107i put poseti.<\/p>\n<p>&nbsp;<\/p>\n<h4>\u0160ta su kola\u010di\u0107i tre\u0107e strane?<\/h4>\n<p>Kola\u010di\u0107i tre\u0107e strane (drugi kola\u010di\u0107i) poti\u010du sa drugih, partnerskih internet mesta (na primer sko\u010dnih prozora ili drugih reklama), a nalaze se na internet mestu koje pregledavate. Pomo\u0107u tih kola\u010di\u0107a internet mesta mogu pratiti kori\u0161\u0107enje interneta u svrhu prodaje.<\/p>\n<p>&nbsp;<\/p>\n<h4>Da li ova internet stranica koristi kola\u010di\u0107e?<\/h4>\n<p>Da, s primarnim ciljem da vam na\u0161e internet stranice omogu\u0107e najbolje korisni\u010dko iskustvo.<\/p>\n<p>&nbsp;<\/p>\n<h4>Kakve kola\u010di\u0107e koristi ova internet stranica i za\u0161to?<\/h4>\n<p>Privremeni kola\u010di\u0107i ili kola\u010di\u0107i sesije (session cookies) su kola\u010di\u0107i koji isti\u010du (i automatski se bri\u0161u) kada zatvorite pretra\u017eiva\u010d. Mi koristimo privremene kola\u010di\u0107e kako bi korisnik dobio najbolje iskustvo pri kori\u0161\u0107enju na\u0161e stranice.<\/p>\n<p>Trajni ili sa\u010duvani kola\u010di\u0107i (persistent cookies) \u2013 njihov datum isteka obi\u010dno je daleko u budu\u0107nosti, tako da \u0107e ostati u va\u0161em pretra\u017eiva\u010du sve dok ne isteknu ili dok ih ru\u010dno ne obri\u0161ete. Mi koristimo trajne kola\u010di\u0107e kako bismo bolje razumeli navike na\u0161ih korisnika, \u010dime mo\u017eemo pobolj\u0161ati internet stranicu u zavisnosti od va\u0161ih navika. Na osnovu prikupljenih podataka nije mogu\u0107a identifikacija vas kao korisnika, a prikupljeni podaci koriste se isklju\u010divo u statisti\u010dke svrhe.<\/p>\n<p>&nbsp;<\/p>\n<h4>Postoje li na internet stranici kola\u010di\u0107i tre\u0107e strane?<\/h4>\n<p>Postoji vi\u0161e spolja\u0161njih servisa koji na ra\u010dunar korisnika \u010duvaju ograni\u010dene kola\u010di\u0107e. Te kola\u010di\u0107e nije postavila ova internet stranica, ali neki slu\u017ee za normalan rad odre\u0111enih funkcija koje korisnicima olak\u0161avaju pristup sadr\u017eaju. Stoga, informacije o za\u0161titi podataka s kojima ste upoznati ovde va\u017ee samo za ovu internet stranicu, a informacije o za\u0161titi podataka spolja\u0161njih servisa treba proveriti na njihovim zvani\u010dnim stranicama.<\/p>\n<p>&nbsp;<\/p>\n<p>Trenutno omogu\u0107ujemo:<\/p>\n<p>Merenje poseta<\/p>\n<p>Ova internet stranica koristi servise za merenje broja korisnika, i to Google Analytics. Na osnovu tako prikupljenih podataka nije mogu\u0107a identifikacija korisnika, a prikupljeni podaci koriste se isklju\u010divo u statisti\u010dke svrhe. Ako \u017eelite da spre\u010dite da navedeni servisi \u010duvaju kola\u010di\u0107e na va\u0161em ra\u010dunaru, za svaki servis mo\u017eete odbiti putem slede\u0107ih linkova:<\/p>\n<p>&nbsp;<\/p>\n<p>Google Analytics \u2013 https:\/\/tools.google.com\/dlpage\/gaoptout<\/p>\n<p>iProm &#8211; UID<\/p>\n<p>Dodatne informacije o odbijanju kola\u010di\u0107a<\/p>\n<p>Trenutno postoji vi\u0161e internet stranica za odbijanje \u010duvanja kola\u010di\u0107a za razli\u010dite servise.<\/p>\n<p>&nbsp;<\/p>\n<p>Vi\u0161e o tome mo\u017eete saznati putem slede\u0107ih linkova:<\/p>\n<p>&nbsp;<\/p>\n<p>http:\/\/www.allaboutcookies.org\/<\/p>\n<p>http:\/\/www.youronlinechoices.eu\/[\/et_pb_text][\/et_pb_column][\/et_pb_row][\/et_pb_section]<\/p>\n","protected":false},"excerpt":{"rendered":"<p>Kola\u010di\u0107i Minimalna koli\u010dina informacija (kola\u010di\u0107a) mora se sa\u010duvati na va\u0161em ra\u010dunaru kako bi internet stranica pravilno radila, lako se nadogra\u0111ivala i pobolj\u0161avala va\u0161e iskustvo pregledavanja. Vi\u0161e od 90% internet stranica koristi kola\u010di\u0107e, ali su prema propisima Evropske Unije obavezne da zatra\u017ee pristanak korisnika. Kori\u0161\u0107enjem ove internet stranice sla\u017eete se sa upotrebom kola\u010di\u0107a. Me\u0111utim, ako ne [&hellip;]<\/p>\n","protected":false},"author":1,"featured_media":0,"parent":0,"menu_order":0,"comment_status":"closed","ping_status":"closed","template":"","meta":{"_acf_changed":false,"_et_pb_use_builder":"on","_et_pb_old_content":"<h3>Kola\u010di\u0107i<\/h3>\r\nMinimalnu koli\u010dinu informacija (kola\u010di\u0107a) potrebno je pohraniti na va\u0161em ra\u010dunalu kako bi internetska stranica pravilno radila, lako se nadogra\u0111ivala i pobolj\u0161avala va\u0161e iskustvo pregledavanja. Vi\u0161e od 90% internetskih stranica upotrebljava kola\u010di\u0107e, ali su prema propisima Europske unije obvezne zatra\u017eiti privolu korisnika. Kori\u0161tenjem ove internetske stranice suglasni ste s uporabom kola\u010di\u0107a.\r\n\r\nMe\u0111utim, ako ne prihvatite uporabu kola\u010di\u0107a, mo\u017eete nastaviti s pregledavanjem ove stranice, ali odre\u0111ene se zna\u010dajke mo\u017eda ne\u0107e mo\u0107i pravilno prikazati ili izvesti.\r\n\r\n\u00a0\r\n<h4>Pravila uporabe kola\u010di\u0107a<\/h4>\r\nKako bi internet stranica pravilno funkcionirala te nadoga\u0111ivala ili pobolj\u0161avalo va\u0161e iskustvo prilikom pregledavanja, na va\u0161e ra\u010dunalo mora se spremiti minimalna koli\u010dina informacija (kola\u010di\u0107i). Vi\u0161e od 90 % internetskih stranica upotrebljava kola\u010di\u0107e, ali prema pravilima Europske unije za to moraju dobiti privolu korisnika. Kori\u0161tenjem ove internet stranice suglasni ste s upotrebom kola\u010di\u0107a, a ako ih ne prihvatite, mo\u017eete i dalje pregledavati stranice, ali se pritom odre\u0111ene funkcije na internet stranici mo\u017eda ne\u0107e pravilno prikazati ili izvr\u0161iti.\r\n\r\n\u00a0\r\n<h4>\u0160to je kola\u010di\u0107?<\/h4>\r\nKola\u010di\u0107 je informacija koju internet stranica (koju posje\u0107ujete) sprema na va\u0161e ra\u010dunalo. Kola\u010di\u0107i obi\u010dno spremaju va\u0161e postavke za internet stranicu, kao \u0161to su, primjerice, \u017eeljeni jezik ili adresa. Kasnije, kad ponovo otvorite tu internet stranicu, pretra\u017eiva\u010d vra\u0107a kola\u010di\u0107e koji pripadaju toj stranici. To joj omogu\u0107uje da prika\u017ee informacije prilago\u0111ene va\u0161im potrebama.\r\n\r\nKola\u010di\u0107i mogu spremati \u0161iroku paletu informacija, uklju\u010duju\u0107i osobne informacije (va\u0161e ime ili e-po\u0161tu). Unato\u010d tome, ta se informacija mo\u017ee spremiti samo u slu\u010daju va\u0161e privole u\u0107ite \u2013 internetske stranice ne mogu dobiti pristup informacijama ako ga vi niste odobrili, a ne mogu pristupiti ni drugim datotekama na va\u0161em ra\u010dunalu ili mobilnom ure\u0111aju. Zadane postavke spremanja i slanja kola\u010di\u0107a vama nisu vidljive, ali mo\u017eete izmijeniti svoje postavke pretra\u017eiva\u010da tako da sami odaberete \u017eelite li zahtjeve za spremanje kola\u010di\u0107a odobriti ili odbiti, automatski izbrisati spremljene kola\u010di\u0107e prilikom zatvaranja pretra\u017eiva\u010da i sli\u010dno.\r\n\r\n\u00a0\r\n<h4>Kako se odbijaju kola\u010di\u0107i?<\/h4>\r\nOdbijanjem kola\u010di\u0107a odre\u0111ujete \u017eelite li dopustiti spremanje kola\u010di\u0107a na svojem ra\u010dunalu ili mobilnom ure\u0111aju. Postavke kola\u010di\u0107a mogu se nadzirati i konfigurirati u va\u0161em pretra\u017eiva\u010du. Ako kola\u010di\u0107e ne prihvatite, mo\u017ee se dogoditi da ne\u0107ete mo\u0107i upotrebljavati odre\u0111ene funkcije na internet stranici.\r\n\r\n\u00a0\r\n<h4>\u0160to su privremeni kola\u010di\u0107i?<\/h4>\r\nPrivremeni kola\u010di\u0107i ili kola\u010di\u0107i sesije bri\u0161u se iz ra\u010dunala nakon \u0161to zatvorite pretra\u017eiva\u010d. Pomo\u0107u njih internetska mjesta spremaju privremene podatke, primjerice proizvode u ko\u0161arici za kupnju.\r\n\r\n\u00a0\r\n<h4>\u0160to su trajni kola\u010di\u0107i?<\/h4>\r\nTrajni ili spremljeni kola\u010di\u0107i ostaju na ra\u010dunalu i nakon \u0161to ste zatvorili program pretra\u017eiva\u010da. Pomo\u0107u njih internetska mjesta spremaju podatke kao \u0161to su korisni\u010dko ime i lozinka za prijavu, pa se ne morate prijaviti svaki put kada posjetite odre\u0111eno mjesto. Trajni kola\u010di\u0107i ostat \u0107e na ra\u010dunalu vi\u0161e dana, mjeseci ili \u010dak godina.\r\n\r\n\u00a0\r\n<h4>\u0160to su to kola\u010di\u0107i prve strane?<\/h4>\r\nKola\u010di\u0107i prve strane (vlastiti kola\u010di\u0107i) dolaze s intenretskih mjesta koja korisnik pregledava i mogu biti trajni ili privremeni. Pomo\u0107u tih kola\u010di\u0107a internetska mjesta mogu spremiti podatke koje \u0107e ponovo upotrijebiti kada ih korisnik sljede\u0107i put posjeti.\r\n\r\n\u00a0\r\n<h4>\u0160to su kola\u010di\u0107i tre\u0107e strane?<\/h4>\r\nKola\u010di\u0107i tre\u0107e strane (drugi kola\u010di\u0107i) potje\u010du s drugih, partnerskih internet mjesta (primjerice sko\u010dnih prozora ili drugih reklama), a nalaze se na internetskom mjestu koje pregledavate. Pomo\u0107u tih kola\u010di\u0107a internetska mjesta mogu pratiti upotrebu interneta u svrhu prodaje.\r\n\r\n\u00a0\r\n<h4>Upotrebljava li ova internetska stranica kola\u010di\u0107e?<\/h4>\r\nDa, s primarnim ciljem da vam na\u0161e internet stranice omogu\u0107e najbolje korisni\u010dko iskustvo.\r\n\r\n\u00a0\r\n<h4>Kakve kola\u010di\u0107e upotrebljava ova insternet stranica i za\u0161to?<\/h4>\r\nPrivremeni kola\u010di\u0107i ili kola\u010di\u0107i sesije (session cookies) kola\u010di\u0107i su koji istje\u010du (i automatski se bri\u0161u) kad zatvorite pretra\u017eiva\u010d. Mi upotrebljavamo privremene kola\u010di\u0107e kako bi korisnik dobio najbolje iskustvo pri uporabi na\u0161e stranice.\r\n\r\nTrajni ili spremljeni kola\u010di\u0107i (persistent cookies) \u2013 njihov datum isteka obi\u010dno je daleko u budu\u0107nosti, stoga \u0107e ostati u va\u0161em pretra\u017eiva\u010du sve dok ne isteknu ili dok ih ru\u010dno ne izbri\u0161ete. Mi upotrebljavamo trajne kola\u010di\u0107e kako bi bolje razumjeli navike na\u0161ih korisnika, \u010dime mo\u017eemo pobolj\u0161ati internetsku stranicu ovisno o va\u0161im navikama. Na temelju prikupljenih podataka nije mogu\u0107a identifikacija vas kao korisnika, a prikupljeni podatci upotrebljavaju se isklju\u010divo u statisti\u010dke svrhe.\r\n\r\n\u00a0\r\n\r\nPostoje li na internetskoj stranici kola\u010di\u0107i tre\u0107e strane?\r\n\r\nPostoji vi\u0161e vanjskih servisa koji na ra\u010dunalo korisnika spremaju ograni\u010dene kola\u010di\u0107e. Te kola\u010di\u0107e nije postavila ova internet stranica, ali neki slu\u017ee za normalan rad odre\u0111enih funkcija koje korisnicima olak\u0161avaju pristup sadr\u017eaju. Stoga informacije o za\u0161titi podataka s kojima ste upoznati ovdje vrijede samo za ovu internetsku stranicu, a informacije o za\u0161titi podataka vanjskih servisa treba provjeriti na njihovim slu\u017ebenim stranicama.\r\n\r\n\u00a0\r\n\r\nTrenuta\u010dno omogu\u0107ujemo:\r\n\r\nMjerenje posjeta\r\n\r\nOva intenret stranica upotrebljava servise za mjerenje broja korisnika, i to Google Analytics. Na temelju tako prikupljenih podataka nije mogu\u0107a identifikacija korisnika, a prikupljeni podatci upotrebljavaju se isklju\u010divo u statisti\u010dke svrhe. Ako \u017eelite sprije\u010diti da navedeni servisi spremaju kola\u010di\u0107e na va\u0161e ra\u010dunalo, za svaki ih servis mo\u017eete odbiti putem sljede\u0107ih poveznica:\r\n\r\n\u00a0\r\n\r\nGoogle Analytics \u2013 https:\/\/tools.google.com\/dlpage\/gaoptout\r\n\r\niProm - UID\r\n\r\nDodatne informacije o odbijanju kola\u010di\u0107a\r\n\r\nTrenuta\u010dno postoji vi\u0161e internetskih stranica za odbijanje spremanja kola\u010di\u0107a za razli\u010dite servise.\r\n\r\n\u00a0\r\n\r\nVi\u0161e o tome mo\u017eete saznati putem sljede\u0107ih poveznica:\r\n\r\n\u00a0\r\n\r\nhttp:\/\/www.allaboutcookies.org\/\r\n\r\nhttp:\/\/www.youronlinechoices.eu\/","_et_gb_content_width":"","footnotes":""},"class_list":["post-16111","page","type-page","status-publish","hentry"],"acf":[],"_links":{"self":[{"href":"https:\/\/boombox.eu\/sr\/wp-json\/wp\/v2\/pages\/16111","targetHints":{"allow":["GET"]}}],"collection":[{"href":"https:\/\/boombox.eu\/sr\/wp-json\/wp\/v2\/pages"}],"about":[{"href":"https:\/\/boombox.eu\/sr\/wp-json\/wp\/v2\/types\/page"}],"author":[{"embeddable":true,"href":"https:\/\/boombox.eu\/sr\/wp-json\/wp\/v2\/users\/1"}],"replies":[{"embeddable":true,"href":"https:\/\/boombox.eu\/sr\/wp-json\/wp\/v2\/comments?post=16111"}],"version-history":[{"count":10,"href":"https:\/\/boombox.eu\/sr\/wp-json\/wp\/v2\/pages\/16111\/revisions"}],"predecessor-version":[{"id":21765,"href":"https:\/\/boombox.eu\/sr\/wp-json\/wp\/v2\/pages\/16111\/revisions\/21765"}],"wp:attachment":[{"href":"https:\/\/boombox.eu\/sr\/wp-json\/wp\/v2\/media?parent=16111"}],"curies":[{"name":"wp","href":"https:\/\/api.w.org\/{rel}","templated":true}]}}