{"id":5110,"date":"2024-01-24T13:35:16","date_gmt":"2024-01-24T13:35:16","guid":{"rendered":"https:\/\/new.boombox.eu\/faq\/"},"modified":"2024-09-19T19:54:18","modified_gmt":"2024-09-19T19:54:18","slug":"faq","status":"publish","type":"page","link":"https:\/\/boombox.eu\/sq\/faq\/","title":{"rendered":"FAQ"},"content":{"rendered":"<p>[et_pb_section fb_built=&#8221;1&#8243; custom_padding_last_edited=&#8221;on|phone&#8221; _builder_version=&#8221;4.23.4&#8243; _module_preset=&#8221;default&#8221; background_color=&#8221;#efe6fe&#8221; custom_padding=&#8221;9vh||12vh||false|false&#8221; custom_padding_tablet=&#8221;15vh||12vh||false|false&#8221; custom_padding_phone=&#8221;3vh||3vh||false|false&#8221; global_colors_info=&#8221;{}&#8221;][et_pb_row _builder_version=&#8221;4.23.4&#8243; _module_preset=&#8221;default&#8221; width_tablet=&#8221;&#8221; width_phone=&#8221;90%&#8221; width_last_edited=&#8221;on|phone&#8221; global_colors_info=&#8221;{}&#8221;][et_pb_column type=&#8221;4_4&#8243; _builder_version=&#8221;4.23.4&#8243; _module_preset=&#8221;default&#8221; global_colors_info=&#8221;{}&#8221;][et_pb_text _builder_version=&#8221;4.23.4&#8243; _module_preset=&#8221;default&#8221; text_text_color=&#8221;#000000&#8243; text_font_size=&#8221;24px&#8221; text_line_height=&#8221;1.4em&#8221; header_font=&#8221;|700|||||||&#8221; header_text_align=&#8221;center&#8221; header_text_color=&#8221;#aa95db&#8221; header_font_size=&#8221;50px&#8221; text_orientation=&#8221;center&#8221; custom_padding=&#8221;||||false|false&#8221; text_font_size_tablet=&#8221;24px&#8221; text_font_size_phone=&#8221;18px&#8221; text_font_size_last_edited=&#8221;on|phone&#8221; header_font_size_tablet=&#8221;50px&#8221; header_font_size_phone=&#8221;32px&#8221; header_font_size_last_edited=&#8221;on|phone&#8221; header_line_height_tablet=&#8221;&#8221; header_line_height_phone=&#8221;&#8221; header_line_height_last_edited=&#8221;on|phone&#8221; global_colors_info=&#8221;{}&#8221;]<\/p>\n<h1>Pyetje t\u00eb b\u00ebra shpesh<\/h1>\n<p style=\"margin-top: 20px;\">Ke m\u00eb shum\u00eb pyetje rreth ofert\u00ebs Boom Box? Ndoshta je i interesuar p\u00ebr t\u00eb nj\u00ebjt\u00ebn gj\u00eb si t\u00eb tjer\u00ebt. Kontrollo n\u00ebse p\u00ebrgjigja \u00ebsht\u00eb e fshehur n\u00eb mesin e pyetjeve t\u00eb b\u00ebra m\u00eb s\u00eb shpeshti.<\/p>\n<p>[\/et_pb_text][\/et_pb_column][\/et_pb_row][et_pb_row custom_padding_last_edited=&#8221;on|phone&#8221; _builder_version=&#8221;4.23.4&#8243; _module_preset=&#8221;default&#8221; width_tablet=&#8221;&#8221; width_phone=&#8221;90%&#8221; width_last_edited=&#8221;on|phone&#8221; custom_padding=&#8221;0px||0px||true|false&#8221; custom_padding_tablet=&#8221;0px||0px||true|false&#8221; custom_padding_phone=&#8221;0px||0px||true|false&#8221; global_colors_info=&#8221;{}&#8221;][et_pb_column type=&#8221;4_4&#8243; _builder_version=&#8221;4.23.4&#8243; _module_preset=&#8221;default&#8221; global_colors_info=&#8221;{}&#8221;][et_pb_toggle title=&#8221;A jan\u00eb t\u00eb gjitha produktet Boom Box me baz\u00eb bimore?&#8221; open_toggle_text_color=&#8221;#784312&#8243; icon_color=&#8221;#ed9bad&#8221; toggle_icon=&#8221;&#x43;||divi||400&#8243; use_icon_font_size=&#8221;on&#8221; icon_font_size=&#8221;28px&#8221; open_icon_color=&#8221;#ed9bad&#8221; open_toggle_icon=&#8221;&#x42;||divi||400&#8243; open_use_icon_font_size=&#8221;on&#8221; open_icon_font_size=&#8221;28px&#8221; _builder_version=&#8221;4.23.4&#8243; _module_preset=&#8221;default&#8221; title_text_color=&#8221;#784312&#8243; title_level=&#8221;h4&#8243; title_font=&#8221;|700|||||||&#8221; title_text_align=&#8221;center&#8221; title_font_size=&#8221;35px&#8221; title_line_height=&#8221;1.3em&#8221; body_text_align=&#8221;justify&#8221; body_text_color=&#8221;#000000&#8243; body_line_height=&#8221;1.4em&#8221; background_color=&#8221;RGBA(255,255,255,0)&#8221; custom_margin=&#8221;||0px||false|false&#8221; custom_padding=&#8221;30px||40px||false|false&#8221; title_font_size_tablet=&#8221;30px&#8221; title_font_size_phone=&#8221;24px&#8221; title_font_size_last_edited=&#8221;on|phone&#8221; title_line_height_tablet=&#8221;1.2em&#8221; title_line_height_phone=&#8221;1.3em&#8221; title_line_height_last_edited=&#8221;on|phone&#8221; body_font_size_tablet=&#8221;18px&#8221; body_font_size_phone=&#8221;14px&#8221; body_font_size_last_edited=&#8221;on|phone&#8221; custom_css_toggle_content=&#8221;max-width: 720px;||margin: 0 auto;&#8221; border_width_all=&#8221;0px&#8221; border_width_bottom=&#8221;1px&#8221; border_color_bottom=&#8221;#000000&#8243; global_colors_info=&#8221;{}&#8221;]<\/p>\n<p>Po, t\u00eb gjitha produktet Boom Box jan\u00eb me baz\u00eb bimore dhe me certifikat\u00eb vegane.<\/p>\n<p>[\/et_pb_toggle][et_pb_toggle title=&#8221;\u00c7far\u00eb do t\u00eb thot\u00eb 100% me baz\u00eb bimore?&#8221; open_toggle_text_color=&#8221;#784312&#8243; icon_color=&#8221;#ed9bad&#8221; toggle_icon=&#8221;&#x43;||divi||400&#8243; use_icon_font_size=&#8221;on&#8221; icon_font_size=&#8221;28px&#8221; open_icon_color=&#8221;#ed9bad&#8221; open_toggle_icon=&#8221;&#x42;||divi||400&#8243; open_use_icon_font_size=&#8221;on&#8221; open_icon_font_size=&#8221;28px&#8221; _builder_version=&#8221;4.23.4&#8243; _module_preset=&#8221;default&#8221; title_text_color=&#8221;#784312&#8243; title_level=&#8221;h4&#8243; title_font=&#8221;|700|||||||&#8221; title_text_align=&#8221;center&#8221; title_font_size=&#8221;35px&#8221; title_line_height=&#8221;1.3em&#8221; body_text_align=&#8221;justify&#8221; body_text_color=&#8221;#000000&#8243; body_line_height=&#8221;1.4em&#8221; background_color=&#8221;RGBA(255,255,255,0)&#8221; custom_margin=&#8221;||0px||false|false&#8221; custom_padding=&#8221;30px||40px||false|false&#8221; hover_enabled=&#8221;0&#8243; title_font_size_tablet=&#8221;30px&#8221; title_font_size_phone=&#8221;24px&#8221; title_font_size_last_edited=&#8221;on|phone&#8221; title_line_height_tablet=&#8221;1.2em&#8221; title_line_height_phone=&#8221;1.3em&#8221; title_line_height_last_edited=&#8221;on|phone&#8221; body_font_size_tablet=&#8221;18px&#8221; body_font_size_phone=&#8221;14px&#8221; body_font_size_last_edited=&#8221;on|phone&#8221; custom_css_toggle_content=&#8221;max-width: 720px;||margin: 0 auto;&#8221; border_width_all=&#8221;0px&#8221; border_width_bottom=&#8221;1px&#8221; border_color_bottom=&#8221;#000000&#8243; global_colors_info=&#8221;{}&#8221; sticky_enabled=&#8221;0&#8243;]<\/p>\n<p>Produkti q\u00eb \u00ebsht\u00eb 100% me baz\u00eb bimore nuk p\u00ebrmban produkte ose p\u00ebrb\u00ebr\u00ebs me origjin\u00eb shtazore.<\/p>\n<p>[\/et_pb_toggle][et_pb_toggle title=&#8221;A n\u00ebnkupton t\u00eb zhvilluara me nutricionist\u00ebt q\u00eb nutricionist\u00ebt i prodhojn\u00eb ato?&#8221; open_toggle_text_color=&#8221;#784312&#8243; icon_color=&#8221;#ed9bad&#8221; toggle_icon=&#8221;&#x43;||divi||400&#8243; use_icon_font_size=&#8221;on&#8221; icon_font_size=&#8221;28px&#8221; open_icon_color=&#8221;#ed9bad&#8221; open_toggle_icon=&#8221;&#x42;||divi||400&#8243; open_use_icon_font_size=&#8221;on&#8221; open_icon_font_size=&#8221;28px&#8221; _builder_version=&#8221;4.23.4&#8243; _module_preset=&#8221;default&#8221; title_text_color=&#8221;#784312&#8243; title_level=&#8221;h4&#8243; title_font=&#8221;|700|||||||&#8221; title_text_align=&#8221;center&#8221; title_font_size=&#8221;35px&#8221; title_line_height=&#8221;1.3em&#8221; body_text_align=&#8221;justify&#8221; body_text_color=&#8221;#000000&#8243; body_line_height=&#8221;1.4em&#8221; background_color=&#8221;RGBA(255,255,255,0)&#8221; custom_margin=&#8221;||0px||false|false&#8221; custom_padding=&#8221;30px||40px||false|false&#8221; title_font_size_tablet=&#8221;30px&#8221; title_font_size_phone=&#8221;24px&#8221; title_font_size_last_edited=&#8221;on|phone&#8221; title_line_height_tablet=&#8221;1.2em&#8221; title_line_height_phone=&#8221;1.3em&#8221; title_line_height_last_edited=&#8221;on|phone&#8221; body_font_size_tablet=&#8221;18px&#8221; body_font_size_phone=&#8221;14px&#8221; body_font_size_last_edited=&#8221;on|phone&#8221; custom_css_toggle_content=&#8221;max-width: 720px;||margin: 0 auto;&#8221; border_width_all=&#8221;0px&#8221; border_width_bottom=&#8221;1px&#8221; border_color_bottom=&#8221;#000000&#8243; global_colors_info=&#8221;{}&#8221;]<\/p>\n<p>T\u00eb zhvilluara me nutricionist\u00ebt n\u00ebnkupton q\u00eb nutricionist\u00ebt e kualifikuar na kan\u00eb ndihmuar n\u00eb zhvillimin e produkteve q\u00eb jan\u00eb m\u00eb t\u00eb sh\u00ebndetshme p\u00ebr ty. Me ndihm\u00ebn e tyre kemi krijuar shujta t\u00eb sh\u00ebndetshme dhe t\u00eb shijshme me baz\u00eb t\u00ebrsh\u00ebre q\u00eb jan\u00eb pa sheqer t\u00eb shtuar, 100% me baz\u00eb bimore, pa aroma artificiale dhe shum\u00eb t\u00eb pasura me fibra.<\/p>\n<p>[\/et_pb_toggle][et_pb_toggle title=&#8221;A jan\u00eb produktet Boom Box pa sheqer?&#8221; open_toggle_text_color=&#8221;#784312&#8243; icon_color=&#8221;#ed9bad&#8221; toggle_icon=&#8221;&#x43;||divi||400&#8243; use_icon_font_size=&#8221;on&#8221; icon_font_size=&#8221;28px&#8221; open_icon_color=&#8221;#ed9bad&#8221; open_toggle_icon=&#8221;&#x42;||divi||400&#8243; open_use_icon_font_size=&#8221;on&#8221; open_icon_font_size=&#8221;28px&#8221; _builder_version=&#8221;4.23.4&#8243; _module_preset=&#8221;default&#8221; title_text_color=&#8221;#784312&#8243; title_level=&#8221;h4&#8243; title_font=&#8221;|700|||||||&#8221; title_text_align=&#8221;center&#8221; title_font_size=&#8221;35px&#8221; title_line_height=&#8221;1.3em&#8221; body_text_align=&#8221;justify&#8221; body_text_color=&#8221;#000000&#8243; body_line_height=&#8221;1.4em&#8221; background_color=&#8221;RGBA(255,255,255,0)&#8221; custom_margin=&#8221;||0px||false|false&#8221; custom_padding=&#8221;30px||40px||false|false&#8221; title_font_size_tablet=&#8221;30px&#8221; title_font_size_phone=&#8221;24px&#8221; title_font_size_last_edited=&#8221;on|phone&#8221; title_line_height_tablet=&#8221;1.2em&#8221; title_line_height_phone=&#8221;1.3em&#8221; title_line_height_last_edited=&#8221;on|phone&#8221; body_font_size_tablet=&#8221;18px&#8221; body_font_size_phone=&#8221;14px&#8221; body_font_size_last_edited=&#8221;on|phone&#8221; custom_css_toggle_content=&#8221;max-width: 720px;||margin: 0 auto;&#8221; border_width_all=&#8221;0px&#8221; border_width_bottom=&#8221;1px&#8221; border_color_bottom=&#8221;#000000&#8243; global_colors_info=&#8221;{}&#8221;]<\/p>\n<p>Produktet Boom Box p\u00ebrmbajn\u00eb sheqer t\u00eb pranish\u00ebm natyral nga t\u00ebrsh\u00ebra dhe frutat, poliole dhe prebiotik\u00eb nd\u00ebrsa nuk p\u00ebrmbajn\u00eb sheqer t\u00eb shtuar. Kjo i b\u00ebn ato p\u00ebrzgjedhje m\u00eb t\u00eb mir\u00eb ushqyese.<\/p>\n<p>[\/et_pb_toggle][et_pb_toggle title=&#8221;A mund t\u00eb kombinoj produktet Boom Box dhe t&#8217;i konsumoj ato?&#8221; open_toggle_text_color=&#8221;#784312&#8243; icon_color=&#8221;#ed9bad&#8221; toggle_icon=&#8221;&#x43;||divi||400&#8243; use_icon_font_size=&#8221;on&#8221; icon_font_size=&#8221;28px&#8221; open_icon_color=&#8221;#ed9bad&#8221; open_toggle_icon=&#8221;&#x42;||divi||400&#8243; open_use_icon_font_size=&#8221;on&#8221; open_icon_font_size=&#8221;28px&#8221; _builder_version=&#8221;4.23.4&#8243; _module_preset=&#8221;default&#8221; title_text_color=&#8221;#784312&#8243; title_level=&#8221;h4&#8243; title_font=&#8221;|700|||||||&#8221; title_text_align=&#8221;center&#8221; title_font_size=&#8221;35px&#8221; title_line_height=&#8221;1.3em&#8221; body_text_align=&#8221;justify&#8221; body_text_color=&#8221;#000000&#8243; body_line_height=&#8221;1.4em&#8221; background_color=&#8221;RGBA(255,255,255,0)&#8221; custom_margin=&#8221;||0px||false|false&#8221; custom_padding=&#8221;30px||40px||false|false&#8221; hover_enabled=&#8221;0&#8243; title_font_size_tablet=&#8221;30px&#8221; title_font_size_phone=&#8221;24px&#8221; title_font_size_last_edited=&#8221;on|phone&#8221; title_line_height_tablet=&#8221;1.2em&#8221; title_line_height_phone=&#8221;1.3em&#8221; title_line_height_last_edited=&#8221;on|phone&#8221; body_font_size_tablet=&#8221;18px&#8221; body_font_size_phone=&#8221;14px&#8221; body_font_size_last_edited=&#8221;on|phone&#8221; custom_css_toggle_content=&#8221;max-width: 720px;||margin: 0 auto;&#8221; border_width_all=&#8221;0px&#8221; border_width_bottom=&#8221;1px&#8221; border_color_bottom=&#8221;#000000&#8243; global_colors_info=&#8221;{}&#8221; sticky_enabled=&#8221;0&#8243;]<\/p>\n<p>Po! Si\u00e7 rekomandojm\u00eb n\u00eb pjes\u00ebn e pasme t\u00eb paketimit, t\u00eb gjitha produktet tona t\u00eb t\u00ebrsh\u00ebr\u00ebs shkojn\u00eb n\u00eb m\u00ebnyr\u00eb t\u00eb p\u00ebrsosur me t\u00eb gjitha produktet e tjera Boom Box, qull t\u00ebrsh\u00ebre, granola t\u00ebrsh\u00ebre dhe madje edhe me biskotat e t\u00ebrsh\u00ebr\u00ebs.<\/p>\n<p>[\/et_pb_toggle][\/et_pb_column][\/et_pb_row][\/et_pb_section]<\/p>\n","protected":false},"excerpt":{"rendered":"<p>Pyetje t\u00eb b\u00ebra shpesh Ke m\u00eb shum\u00eb pyetje rreth ofert\u00ebs Boom Box? Ndoshta je i interesuar p\u00ebr t\u00eb nj\u00ebjt\u00ebn gj\u00eb si t\u00eb tjer\u00ebt. Kontrollo n\u00ebse p\u00ebrgjigja \u00ebsht\u00eb e fshehur n\u00eb mesin e pyetjeve t\u00eb b\u00ebra m\u00eb s\u00eb shpeshti.Po, t\u00eb gjitha produktet Boom Box jan\u00eb me baz\u00eb bimore dhe me certifikat\u00eb vegane.Produkti q\u00eb \u00ebsht\u00eb 100% me [&hellip;]<\/p>\n","protected":false},"author":1,"featured_media":0,"parent":0,"menu_order":0,"comment_status":"closed","ping_status":"closed","template":"","meta":{"_acf_changed":false,"_et_pb_use_builder":"on","_et_pb_old_content":"","_et_gb_content_width":"","footnotes":""},"class_list":["post-5110","page","type-page","status-publish","hentry"],"acf":[],"_links":{"self":[{"href":"https:\/\/boombox.eu\/sq\/wp-json\/wp\/v2\/pages\/5110","targetHints":{"allow":["GET"]}}],"collection":[{"href":"https:\/\/boombox.eu\/sq\/wp-json\/wp\/v2\/pages"}],"about":[{"href":"https:\/\/boombox.eu\/sq\/wp-json\/wp\/v2\/types\/page"}],"author":[{"embeddable":true,"href":"https:\/\/boombox.eu\/sq\/wp-json\/wp\/v2\/users\/1"}],"replies":[{"embeddable":true,"href":"https:\/\/boombox.eu\/sq\/wp-json\/wp\/v2\/comments?post=5110"}],"version-history":[{"count":47,"href":"https:\/\/boombox.eu\/sq\/wp-json\/wp\/v2\/pages\/5110\/revisions"}],"predecessor-version":[{"id":19732,"href":"https:\/\/boombox.eu\/sq\/wp-json\/wp\/v2\/pages\/5110\/revisions\/19732"}],"wp:attachment":[{"href":"https:\/\/boombox.eu\/sq\/wp-json\/wp\/v2\/media?parent=5110"}],"curies":[{"name":"wp","href":"https:\/\/api.w.org\/{rel}","templated":true}]}}