{"id":21360,"date":"2024-06-25T12:39:15","date_gmt":"2024-06-25T12:39:15","guid":{"rendered":"https:\/\/boombox.eu\/politika-e-privatesise\/"},"modified":"2024-12-09T11:51:26","modified_gmt":"2024-12-09T11:51:26","slug":"politika-e-privatesise","status":"publish","type":"page","link":"https:\/\/boombox.eu\/sq\/politika-e-privatesise\/","title":{"rendered":"Politika e Privat\u00ebsis\u00eb"},"content":{"rendered":"<p>[et_pb_section fb_built=&#8221;1&#8243; admin_label=&#8221;section&#8221; _builder_version=&#8221;4.16&#8243; global_colors_info=&#8221;{}&#8221;][et_pb_row admin_label=&#8221;row&#8221; _builder_version=&#8221;4.16&#8243; background_size=&#8221;initial&#8221; background_position=&#8221;top_left&#8221; background_repeat=&#8221;repeat&#8221; global_colors_info=&#8221;{}&#8221;][et_pb_column type=&#8221;4_4&#8243; _builder_version=&#8221;4.16&#8243; custom_padding=&#8221;|||&#8221; global_colors_info=&#8221;{}&#8221; custom_padding__hover=&#8221;|||&#8221;][et_pb_text admin_label=&#8221;Text&#8221; _builder_version=&#8221;4.23.4&#8243; header_4_font=&#8221;Montserrat||||||||&#8221; background_size=&#8221;initial&#8221; background_position=&#8221;top_left&#8221; background_repeat=&#8221;repeat&#8221; hover_enabled=&#8221;0&#8243; global_colors_info=&#8221;{}&#8221; sticky_enabled=&#8221;0&#8243; text_font=&#8221;||||||||&#8221; custom_css_main_element=&#8221;p {||  font-size: 18px !important;||  font-weight: 400 !important;||}&#8221;]<\/p>\n<h1>Politika e Privat\u00ebsis\u00eb<\/h1>\n<p>Cedevita d.o.o. (n\u00eb vijim: Kompania ose ne) \u00ebsht\u00eb pjes\u00eb e sistemit t\u00eb biznesit t\u00eb Atlantic Grupa, ku jan\u00eb vendosur dhe zbatuar standarde t\u00eb larta t\u00eb menaxhimit t\u00eb korporatave dhe praktikave t\u00eb transparenc\u00ebs, t\u00eb cilat p\u00ebrfshijn\u00eb sjellje p\u00ebrgjegj\u00ebse, ligjore dhe etike nga t\u00eb gjitha subjektet ligjore brenda Atlantic Grupa, duke p\u00ebrfshir\u00eb respektimin e privat\u00ebsis\u00eb dhe mbrojtjen e t\u00eb dh\u00ebnave personale.<\/p>\n<p>Duke u udh\u00ebhequr nga k\u00ebto standarde, Kompania, si kontrolluese e t\u00eb dh\u00ebnave brenda sistemit t\u00eb biznesit t\u00eb Atlantic Grupa, mbledh dhe p\u00ebrpunon t\u00eb dh\u00ebnat personale n\u00eb m\u00ebnyr\u00eb ligjore, t\u00eb ndershme dhe transparente, n\u00eb p\u00ebrputhje me rregulloret n\u00eb fuqi, dhe merr masa teknike dhe organizative t\u00eb p\u00ebrshtatshme p\u00ebr t\u00eb mbrojtur t\u00eb dh\u00ebnat personale nga qasja dhe keqp\u00ebrdorimi i paautorizuar. Kompania \u00ebsht\u00eb e vet\u00ebdijshme se mbrojtja e t\u00eb dh\u00ebnave personale \u00ebsht\u00eb e r\u00ebnd\u00ebsishme p\u00ebr p\u00ebrdoruesit dhe respondent\u00ebt tan\u00eb. Prandaj, d\u00ebshirojm\u00eb t&#8217;ju informojm\u00eb se cilat t\u00eb dh\u00ebna personale mbledhim, si i menaxhojm\u00eb ato, dhe si kujdesemi p\u00ebr mbrojtjen e tyre.<\/p>\n<h4>Q\u00ebllimi, P\u00ebrmasat dhe Baza Ligjore e P\u00ebrpunimit<\/h4>\n<p>Ne mbledhim t\u00eb dh\u00ebna personale p\u00ebr q\u00ebllime t\u00eb ve\u00e7anta, t\u00eb qarta dhe legjitime, n\u00eb p\u00ebrmasat e nevojshme, dhe i p\u00ebrpunojm\u00eb ato n\u00eb p\u00ebrputhje me k\u00ebto q\u00ebllime. Kompania do t\u00eb mbledh\u00eb dhe p\u00ebrpunoj\u00eb t\u00eb dh\u00ebna personale vet\u00ebm kur lejohet nga ligji:<\/p>\n<p style=\"padding-left: 40px;\">\uf0a7 <span style=\"font-weight: 400;\">p\u00ebrpunimi \u00ebsht\u00eb i nevojsh\u00ebm p\u00ebr p\u00ebrmbushjen e obligimeve ligjore<\/span><br \/>\uf0a7 kur subjekti i t\u00eb dh\u00ebnave ka dh\u00ebn\u00eb p\u00eblqimin p\u00ebr p\u00ebrpunimin e t\u00eb dh\u00ebnave t\u00eb tij personale<br \/>\uf0a7 p\u00ebrpunimi \u00ebsht\u00eb i nevojsh\u00ebm p\u00ebr realizimin e nj\u00eb kontrate n\u00eb t\u00eb cil\u00ebn subjekti i t\u00eb dh\u00ebnave \u00ebsht\u00eb pal\u00eb ose p\u00ebr t\u00eb kryer veprime n\u00eb k\u00ebrkes\u00eb t\u00eb subjektit t\u00eb t\u00eb dh\u00ebnave para lidhjes s\u00eb kontrat\u00ebs<br \/>\uf0a7 p\u00ebrpunimi \u00ebsht\u00eb i nevojsh\u00ebm p\u00ebr t\u00eb mbrojtur interesat thelb\u00ebsore t\u00eb subjektit t\u00eb t\u00eb dh\u00ebnave ose t\u00eb nj\u00eb personi tjet\u00ebr<br \/>\uf0a7 p\u00ebrpunimi \u00ebsht\u00eb i nevojsh\u00ebm p\u00ebr nevoja t\u00eb interesave legjitime t\u00eb Kompanis\u00eb ose t\u00eb subjekteve t\u00eb lidhura<\/p>\n<h4>Mbledhja dhe P\u00ebrdorimi i T\u00eb Dh\u00ebnave Personale<\/h4>\n<p>T\u00eb dh\u00ebnat personale jan\u00eb informacione q\u00eb ju identifikojn\u00eb drejtp\u00ebrdrejt ose t\u00ebrthorazi, si emri, adresa e emailit, numri i telefonit, adresa IP, ose adresa postare. Kompania nuk mbledh t\u00eb dh\u00ebnat tuaja personale n\u00ebse nuk i jepni ato shprehimisht (p.sh., duke k\u00ebrkuar nj\u00eb produkt ose sh\u00ebrbim t\u00eb caktuar, duke lidhur nj\u00eb kontrat\u00eb, duke k\u00ebrkuar veprime t\u00eb caktuara para lidhjes s\u00eb kontrat\u00ebs, duke u regjistruar n\u00eb programe lojaliteti, duke u abonuar n\u00eb newsletter-e elektronike, duke marr\u00eb pjes\u00eb n\u00eb anketa, konkurse, dhe loj\u00ebra me \u00e7mime, duke k\u00ebrkuar mostra ose broshura, duke k\u00ebrkuar donacione, duke dor\u00ebzuar nj\u00eb CV ose nj\u00eb aplikim t\u00eb hapur, ose duke aplikuar p\u00ebr pozita t\u00eb hapura pune).<\/p>\n<p>Ne mbledhim, ruajm\u00eb, p\u00ebrdorim, ose transferojm\u00eb t\u00eb dh\u00ebnat tuaja personale n\u00eb mas\u00ebn\u2014si p\u00ebrmbajtjesore ashtu edhe kohore\u2014q\u00eb \u00ebsht\u00eb e nevojshme p\u00ebr nj\u00eb rast t\u00eb caktuar, p.sh., p\u00ebr t\u00eb p\u00ebrgjigjur k\u00ebrkesave tuaja, p\u00ebr t\u00eb p\u00ebrmbushur k\u00ebrkesat tuaja, p\u00ebr t\u2019ju informuar p\u00ebr produktet tona, p\u00ebr rezultatet e konkurseve ose loj\u00ebrave me \u00e7mime, p\u00ebr t\u00eb p\u00ebrmbushur obligimet kontraktuale ose veprimet e nevojshme para lidhjes s\u00eb kontrat\u00ebs, ose p\u00ebr t\u00eb p\u00ebrmbushur obligimet tona ligjore.<\/p>\n<p>P\u00ebr k\u00ebto arsye, ndonj\u00ebher\u00eb Kompania mund t\u00eb ket\u00eb nevoj\u00eb t\u00eb transferoj\u00eb t\u00eb dh\u00ebna personale te kompani t\u00eb tjera brenda Atlantic Grupa dhe subjekteve t\u00eb lidhura ose te ofrues t\u00eb jasht\u00ebm sh\u00ebrbimesh p\u00ebr p\u00ebrpunim t\u00eb m\u00ebtejsh\u00ebm. Ofruesit e sh\u00ebrbimeve mund t\u00eb angazhohen, p\u00ebr shembull, n\u00eb sh\u00ebrbime qendrash thirrjeje, d\u00ebrgimin e produkteve, shp\u00ebrndarjen e materialeve promocionale, ose organizimin dhe zhvillimin e loj\u00ebrave me \u00e7mime. Kompania k\u00ebrkon q\u00eb k\u00ebto pal\u00eb t\u00eb respektojn\u00eb ligjet e aplicueshme, t\u00eb ndjekin udh\u00ebzimet tona, dhe t\u00eb respektojn\u00eb rregullat tona t\u00eb brendshme p\u00ebr mbrojtjen e t\u00eb dh\u00ebnave personale, si dhe k\u00ebrkesat p\u00ebr zbatimin e masave adekuate organizative dhe teknike p\u00ebr mbrojtjen e t\u00eb dh\u00ebnave personale.<\/p>\n<p>Kompania garanton se nuk do t\u00eb shes\u00eb t\u00eb dh\u00ebnat tuaja personale, as nuk do t\u2019i ndaj\u00eb ose huazoj\u00eb ato te pal\u00eb t\u00eb treta p\u00ebrve\u00e7se \u00ebsht\u00eb e nevojshme p\u00ebr t\u00eb p\u00ebrmbushur nj\u00eb q\u00ebllim t\u00eb caktuar p\u00ebr t\u00eb cilin ju i keni dh\u00ebn\u00eb ato. Kompania gjithashtu garanton se t\u00eb dh\u00ebnat tuaja nuk do t\u2019u jepen asnj\u00eb marr\u00ebsi t\u00eb paautorizuar. Mund t\u00eb jet\u00eb e nevojshme q\u00eb t\u00eb dh\u00ebnat tuaja personale t&#8217;i dor\u00ebzohen autoriteteve publike kompetente n\u00ebse ligji ose ndonj\u00eb akt tjet\u00ebr i detyruesh\u00ebm e k\u00ebrkon k\u00ebt\u00eb. T\u00eb dh\u00ebnat e mbledhura do t\u00eb ruhen p\u00ebr aq koh\u00eb sa \u00ebsht\u00eb e nevojshme n\u00eb lidhje me q\u00ebllimin p\u00ebr t\u00eb cilin jan\u00eb mbledhur ose n\u00eb p\u00ebrputhje me rregulloret n\u00eb fuqi.<\/p>\n<h4>P\u00ebrdorimi i T\u00eb Dh\u00ebnave Personale p\u00ebr Q\u00ebllime Reklamimi dhe Marketingu<\/h4>\n<p>Kur t\u00eb dh\u00ebnat tuaja personale p\u00ebrdoren p\u00ebr q\u00ebllime reklamimi dhe marketingu, n\u00eb p\u00ebrputhje me ligjet e aplicueshme n\u00eb fush\u00ebn e mbrojtjes s\u00eb t\u00eb dh\u00ebnave personale, ato do t\u00eb ruhen dhe do t\u00eb p\u00ebrdoren p\u00ebr k\u00ebto q\u00ebllime, p.sh., p\u00ebr d\u00ebrgimin e newsletter-eve, mostrave t\u00eb produkteve, ftesave p\u00ebr t\u00eb marr\u00eb pjes\u00eb n\u00eb konkurse dhe loj\u00ebra me \u00e7mime, p\u00ebrmes emailit ose post\u00ebs ose kanaleve t\u00eb tjera t\u00eb komunikimit q\u00eb keni pranuar.<\/p>\n<p>N\u00ebse t\u00eb dh\u00ebnat tuaja personale do t\u00eb p\u00ebrdoren p\u00ebr d\u00ebrgimin e reklamave dhe promovimeve t\u00eb personalizuara p\u00ebrmes krijimit dhe mbajtjes s\u00eb nj\u00eb profili p\u00ebrdoruesi, do t\u2019ju informojm\u00eb paraprakisht, para d\u00ebrgimit t\u00eb k\u00ebtyre reklamave dhe promovimeve, dhe sigurisht do t\u00eb k\u00ebrkojm\u00eb p\u00eblqimin tuaj t\u00eb ve\u00e7ant\u00eb, t\u00eb shprehur dhe t\u00eb informuar para k\u00ebtij lloji t\u00eb p\u00ebrpunimit t\u00eb t\u00eb dh\u00ebnave personale.<\/p>\n<p>Ne mund t\u00eb p\u00ebrdorim t\u00eb dh\u00ebnat tuaja p\u00ebr t\u00eb analizuar dhe p\u00ebrmir\u00ebsuar efikasitetin e sh\u00ebrbimeve tona n\u00eb internet, reklamave, marketingut, k\u00ebrkimeve t\u00eb tregut dhe p\u00ebrpjekjeve p\u00ebr shitje, p\u00ebrmes anketimeve ose llojeve t\u00eb tjera t\u00eb pyetjeve, ose n\u00eb nj\u00eb m\u00ebnyr\u00eb q\u00eb siguron q\u00eb t\u00eb dh\u00ebnat tuaja personale t\u00eb anonimizohen, dmth, t\u00eb mos mund t\u00eb lidhen me individ\u00eb.<\/p>\n<h4>Realizimi i T\u00eb Drejtave t\u00eb Subjekteve t\u00eb T\u00eb Dh\u00ebnave<\/h4>\n<p>N\u00eb \u00e7do moment, ju keni t\u00eb drejt\u00ebn t\u00eb k\u00ebrkoni informacion n\u00eb lidhje me t\u00eb dh\u00ebnat tuaja personale q\u00eb ne p\u00ebrpunojm\u00eb ose t\u00eb k\u00ebrkoni rregullimin e tyre, t\u00eb k\u00ebrkoni ndalimin e p\u00ebrdorimit t\u00eb tyre ose fshirjen e t\u00eb dh\u00ebnave tuaja personale, ose t\u00eb t\u00ebrhiqni p\u00eblqimin p\u00ebr t\u00eb gjitha ose disa q\u00ebllime (p\u00ebrve\u00e7 rasteve kur nuk \u00ebsht\u00eb e mundur, p.sh., n\u00eb rastin e p\u00ebrpunimit t\u00eb t\u00eb dh\u00ebnave p\u00ebr q\u00ebllime statistikore ku t\u00eb dh\u00ebnat personale nuk mund t\u00eb lidhen m\u00eb me nj\u00eb individ), ose t\u00eb k\u00ebrkoni transferimin e t\u00eb dh\u00ebnave te nj\u00eb kontrollues tjet\u00ebr t\u00eb dh\u00ebnash sipas kushteve ligjore ose t\u00eb anuloni marrjen e materialeve tona informacioni dhe promocionale.<\/p>\n<p>Ju gjithashtu mund t\u00eb kund\u00ebrshtoni p\u00ebrdorimin e t\u00eb dh\u00ebnave tuaja personale n\u00eb situatat t\u00eb bazuara n\u00eb interesin ton\u00eb legjitim, dhe sigurisht kur i p\u00ebrdorim ato p\u00ebr q\u00ebllime marketingu t\u00eb drejtp\u00ebrdrejt\u00eb. Nga ana jon\u00eb, do t\u00eb b\u00ebjm\u00eb p\u00ebrpjekje t\u00eb arsyeshme p\u00ebr t\u00eb siguruar q\u00eb t\u00eb dh\u00ebnat tuaja personale q\u00eb na keni dh\u00ebn\u00eb jan\u00eb regjistruar sakt\u00eb, por p\u00ebrgjegj\u00ebsia p\u00ebr sakt\u00ebsin\u00eb e tyre u takon juve, dhe ju lutemi q\u00eb t\u2019i p\u00ebrdit\u00ebsoni ato rregullisht dhe n\u00eb koh\u00eb, ose t\u00eb na d\u00ebrgoni nj\u00eb k\u00ebrkes\u00eb p\u00ebr ndryshime ose rregullime.<\/p>\n<p>P\u00ebr t\u00eb realizuar t\u00eb gjitha t\u00eb drejtat dhe obligimet tuaja n\u00eb lidhje me p\u00ebrdorimin e t\u00eb dh\u00ebnave personale, ju mund t\u00eb kontaktoni me adres\u00ebn e emailit ose adres\u00ebn e selis\u00eb s\u00eb Kompanis\u00eb t\u00eb dh\u00ebn\u00eb n\u00eb faqen e internetit ose me adres\u00ebn e emailit: dpo@atlanticgrupa.com, ose si\u00e7 \u00ebsht\u00eb e treguar n\u00eb materialet promocionale t\u00eb dh\u00ebna. Pas kontaktit dhe paraqitjes s\u00eb k\u00ebrkesave t\u00eb m\u00ebsip\u00ebrme, do t\u00eb b\u00ebjm\u00eb p\u00ebrpjekje t\u00eb arsyeshme p\u00ebr t\u00eb konfirmuar identitetin tuaj dhe p\u00ebr t\u00eb parandaluar p\u00ebrpunimin e paautorizuar t\u00eb t\u00eb dh\u00ebnave personale. Pas marrjes s\u00eb k\u00ebrkesave tuaja, do t\u00eb realizojm\u00eb veprimin e k\u00ebrkuar brenda nj\u00eb periudhe t\u00eb arsyeshme, dhe jo m\u00eb von\u00eb se 30 dit\u00eb nga marrja e k\u00ebrkes\u00ebs.<\/p>\n<p>N\u00eb p\u00ebrputhje me ligjet n\u00eb fuqi, ne rezervojm\u00eb t\u00eb drejt\u00ebn t\u2019ju ngarkojm\u00eb p\u00ebr kostot e shkaktuara gjat\u00eb p\u00ebrpunimit t\u00eb k\u00ebrkes\u00ebs tuaj n\u00ebse k\u00ebrkesa \u00ebsht\u00eb qart\u00eb e paarsyeshme ose p\u00ebrs\u00ebrit\u00ebse n\u00eb m\u00ebnyr\u00eb t\u00eb tepruar, ve\u00e7an\u00ebrisht n\u00ebse i p\u00ebrket k\u00ebrkesave t\u00eb p\u00ebrs\u00ebritura p\u00ebr t\u00eb cilat \u00ebsht\u00eb dh\u00ebn\u00eb tashm\u00eb nj\u00eb p\u00ebrgjigje.<\/p>\n<h4>F\u00ebmij\u00ebt<\/h4>\n<p>N\u00eb p\u00ebrgjith\u00ebsi, ne nuk mbledhim t\u00eb dh\u00ebna p\u00ebr f\u00ebmij\u00ebt. N\u00ebse konstatojm\u00eb se t\u00eb tilla t\u00eb dh\u00ebna na jan\u00eb transmetuar pa p\u00eblqimin e prind\u00ebrve ose kujdestar\u00ebve ligjor\u00eb, do t\u2019i fshijm\u00eb ato sa m\u00eb shpejt t\u00eb jet\u00eb e mundur. N\u00eb k\u00ebt\u00eb rast, do t\u00eb veprojm\u00eb n\u00eb p\u00ebrputhje me udh\u00ebzimet q\u00eb kemi marr\u00eb nga ju si prind\u00ebr ose kujdestar\u00eb ligjor\u00eb.<br \/>N\u00ebse p\u00ebr ndonj\u00eb q\u00ebllim mbledhim t\u00eb dh\u00ebna p\u00ebr f\u00ebmij\u00ebt q\u00eb jan\u00eb n\u00eb mosh\u00eb p\u00ebr t\u00eb cil\u00ebn ligjet n\u00eb fuqi k\u00ebrkojn\u00eb p\u00eblqimin e prind\u00ebrve p\u00ebr p\u00ebrpunimin e t\u00eb dh\u00ebnave t\u00eb tyre personale, ne do t\u00eb japim informacionin p\u00ebrkat\u00ebs dhe do t\u00eb marrim masa t\u00eb arsyeshme p\u00ebr t\u00eb siguruar q\u00eb f\u00ebmij\u00ebt kan\u00eb p\u00eblqimin e prind\u00ebrve ose kujdestarit ligjor.<\/p>\n<h4>Siguria e T\u00eb Dh\u00ebnave Personale<\/h4>\n<p>P\u00ebr t\u00eb mbrojtur t\u00eb dh\u00ebnat tuaja personale, ne marrim t\u00eb gjitha masat teknike dhe organizative t\u00eb arsyeshme. Duke marr\u00eb parasysh specifikat e p\u00ebrpunimit dhe teknologjin\u00eb n\u00eb dispozicion, ne organizojm\u00eb dhe kontrollojm\u00eb proceset p\u00ebr t\u00eb minimizuar rrezikun e qasjes ose p\u00ebrpunimit t\u00eb paautorizuar t\u00eb t\u00eb dh\u00ebnave tuaja personale, humbjes, shkat\u00ebrrimit, ose keqp\u00ebrdorimit t\u00eb tyre.<\/p>\n<h4>Qasja, Rishikimi dhe Ndryshimet<\/h4>\n<p>Politika e privat\u00ebsis\u00eb mund t\u00eb ndryshoj\u00eb nga koha n\u00eb koh\u00eb, n\u00eb baz\u00eb t\u00eb ndryshimeve n\u00eb ligjet e aplikueshme ose praktikave t\u00eb biznesit t\u00eb Kompanis\u00eb, prandaj rekomandojm\u00eb q\u00eb ta rishikoni at\u00eb rregullisht p\u00ebr t\u00eb qen\u00eb t\u00eb informuar p\u00ebr ndonj\u00eb ndryshim potencial. N\u00eb rast t\u00eb ndryshimeve t\u00eb r\u00ebnd\u00ebsishme, ne do t\u2019ju njoftojm\u00eb p\u00ebrmes emailit ose n\u00eb faqen ton\u00eb t\u00eb internetit.<\/p>\n<p>[\/et_pb_text][\/et_pb_column][\/et_pb_row][\/et_pb_section]<\/p>\n","protected":false},"excerpt":{"rendered":"<p>Politika e Privat\u00ebsis\u00eb Cedevita d.o.o. (n\u00eb vijim: Kompania ose ne) \u00ebsht\u00eb pjes\u00eb e sistemit t\u00eb biznesit t\u00eb Atlantic Grupa, ku jan\u00eb vendosur dhe zbatuar standarde t\u00eb larta t\u00eb menaxhimit t\u00eb korporatave dhe praktikave t\u00eb transparenc\u00ebs, t\u00eb cilat p\u00ebrfshijn\u00eb sjellje p\u00ebrgjegj\u00ebse, ligjore dhe etike nga t\u00eb gjitha subjektet ligjore brenda Atlantic Grupa, duke p\u00ebrfshir\u00eb respektimin e [&hellip;]<\/p>\n","protected":false},"author":1,"featured_media":0,"parent":0,"menu_order":0,"comment_status":"closed","ping_status":"closed","template":"","meta":{"_acf_changed":false,"_et_pb_use_builder":"on","_et_pb_old_content":"","_et_gb_content_width":"","footnotes":""},"class_list":["post-21360","page","type-page","status-publish","hentry"],"acf":[],"_links":{"self":[{"href":"https:\/\/boombox.eu\/sq\/wp-json\/wp\/v2\/pages\/21360","targetHints":{"allow":["GET"]}}],"collection":[{"href":"https:\/\/boombox.eu\/sq\/wp-json\/wp\/v2\/pages"}],"about":[{"href":"https:\/\/boombox.eu\/sq\/wp-json\/wp\/v2\/types\/page"}],"author":[{"embeddable":true,"href":"https:\/\/boombox.eu\/sq\/wp-json\/wp\/v2\/users\/1"}],"replies":[{"embeddable":true,"href":"https:\/\/boombox.eu\/sq\/wp-json\/wp\/v2\/comments?post=21360"}],"version-history":[{"count":5,"href":"https:\/\/boombox.eu\/sq\/wp-json\/wp\/v2\/pages\/21360\/revisions"}],"predecessor-version":[{"id":21760,"href":"https:\/\/boombox.eu\/sq\/wp-json\/wp\/v2\/pages\/21360\/revisions\/21760"}],"wp:attachment":[{"href":"https:\/\/boombox.eu\/sq\/wp-json\/wp\/v2\/media?parent=21360"}],"curies":[{"name":"wp","href":"https:\/\/api.w.org\/{rel}","templated":true}]}}