{"id":21337,"date":"2024-06-13T23:03:05","date_gmt":"2024-06-13T23:03:05","guid":{"rendered":"https:\/\/boombox.eu\/biskotat\/"},"modified":"2024-12-09T12:50:04","modified_gmt":"2024-12-09T12:50:04","slug":"biskotat","status":"publish","type":"page","link":"https:\/\/boombox.eu\/sq\/biskotat\/","title":{"rendered":"Politika e Biskota"},"content":{"rendered":"<p>[et_pb_section fb_built=&#8221;1&#8243; admin_label=&#8221;section&#8221; _builder_version=&#8221;4.16&#8243; global_colors_info=&#8221;{}&#8221;][et_pb_row admin_label=&#8221;row&#8221; _builder_version=&#8221;4.16&#8243; background_size=&#8221;initial&#8221; background_position=&#8221;top_left&#8221; background_repeat=&#8221;repeat&#8221; global_colors_info=&#8221;{}&#8221;][et_pb_column type=&#8221;4_4&#8243; _builder_version=&#8221;4.16&#8243; custom_padding=&#8221;|||&#8221; global_colors_info=&#8221;{}&#8221; custom_padding__hover=&#8221;|||&#8221;][et_pb_text admin_label=&#8221;Text&#8221; _builder_version=&#8221;4.23.4&#8243; header_4_font=&#8221;Montserrat||||||||&#8221; background_size=&#8221;initial&#8221; background_position=&#8221;top_left&#8221; background_repeat=&#8221;repeat&#8221; hover_enabled=&#8221;0&#8243; global_colors_info=&#8221;{}&#8221; custom_css_main_element=&#8221;p {||  font-size: 18px !important;||  font-weight: 400 !important;||}&#8221; sticky_enabled=&#8221;0&#8243;]<\/p>\n<h1>Biskotat<\/h1>\n<p>Nj\u00eb sasi minimale informacioni (biskotash) duhet t\u00eb ruhet n\u00eb kompjuterin tuaj q\u00eb faqja e internetit t\u00eb funksionoj\u00eb si\u00e7 duhet, t\u00eb p\u00ebrmir\u00ebsohet leht\u00ebsisht dhe t\u00eb p\u00ebrmir\u00ebsoj\u00eb p\u00ebrvoj\u00ebn tuaj t\u00eb shfletimit. M\u00eb shum\u00eb se 90% e faqeve t\u00eb internetit p\u00ebrdorin biskota, por sipas rregulloreve t\u00eb Bashkimit Evropian, ato jan\u00eb t\u00eb detyruara t\u00eb k\u00ebrkojn\u00eb miratimin e p\u00ebrdoruesit. Duke p\u00ebrdorur k\u00ebt\u00eb faqe interneti, jeni dakord me p\u00ebrdorimin e biskotave.<\/p>\n<p>Megjithat\u00eb, n\u00ebse nuk pranoni p\u00ebrdorimin e biskotave, mund t\u00eb vazhdoni t\u00eb shfletoni k\u00ebt\u00eb faqe, por disa funksione mund t\u00eb mos shfaqen ose funksionojn\u00eb si\u00e7 duhet.<\/p>\n<p>&nbsp;<\/p>\n<h4>Rregullat e p\u00ebrdorimit t\u00eb biskotave<\/h4>\n<p>P\u00ebr t\u00eb funksionuar si\u00e7 duhet dhe p\u00ebr t\u00eb p\u00ebrmir\u00ebsuar p\u00ebrvoj\u00ebn tuaj t\u00eb shfletimit, faqja e internetit duhet t\u00eb ruaj\u00eb nj\u00eb sasi minimale informacioni (biskotash) n\u00eb kompjuterin tuaj. M\u00eb shum\u00eb se 90% e faqeve t\u00eb internetit p\u00ebrdorin biskota, por sipas rregullave t\u00eb Bashkimit Evropian, ato duhet t\u00eb marrin miratimin e p\u00ebrdoruesit. Duke p\u00ebrdorur k\u00ebt\u00eb faqe interneti, jeni dakord me p\u00ebrdorimin e biskotave. N\u00ebse nuk i pranoni, mund t\u00eb vazhdoni t\u00eb shfletoni, por disa funksione mund t\u00eb mos shfaqen ose funksionojn\u00eb si\u00e7 duhet.<\/p>\n<h4>\u00c7far\u00eb \u00ebsht\u00eb biskota?<\/h4>\n<p>Biskota \u00ebsht\u00eb informacioni q\u00eb nj\u00eb faqe interneti (q\u00eb vizitoni) ruan n\u00eb kompjuterin tuaj. Biskotat zakonisht ruajn\u00eb cil\u00ebsimet tuaja p\u00ebr faqen e internetit, si\u00e7 jan\u00eb, p\u00ebr shembull, gjuha e preferuar ose adresa. M\u00eb von\u00eb, kur t\u00eb hapni p\u00ebrs\u00ebri k\u00ebt\u00eb faqe, shfletuesi kthen biskotat q\u00eb i p\u00ebrkasin asaj faqe. Kjo i lejon asaj t\u00eb shfaq\u00eb informacionet e p\u00ebrshtatura p\u00ebr nevojat tuaja.<\/p>\n<p>Biskotat mund t\u00eb ruajn\u00eb nj\u00eb gam\u00eb t\u00eb gjer\u00eb informacioni, p\u00ebrfshir\u00eb informacionin personal (emrin ose e-mailin tuaj). Megjithat\u00eb, ky informacion mund t\u00eb ruhet vet\u00ebm n\u00eb rastin e miratimit tuaj \u2013 faqet e internetit nuk mund t\u00eb ken\u00eb qasje n\u00eb informacionet n\u00ebse nuk e keni miratuar, dhe as nuk mund t\u00eb qasen n\u00eb skedar\u00eb t\u00eb tjer\u00eb n\u00eb kompjuterin tuaj ose pajisjen mobile. Cil\u00ebsimet e paracaktuara t\u00eb ruajtjes dhe d\u00ebrgimit t\u00eb biskotave nuk jan\u00eb t\u00eb dukshme p\u00ebr ju, por mund t\u00eb modifikoni cil\u00ebsimet e shfletuesit tuaj p\u00ebr t\u00eb zgjedhur n\u00ebse d\u00ebshironi t\u00eb lejoni k\u00ebrkesat p\u00ebr ruajtjen e biskotave, t\u00eb hiqni automatikisht biskotat e ruajtura kur t\u00eb mbyllni shfletuesin dhe t\u00eb ngjashme.<\/p>\n<h4>Si t\u00eb refuzoni biskotat?<\/h4>\n<p>Duke refuzuar biskotat, p\u00ebrcaktoni n\u00ebse d\u00ebshironi t\u00eb lejoni ruajtjen e biskotave n\u00eb kompjuterin ose pajisjen tuaj mobile. Cil\u00ebsimet e biskotave mund t\u00eb monitorohen dhe konfigurohen n\u00eb shfletuesin tuaj. N\u00ebse nuk i pranoni biskotat, ndoshta nuk do t\u00eb jeni n\u00eb gjendje t\u00eb p\u00ebrdorni disa funksione n\u00eb faqen e internetit.<\/p>\n<h4>\u00c7far\u00eb jan\u00eb biskotat e p\u00ebrkohshme?<\/h4>\n<p>Biskotat e p\u00ebrkohshme ose biskotat e seanc\u00ebs fshihen nga kompjuteri pas mbylljes s\u00eb shfletuesit. Ato p\u00ebrdoren nga faqet e internetit p\u00ebr t\u00eb ruajtur t\u00eb dh\u00ebna p\u00ebrkoh\u00ebsisht, p\u00ebr shembull, produktet n\u00eb shport\u00ebn e blerjeve.<\/p>\n<h4>\u00c7far\u00eb jan\u00eb biskotat e p\u00ebrhershme?<\/h4>\n<p>Biskotat e p\u00ebrhershme ose t\u00eb ruajtura mbeten n\u00eb kompjuter pas mbylljes s\u00eb programit t\u00eb shfletuesit. Ato p\u00ebrdoren nga faqet e internetit p\u00ebr t\u00eb ruajtur t\u00eb dh\u00ebna si emri i p\u00ebrdoruesit dhe fjal\u00ebkalimi p\u00ebr identifikim, k\u00ebshtu q\u00eb nuk keni nevoj\u00eb t\u00eb identifikoheni \u00e7do her\u00eb q\u00eb vizitoni nj\u00eb vend t\u00eb caktuar. Biskotat e p\u00ebrhershme do t\u00eb q\u00ebndrojn\u00eb n\u00eb kompjuter p\u00ebr disa dit\u00eb, muaj ose madje edhe vite.<\/p>\n<h4>\u00c7far\u00eb jan\u00eb biskotat e par\u00eb?<\/h4>\n<p>Biskotat e para (biskotat e veta) vijn\u00eb nga faqet e internetit q\u00eb p\u00ebrdoruesi po viziton dhe mund t\u00eb jen\u00eb t\u00eb p\u00ebrhershme ose p\u00ebrkohshme. Me k\u00ebto biskota, faqet e internetit mund t\u00eb ruajn\u00eb t\u00eb dh\u00ebna q\u00eb do t\u2019i rip\u00ebrdorin kur p\u00ebrdoruesi t\u00eb vizitoj\u00eb s\u00ebrish.<\/p>\n<h4>\u00c7far\u00eb jan\u00eb biskotat e pal\u00ebve t\u00eb treta?<\/h4>\n<p>Biskotat e pal\u00ebve t\u00eb treta vijn\u00eb nga faqe t\u00eb tjera, partnere (p.sh., dritare t\u00eb k\u00ebrcimit ose reklama t\u00eb tjera) dhe ndodhen n\u00eb faqen e internetit q\u00eb po shfletoni. Me k\u00ebto biskota, faqet e internetit mund t\u00eb ndjekin p\u00ebrdorimin e internetit p\u00ebr q\u00ebllime tregtare.<\/p>\n<h4>A p\u00ebrdor kjo faqe interneti biskota?<\/h4>\n<p>Po, me q\u00ebllim kryesor p\u00ebr t&#8217;ju ofruar p\u00ebrvoj\u00ebn m\u00eb t\u00eb mir\u00eb t\u00eb p\u00ebrdoruesit n\u00eb faqet tona t\u00eb internetit.<\/p>\n<h4>\u00c7far\u00eb lloj biskotash p\u00ebrdor kjo faqe interneti dhe pse?<\/h4>\n<p>Biskotat e p\u00ebrkohshme ose biskotat e seanc\u00ebs (session cookies) jan\u00eb biskota q\u00eb skadojn\u00eb (dhe fshihen automatikisht) kur mbyllni shfletuesin. Ne p\u00ebrdorim biskota t\u00eb p\u00ebrkohshme p\u00ebr t&#8217;i ofruar p\u00ebrdoruesit p\u00ebrvoj\u00ebn m\u00eb t\u00eb mir\u00eb gjat\u00eb p\u00ebrdorimit t\u00eb faqes son\u00eb.<\/p>\n<p>Biskotat e p\u00ebrhershme ose t\u00eb ruajtura (persistent cookies) \u2013 data e skadimit t\u00eb tyre \u00ebsht\u00eb zakonisht shum\u00eb e larg\u00ebt n\u00eb t\u00eb ardhmen, prandaj do t\u00eb q\u00ebndrojn\u00eb n\u00eb shfletuesin tuaj derisa t\u00eb skadojn\u00eb ose derisa t&#8217;i fshini manualisht. Ne p\u00ebrdorim biskota t\u00eb p\u00ebrhershme p\u00ebr t\u00eb kuptuar m\u00eb mir\u00eb zakonet e p\u00ebrdoruesve tan\u00eb, duke na mund\u00ebsuar t\u00eb p\u00ebrmir\u00ebsojm\u00eb faqen e internetit n\u00eb p\u00ebrputhje me zakonet tuaja. T\u00eb dh\u00ebnat e mbledhura nuk mund t\u00eb p\u00ebrdoren p\u00ebr t\u00eb identifikuar ju si p\u00ebrdorues, dhe ato p\u00ebrdoren vet\u00ebm p\u00ebr q\u00ebllime statistikore.<\/p>\n<h4>A ka biskota t\u00eb pal\u00ebve t\u00eb treta n\u00eb faqen e internetit?<\/h4>\n<p>Ekzistojn\u00eb disa sh\u00ebrbime t\u00eb jashtme q\u00eb ruajn\u00eb biskota t\u00eb kufizuara n\u00eb kompjuterin e p\u00ebrdoruesit. K\u00ebto biskota nuk jan\u00eb vendosur nga kjo faqe interneti, por disa sh\u00ebrbejn\u00eb p\u00ebr funksionimin normal t\u00eb disa funksioneve q\u00eb leht\u00ebsojn\u00eb qasjen e p\u00ebrdoruesve n\u00eb p\u00ebrmbajtje. Prandaj, informacionet mbi mbrojtjen e t\u00eb dh\u00ebnave q\u00eb ju njihni k\u00ebtu vlejn\u00eb vet\u00ebm p\u00ebr k\u00ebt\u00eb faqe interneti, dhe informacionet mbi mbrojtjen e t\u00eb dh\u00ebnave t\u00eb sh\u00ebrbimeve t\u00eb jashtme duhet t\u00eb verifikohen n\u00eb faqet e tyre zyrtare.<\/p>\n<p>Aktualisht ne lejojm\u00eb:<\/p>\n<p>Maturimin e vizitave<\/p>\n<p>Kjo faqe interneti p\u00ebrdor sh\u00ebrbime p\u00ebr t\u00eb matur numrin e p\u00ebrdoruesve, si Google Analytics. T\u00eb dh\u00ebnat e mbledhura n\u00eb k\u00ebt\u00eb m\u00ebnyr\u00eb nuk mund t\u00eb p\u00ebrdoren p\u00ebr t\u00eb identifikuar p\u00ebrdoruesin, dhe ato p\u00ebrdoren vet\u00ebm p\u00ebr q\u00ebllime statistikore. N\u00ebse d\u00ebshironi t\u00eb parandaloni q\u00eb sh\u00ebrbimet e lartp\u00ebrmendura t\u00eb ruajn\u00eb biskota n\u00eb kompjuterin tuaj, mund t\u00eb refuzoni p\u00ebr secilin sh\u00ebrbim n\u00ebp\u00ebrmjet lidhjeve t\u00eb m\u00ebposhtme:<\/p>\n<p>Google Analytics \u2013 https:\/\/tools.google.com\/dlpage\/gaoptout<\/p>\n<p>iProm &#8211; UID<\/p>\n<p>Informacione t\u00eb tjera p\u00ebr refuzimin e biskotave<\/p>\n<p>Aktualisht ka disa faqe interneti p\u00ebr t\u00eb refuzuar ruajtjen e biskotave p\u00ebr sh\u00ebrbime t\u00eb ndryshme.<\/p>\n<p>M\u00eb shum\u00eb mbi k\u00ebt\u00eb mund t\u00eb m\u00ebsoni p\u00ebrmes lidhjeve t\u00eb m\u00ebposhtme:<\/p>\n<p>http:\/\/www.allaboutcookies.org\/<\/p>\n<p>http:\/\/www.youronlinechoices.eu\/<\/p>\n<p>[\/et_pb_text][\/et_pb_column][\/et_pb_row][\/et_pb_section]<\/p>\n","protected":false},"excerpt":{"rendered":"<p>Biskotat Nj\u00eb sasi minimale informacioni (biskotash) duhet t\u00eb ruhet n\u00eb kompjuterin tuaj q\u00eb faqja e internetit t\u00eb funksionoj\u00eb si\u00e7 duhet, t\u00eb p\u00ebrmir\u00ebsohet leht\u00ebsisht dhe t\u00eb p\u00ebrmir\u00ebsoj\u00eb p\u00ebrvoj\u00ebn tuaj t\u00eb shfletimit. M\u00eb shum\u00eb se 90% e faqeve t\u00eb internetit p\u00ebrdorin biskota, por sipas rregulloreve t\u00eb Bashkimit Evropian, ato jan\u00eb t\u00eb detyruara t\u00eb k\u00ebrkojn\u00eb miratimin e p\u00ebrdoruesit. [&hellip;]<\/p>\n","protected":false},"author":1,"featured_media":0,"parent":0,"menu_order":0,"comment_status":"closed","ping_status":"closed","template":"","meta":{"_acf_changed":false,"_et_pb_use_builder":"on","_et_pb_old_content":"","_et_gb_content_width":"","footnotes":""},"class_list":["post-21337","page","type-page","status-publish","hentry"],"acf":[],"_links":{"self":[{"href":"https:\/\/boombox.eu\/sq\/wp-json\/wp\/v2\/pages\/21337","targetHints":{"allow":["GET"]}}],"collection":[{"href":"https:\/\/boombox.eu\/sq\/wp-json\/wp\/v2\/pages"}],"about":[{"href":"https:\/\/boombox.eu\/sq\/wp-json\/wp\/v2\/types\/page"}],"author":[{"embeddable":true,"href":"https:\/\/boombox.eu\/sq\/wp-json\/wp\/v2\/users\/1"}],"replies":[{"embeddable":true,"href":"https:\/\/boombox.eu\/sq\/wp-json\/wp\/v2\/comments?post=21337"}],"version-history":[{"count":9,"href":"https:\/\/boombox.eu\/sq\/wp-json\/wp\/v2\/pages\/21337\/revisions"}],"predecessor-version":[{"id":21776,"href":"https:\/\/boombox.eu\/sq\/wp-json\/wp\/v2\/pages\/21337\/revisions\/21776"}],"wp:attachment":[{"href":"https:\/\/boombox.eu\/sq\/wp-json\/wp\/v2\/media?parent=21337"}],"curies":[{"name":"wp","href":"https:\/\/api.w.org\/{rel}","templated":true}]}}