{"id":21354,"date":"2024-06-13T23:03:05","date_gmt":"2024-06-13T23:03:05","guid":{"rendered":"https:\/\/boombox.eu\/piskotki\/"},"modified":"2024-12-09T14:02:48","modified_gmt":"2024-12-09T14:02:48","slug":"piskotki","status":"publish","type":"page","link":"https:\/\/boombox.eu\/sl\/piskotki\/","title":{"rendered":"Politika pi\u0161kotkov"},"content":{"rendered":"<p>[et_pb_section fb_built=&#8221;1&#8243; admin_label=&#8221;section&#8221; _builder_version=&#8221;4.16&#8243; global_colors_info=&#8221;{}&#8221;][et_pb_row admin_label=&#8221;row&#8221; _builder_version=&#8221;4.16&#8243; background_size=&#8221;initial&#8221; background_position=&#8221;top_left&#8221; background_repeat=&#8221;repeat&#8221; global_colors_info=&#8221;{}&#8221;][et_pb_column type=&#8221;4_4&#8243; _builder_version=&#8221;4.16&#8243; custom_padding=&#8221;|||&#8221; global_colors_info=&#8221;{}&#8221; custom_padding__hover=&#8221;|||&#8221;][et_pb_text admin_label=&#8221;Text&#8221; _builder_version=&#8221;4.23.4&#8243; header_4_font=&#8221;Montserrat||||||||&#8221; background_size=&#8221;initial&#8221; background_position=&#8221;top_left&#8221; background_repeat=&#8221;repeat&#8221; hover_enabled=&#8221;0&#8243; global_colors_info=&#8221;{}&#8221; custom_css_main_element=&#8221;p {||  font-size: 18px !important;||  font-weight: 400 !important;||}&#8221; sticky_enabled=&#8221;0&#8243;]<\/p>\n<h1>Pi\u0161kotki<\/h1>\n<p>Minimalna koli\u010dina informacij (pi\u0161kotkov) je potrebna za shranjevanje na va\u0161em ra\u010dunalniku, da spletna stran pravilno deluje, se enostavno nadgrajuje in izbolj\u0161uje va\u0161e izku\u0161nje brskanja. Ve\u010d kot 90 % spletnih strani uporablja pi\u0161kotke, vendar so po predpisih Evropske unije dol\u017ene pridobiti soglasje uporabnikov. Z uporabo te spletne strani se strinjate z uporabo pi\u0161kotkov.<\/p>\n<p>\u010ce pa ne sprejmete uporabe pi\u0161kotkov, lahko \u0161e naprej brskate po tej strani, vendar se lahko nekatere funkcije ne prika\u017eejo ali ne delujejo pravilno.<\/p>\n<p>&nbsp;<\/p>\n<h4>Pravila uporabe pi\u0161kotkov<\/h4>\n<p>Da bi spletna stran pravilno delovala in izbolj\u0161ala va\u0161e izku\u0161nje pri brskanju, je potrebno shraniti minimalno koli\u010dino informacij (pi\u0161kotkov) na va\u0161 ra\u010dunalnik. Ve\u010d kot 90 % spletnih strani uporablja pi\u0161kotke, vendar morajo po pravilih Evropske unije pridobiti soglasje uporabnikov. Z uporabo te spletne strani se strinjate z uporabo pi\u0161kotkov, \u010de jih ne sprejmete, lahko \u0161e naprej brskate po straneh, vendar nekatere funkcije morda ne bodo pravilno delovale.<\/p>\n<p>&nbsp;<\/p>\n<h4>Kaj je pi\u0161kotek?<\/h4>\n<p>Pi\u0161kotek je informacija, ki jo spletna stran (ki jo obiskujete) shrani na va\u0161 ra\u010dunalnik. Pi\u0161kotki obi\u010dajno shranjujejo va\u0161e nastavitve za spletno stran, kot so, na primer, \u017eeleni jezik ali naslov. Ko znova odprete to spletno stran, brskalnik vrne pi\u0161kotke, ki pripadajo tej strani. To omogo\u010da, da prika\u017ee informacije, prilagojene va\u0161im potrebam.<\/p>\n<p>Pi\u0161kotki lahko shranjujejo \u0161irok spekter informacij, vklju\u010dno z osebnimi podatki (va\u0161e ime ali e-po\u0161ta). Kljub temu se te informacije lahko shranijo le s va\u0161im soglasjem \u2013 spletne strani ne morejo dostopati do informacij, \u010de jih niste odobrili, niti ne morejo dostopati do drugih datotek na va\u0161em ra\u010dunalniku ali mobilni napravi. Privzete nastavitve shranjevanja in po\u0161iljanja pi\u0161kotkov niso vidne, vendar lahko spremenite nastavitve brskalnika, tako da izberete, ali \u017eelite odobriti ali zavrniti zahtevke za shranjevanje pi\u0161kotkov, samodejno izbri\u0161ete shranjene pi\u0161kotke ob zapiranju brskalnika in podobno.<\/p>\n<p>&nbsp;<\/p>\n<h4>Kako zavrniti pi\u0161kotke?<\/h4>\n<p>Z zavrnitvijo pi\u0161kotkov dolo\u010date, ali \u017eelite dovoliti shranjevanje pi\u0161kotkov na svojem ra\u010dunalniku ali mobilni napravi. Nastavitve pi\u0161kotkov lahko nadzirate in konfigurirate v svojem brskalniku. \u010ce pi\u0161kotkov ne sprejmete, se lahko zgodi, da ne boste mogli uporabljati dolo\u010denih funkcij na spletni strani.<\/p>\n<p>&nbsp;<\/p>\n<h4>Kaj so za\u010dasni pi\u0161kotki?<\/h4>\n<p>Za\u010dasni pi\u0161kotki ali pi\u0161kotki seje se izbri\u0161ejo z ra\u010dunalnika, ko zaprete brskalnik. S pomo\u010djo teh pi\u0161kotkov spletna mesta shranjujejo za\u010dasne podatke, na primer izdelke v nakupovalni ko\u0161arici.<\/p>\n<p>&nbsp;<\/p>\n<h4>Kaj so trajni pi\u0161kotki?<\/h4>\n<p>Trajni ali shranjeni pi\u0161kotki ostanejo na ra\u010dunalniku tudi po tem, ko zaprete program brskalnika. S pomo\u010djo teh pi\u0161kotkov spletna mesta shranjujejo podatke, kot so uporabni\u0161ko ime in geslo za prijavo, zato se vam ni treba prijaviti vsakokrat, ko obi\u0161\u010dete dolo\u010deno mesto. Trajni pi\u0161kotki bodo na ra\u010dunalniku ostali ve\u010d dni, mesecev ali celo let.<\/p>\n<p>&nbsp;<\/p>\n<h4>Kaj so pi\u0161kotki prve strani?<\/h4>\n<p>Pi\u0161kotki prve strani (lastni pi\u0161kotki) prihajajo s spletnih mest, ki jih uporabnik obiskuje, in so lahko trajni ali za\u010dasni. S pomo\u010djo teh pi\u0161kotkov spletna mesta shranjujejo podatke, ki jih bodo ponovno uporabili, ko uporabnik naslednji\u010d obi\u0161\u010de stran.<\/p>\n<p>&nbsp;<\/p>\n<h4>Kaj so pi\u0161kotki tretjih strani?<\/h4>\n<p>Pi\u0161kotki tretjih strani (drugi pi\u0161kotki) izvirajo z drugih, partnerskih spletnih mest (na primer iz pojavnih oken ali drugih oglasov) in se nahajajo na spletni strani, ki jo obiskujete. S pomo\u010djo teh pi\u0161kotkov spletna mesta lahko sledijo uporabi interneta za prodajne namene.<\/p>\n<p>&nbsp;<\/p>\n<h4>Ali ta spletna stran uporablja pi\u0161kotke?<\/h4>\n<p>Da, z glavno namero, da vam na\u0161e spletne strani omogo\u010dijo najbolj\u0161o uporabni\u0161ko izku\u0161njo.<\/p>\n<p>&nbsp;<\/p>\n<h4>Kak\u0161ne pi\u0161kotke uporablja ta spletna stran in zakaj?<\/h4>\n<p>Za\u010dasni pi\u0161kotki ali pi\u0161kotki seje (session cookies) so pi\u0161kotki, ki pote\u010dejo (in se samodejno izbri\u0161ejo), ko zaprete brskalnik. Uporabljamo za\u010dasne pi\u0161kotke, da uporabnik dobi najbolj\u0161o izku\u0161njo pri uporabi na\u0161e strani.<\/p>\n<p>Trajni ali shranjeni pi\u0161kotki (persistent cookies) \u2013 njihov datum poteka je obi\u010dajno dale\u010d v prihodnosti, zato bodo ostali v va\u0161em brskalniku, dokler ne pote\u010dejo ali jih ne izbri\u0161ete ro\u010dno. Uporabljamo trajne pi\u0161kotke, da bolje razumemo navade na\u0161ih uporabnikov, s \u010dimer lahko izbolj\u0161amo spletno stran glede na va\u0161e navade. Na podlagi zbranih podatkov ni mogo\u010de identificirati vas kot uporabnika, zbrani podatki se uporabljajo izklju\u010dno v statisti\u010dne namene.<\/p>\n<p>&nbsp;<\/p>\n<h4>Ali na spletni strani obstajajo pi\u0161kotki tretjih strani?<\/h4>\n<p>Obstaja ve\u010d zunanjih storitev, ki na ra\u010dunalniku uporabnika shranjujejo omejene pi\u0161kotke. Ti pi\u0161kotki niso nastavljeni s to spletno stranjo, vendar nekateri omogo\u010dajo normalno delovanje dolo\u010denih funkcij, ki uporabnikom olaj\u0161ajo dostop do vsebine. Zato informacije o za\u0161\u010diti podatkov, s katerimi ste seznanjeni, veljajo samo za to spletno stran, informacije o za\u0161\u010diti podatkov zunanjih storitev pa je treba preveriti na njihovih uradnih straneh.<\/p>\n<p>&nbsp;<\/p>\n<p>Trenutno omogo\u010damo:<\/p>\n<p>Merjenje obiska<\/p>\n<p>Ta spletna stran uporablja storitve za merjenje \u0161tevila uporabnikov, in sicer Google Analytics. Na podlagi tako zbranih podatkov ni mogo\u010de identificirati uporabnika, zbrani podatki pa se uporabljajo izklju\u010dno v statisti\u010dne namene. \u010ce \u017eelite prepre\u010diti, da navedene storitve shranijo pi\u0161kotke na va\u0161 ra\u010dunalnik, lahko za vsako storitev zavrnete pi\u0161kotke prek naslednjih povezav:<\/p>\n<p>&nbsp;<\/p>\n<p>Google Analytics \u2013 https:\/\/tools.google.com\/dlpage\/gaoptout<\/p>\n<p>iProm &#8211; UID<\/p>\n<p>Dodatne informacije o zavrnitvi pi\u0161kotkov<\/p>\n<p>Trenutno obstaja ve\u010d spletnih strani za zavrnitev shranjevanja pi\u0161kotkov za razli\u010dne storitve.<\/p>\n<p>&nbsp;<\/p>\n<p>Ve\u010d o tem lahko izveste prek naslednjih povezav:<\/p>\n<p>&nbsp;<\/p>\n<p>http:\/\/www.allaboutcookies.org\/<\/p>\n<p>http:\/\/www.youronlinechoices.eu\/[\/et_pb_text][\/et_pb_column][\/et_pb_row][\/et_pb_section]<\/p>\n","protected":false},"excerpt":{"rendered":"<p>Pi\u0161kotki Minimalna koli\u010dina informacij (pi\u0161kotkov) je potrebna za shranjevanje na va\u0161em ra\u010dunalniku, da spletna stran pravilno deluje, se enostavno nadgrajuje in izbolj\u0161uje va\u0161e izku\u0161nje brskanja. Ve\u010d kot 90 % spletnih strani uporablja pi\u0161kotke, vendar so po predpisih Evropske unije dol\u017ene pridobiti soglasje uporabnikov. Z uporabo te spletne strani se strinjate z uporabo pi\u0161kotkov. \u010ce pa [&hellip;]<\/p>\n","protected":false},"author":1,"featured_media":0,"parent":0,"menu_order":0,"comment_status":"closed","ping_status":"closed","template":"","meta":{"_acf_changed":false,"_et_pb_use_builder":"on","_et_pb_old_content":"","_et_gb_content_width":"","footnotes":""},"class_list":["post-21354","page","type-page","status-publish","hentry"],"acf":[],"_links":{"self":[{"href":"https:\/\/boombox.eu\/sl\/wp-json\/wp\/v2\/pages\/21354","targetHints":{"allow":["GET"]}}],"collection":[{"href":"https:\/\/boombox.eu\/sl\/wp-json\/wp\/v2\/pages"}],"about":[{"href":"https:\/\/boombox.eu\/sl\/wp-json\/wp\/v2\/types\/page"}],"author":[{"embeddable":true,"href":"https:\/\/boombox.eu\/sl\/wp-json\/wp\/v2\/users\/1"}],"replies":[{"embeddable":true,"href":"https:\/\/boombox.eu\/sl\/wp-json\/wp\/v2\/comments?post=21354"}],"version-history":[{"count":4,"href":"https:\/\/boombox.eu\/sl\/wp-json\/wp\/v2\/pages\/21354\/revisions"}],"predecessor-version":[{"id":21782,"href":"https:\/\/boombox.eu\/sl\/wp-json\/wp\/v2\/pages\/21354\/revisions\/21782"}],"wp:attachment":[{"href":"https:\/\/boombox.eu\/sl\/wp-json\/wp\/v2\/media?parent=21354"}],"curies":[{"name":"wp","href":"https:\/\/api.w.org\/{rel}","templated":true}]}}