{"id":4075,"date":"2024-01-24T12:51:15","date_gmt":"2024-01-24T12:51:15","guid":{"rendered":"https:\/\/new.boombox.eu\/kontakt\/"},"modified":"2024-05-20T11:43:13","modified_gmt":"2024-05-20T11:43:13","slug":"kontakt","status":"publish","type":"page","link":"https:\/\/boombox.eu\/hr\/kontakt\/","title":{"rendered":"Kontakt"},"content":{"rendered":"<p>[et_pb_section fb_built=&#8221;1&#8243; custom_padding_last_edited=&#8221;on|phone&#8221; _builder_version=&#8221;4.23.4&#8243; _module_preset=&#8221;default&#8221; background_color=&#8221;#def3ff&#8221; custom_padding=&#8221;10vh||10vh||false|false&#8221; custom_padding_tablet=&#8221;13vh||10vh||false|false&#8221; custom_padding_phone=&#8221;4vh||5vh||false|false&#8221; global_colors_info=&#8221;{}&#8221;][et_pb_row _builder_version=&#8221;4.23.4&#8243; _module_preset=&#8221;default&#8221; width_tablet=&#8221;&#8221; width_phone=&#8221;90%&#8221; width_last_edited=&#8221;on|phone&#8221; global_colors_info=&#8221;{}&#8221;][et_pb_column type=&#8221;4_4&#8243; _builder_version=&#8221;4.23.4&#8243; _module_preset=&#8221;default&#8221; global_colors_info=&#8221;{}&#8221;][et_pb_text _builder_version=&#8221;4.23.4&#8243; _module_preset=&#8221;default&#8221; text_text_color=&#8221;#000000&#8243; text_font_size=&#8221;20px&#8221; text_line_height=&#8221;1.5em&#8221; header_font=&#8221;|700|||||||&#8221; header_text_align=&#8221;center&#8221; header_text_color=&#8221;#58b4e6&#8243; header_font_size=&#8221;50px&#8221; header_line_height=&#8221;1.7em&#8221; text_orientation=&#8221;center&#8221; hover_enabled=&#8221;0&#8243; text_font_size_tablet=&#8221;20px&#8221; text_font_size_phone=&#8221;16px&#8221; text_font_size_last_edited=&#8221;on|phone&#8221; header_font_size_tablet=&#8221;50px&#8221; header_font_size_phone=&#8221;32px&#8221; header_font_size_last_edited=&#8221;on|phone&#8221; header_line_height_tablet=&#8221;1.7em&#8221; header_line_height_phone=&#8221;1.3em&#8221; header_line_height_last_edited=&#8221;on|phone&#8221; global_colors_info=&#8221;{}&#8221; sticky_enabled=&#8221;0&#8243;]<\/p>\n<h1>Kontaktiraj nas<\/h1>\n<p>Ima\u0161 pitanje ili mi\u0161ljenje koje \u017eeli\u0161 podijeliti s nama?<br \/>Radujemo se tvojoj poruci!<\/p>\n<p>[\/et_pb_text][et_pb_code _builder_version=&#8221;4.23.4&#8243; _module_preset=&#8221;default&#8221; global_colors_info=&#8221;{}&#8221;]<pee>\n<div class=\"wpcf7 no-js\" id=\"wpcf7-f14772-o1\" lang=\"hr\" dir=\"ltr\">\n<div class=\"screen-reader-response\"><p role=\"status\" aria-live=\"polite\" aria-atomic=\"true\"><\/p> <ul><\/ul><\/div>\n<form action=\"\/hr\/wp-json\/wp\/v2\/pages\/4075#wpcf7-f14772-o1\" method=\"post\" class=\"wpcf7-form init\" aria-label=\"Kontakt obrazac\" novalidate=\"novalidate\" data-status=\"init\">\n<div style=\"display: none;\">\n<input type=\"hidden\" name=\"_wpcf7\" value=\"14772\" \/>\n<input type=\"hidden\" name=\"_wpcf7_version\" value=\"5.8.6\" \/>\n<input type=\"hidden\" name=\"_wpcf7_locale\" value=\"hr\" \/>\n<input type=\"hidden\" name=\"_wpcf7_unit_tag\" value=\"wpcf7-f14772-o1\" \/>\n<input type=\"hidden\" name=\"_wpcf7_container_post\" value=\"0\" \/>\n<input type=\"hidden\" name=\"_wpcf7_posted_data_hash\" value=\"\" \/>\n<\/div>\n<div class=\"contact-form\">\n\t<div class=\"contact-form-main\">\n\t\t<div class=\"left-contact\">\n\t\t\t<p><span class=\"wpcf7-form-control-wrap\" data-name=\"text-783\"><input size=\"40\" class=\"wpcf7-form-control wpcf7-text wpcf7-validates-as-required\" aria-required=\"true\" aria-invalid=\"false\" placeholder=\"Ime i prezime\" value=\"\" type=\"text\" name=\"text-783\" \/><\/span><br \/>\n<span class=\"wpcf7-form-control-wrap\" data-name=\"email-825\"><input size=\"40\" class=\"wpcf7-form-control wpcf7-email wpcf7-validates-as-required wpcf7-text wpcf7-validates-as-email\" aria-required=\"true\" aria-invalid=\"false\" placeholder=\"E-mail adresa\" value=\"\" type=\"email\" name=\"email-825\" \/><\/span><br \/>\n<span class=\"wpcf7-form-control-wrap\" data-name=\"text-784\"><input size=\"40\" class=\"wpcf7-form-control wpcf7-text wpcf7-validates-as-required\" aria-required=\"true\" aria-invalid=\"false\" placeholder=\"Predmet poruke\" value=\"\" type=\"text\" name=\"text-784\" \/><\/span>\n\t\t\t<\/p>\n\t\t<\/div>\n\t\t<div class=\"right-contact\">\n\t\t\t<p><span class=\"wpcf7-form-control-wrap\" data-name=\"textarea-929\"><textarea cols=\"40\" rows=\"10\" class=\"wpcf7-form-control wpcf7-textarea\" aria-invalid=\"false\" placeholder=\"Tvoja poruka\" name=\"textarea-929\"><\/textarea><\/span>\n\t\t\t<\/p>\n\t\t<\/div>\n\t<\/div>\n\t<div class=\"contact-form-bottom\">\n\t\t<div class=\"contact-form-check\">\n\t\t\t<p><span class=\"wpcf7-form-control-wrap\" data-name=\"acceptance-220\"><span class=\"wpcf7-form-control wpcf7-acceptance\"><span class=\"wpcf7-list-item\"><label><input type=\"checkbox\" name=\"acceptance-220\" value=\"1\" aria-invalid=\"false\" \/><span class=\"wpcf7-list-item-label\">Suglasan\/sna sam da se proslije\u0111eni osobni podaci koriste, odnosno obra\u0111uju sukladno politici privatnosti.<\/span><\/label><\/span><\/span><\/span>\n\t\t\t<\/p>\n\t\t<\/div>\n\t\t<div>\n\t\t\t<p><button class=\"wpcf7-form-control wpcf7-submit has-spinner et_pb_button et_pb_bg_layout_light\" type=\"submit\" value=\"Po\u0161alji\">Po\u0161alji<\/button>\n\t\t\t<\/p>\n\t\t<\/div>\n\t<\/div>\n<\/div><p style=\"display: none !important;\" class=\"akismet-fields-container\" data-prefix=\"_wpcf7_ak_\"><label>&#916;<textarea name=\"_wpcf7_ak_hp_textarea\" cols=\"45\" rows=\"8\" maxlength=\"100\"><\/textarea><\/label><input type=\"hidden\" id=\"ak_js_1\" name=\"_wpcf7_ak_js\" value=\"139\"\/><script>document.getElementById( \"ak_js_1\" ).setAttribute( \"value\", ( new Date() ).getTime() );<\/script><\/p><div class=\"wpcf7-response-output\" aria-hidden=\"true\"><\/div>\n<\/form>\n<\/div>\n<\/pee>[\/et_pb_code][et_pb_blurb image_icon_background_color=&#8221;#FFFFFF&#8221; icon_placement=&#8221;left&#8221; image_icon_width=&#8221;100%&#8221; _builder_version=&#8221;4.23.4&#8243; _module_preset=&#8221;default&#8221; body_text_color=&#8221;#000000&#8243; body_font_size=&#8221;16px&#8221; body_link_font=&#8221;||||on|||#000000|&#8221; image_icon_custom_margin=&#8221;|26px|||false|false&#8221; image_icon_custom_padding=&#8221;8px|12px|8px|12px|true|true&#8221; text_orientation=&#8221;center&#8221; custom_padding=&#8221;0px||||false|false&#8221; hover_enabled=&#8221;0&#8243; border_radii_image=&#8221;on|100px|100px|100px|100px&#8221; global_colors_info=&#8221;{}&#8221; sticky_enabled=&#8221;0&#8243;]<\/p>\n<p style=\"margin-top: 10px;\">Ima\u0161 reklamaciju? Pi\u0161i nam na <a style=\"color: black;\" href=\"mailto:product@boombox.eu\">product@boombox.eu<\/a><\/p>\n<p>[\/et_pb_blurb][\/et_pb_column][\/et_pb_row][\/et_pb_section]<\/p>\n","protected":false},"excerpt":{"rendered":"<p>Kontaktiraj nas Ima\u0161 pitanje ili mi\u0161ljenje koje \u017eeli\u0161 podijeliti s nama?Radujemo se tvojoj poruci!\n<div class=\"wpcf7 no-js\" id=\"wpcf7-f14772-o2\" lang=\"hr\" dir=\"ltr\">\n<div class=\"screen-reader-response\"><p role=\"status\" aria-live=\"polite\" aria-atomic=\"true\"><\/p> <ul><\/ul><\/div>\n<form action=\"\/hr\/wp-json\/wp\/v2\/pages\/4075#wpcf7-f14772-o2\" method=\"post\" class=\"wpcf7-form init\" aria-label=\"Kontakt obrazac\" novalidate=\"novalidate\" data-status=\"init\">\n<div style=\"display: none;\">\n<input type=\"hidden\" name=\"_wpcf7\" value=\"14772\" \/>\n<input type=\"hidden\" name=\"_wpcf7_version\" value=\"5.8.6\" \/>\n<input type=\"hidden\" name=\"_wpcf7_locale\" value=\"hr\" \/>\n<input type=\"hidden\" name=\"_wpcf7_unit_tag\" value=\"wpcf7-f14772-o2\" \/>\n<input type=\"hidden\" name=\"_wpcf7_container_post\" value=\"0\" \/>\n<input type=\"hidden\" name=\"_wpcf7_posted_data_hash\" value=\"\" \/>\n<\/div>\n<div class=\"contact-form\">\n\t<div class=\"contact-form-main\">\n\t\t<div class=\"left-contact\">\n\t\t\t<p><span class=\"wpcf7-form-control-wrap\" data-name=\"text-783\"><input size=\"40\" class=\"wpcf7-form-control wpcf7-text wpcf7-validates-as-required\" aria-required=\"true\" aria-invalid=\"false\" placeholder=\"Ime i prezime\" value=\"\" type=\"text\" name=\"text-783\" \/><\/span><br \/>\n<span class=\"wpcf7-form-control-wrap\" data-name=\"email-825\"><input size=\"40\" class=\"wpcf7-form-control wpcf7-email wpcf7-validates-as-required wpcf7-text wpcf7-validates-as-email\" aria-required=\"true\" aria-invalid=\"false\" placeholder=\"E-mail adresa\" value=\"\" type=\"email\" name=\"email-825\" \/><\/span><br \/>\n<span class=\"wpcf7-form-control-wrap\" data-name=\"text-784\"><input size=\"40\" class=\"wpcf7-form-control wpcf7-text wpcf7-validates-as-required\" aria-required=\"true\" aria-invalid=\"false\" placeholder=\"Predmet poruke\" value=\"\" type=\"text\" name=\"text-784\" \/><\/span>\n\t\t\t<\/p>\n\t\t<\/div>\n\t\t<div class=\"right-contact\">\n\t\t\t<p><span class=\"wpcf7-form-control-wrap\" data-name=\"textarea-929\"><textarea cols=\"40\" rows=\"10\" class=\"wpcf7-form-control wpcf7-textarea\" aria-invalid=\"false\" placeholder=\"Tvoja poruka\" name=\"textarea-929\"><\/textarea><\/span>\n\t\t\t<\/p>\n\t\t<\/div>\n\t<\/div>\n\t<div class=\"contact-form-bottom\">\n\t\t<div class=\"contact-form-check\">\n\t\t\t<p><span class=\"wpcf7-form-control-wrap\" data-name=\"acceptance-220\"><span class=\"wpcf7-form-control wpcf7-acceptance\"><span class=\"wpcf7-list-item\"><label><input type=\"checkbox\" name=\"acceptance-220\" value=\"1\" aria-invalid=\"false\" \/><span class=\"wpcf7-list-item-label\">Suglasan\/sna sam da se proslije\u0111eni osobni podaci koriste, odnosno obra\u0111uju sukladno politici privatnosti.<\/span><\/label><\/span><\/span><\/span>\n\t\t\t<\/p>\n\t\t<\/div>\n\t\t<div>\n\t\t\t<p><button class=\"wpcf7-form-control wpcf7-submit has-spinner et_pb_button et_pb_bg_layout_light\" type=\"submit\" value=\"Po\u0161alji\">Po\u0161alji<\/button>\n\t\t\t<\/p>\n\t\t<\/div>\n\t<\/div>\n<\/div><p style=\"display: none !important;\" class=\"akismet-fields-container\" data-prefix=\"_wpcf7_ak_\"><label>&#916;<textarea name=\"_wpcf7_ak_hp_textarea\" cols=\"45\" rows=\"8\" maxlength=\"100\"><\/textarea><\/label><input type=\"hidden\" id=\"ak_js_2\" name=\"_wpcf7_ak_js\" value=\"15\"\/><script>document.getElementById( \"ak_js_2\" ).setAttribute( \"value\", ( new Date() ).getTime() );<\/script><\/p><div class=\"wpcf7-response-output\" aria-hidden=\"true\"><\/div>\n<\/form>\n<\/div>\nIma\u0161 reklamaciju? Pi\u0161i nam na product@boombox.eu<\/p>\n","protected":false},"author":1,"featured_media":0,"parent":0,"menu_order":0,"comment_status":"closed","ping_status":"closed","template":"","meta":{"_acf_changed":false,"_et_pb_use_builder":"on","_et_pb_old_content":"","_et_gb_content_width":"","footnotes":""},"class_list":["post-4075","page","type-page","status-publish","hentry"],"acf":[],"_links":{"self":[{"href":"https:\/\/boombox.eu\/hr\/wp-json\/wp\/v2\/pages\/4075","targetHints":{"allow":["GET"]}}],"collection":[{"href":"https:\/\/boombox.eu\/hr\/wp-json\/wp\/v2\/pages"}],"about":[{"href":"https:\/\/boombox.eu\/hr\/wp-json\/wp\/v2\/types\/page"}],"author":[{"embeddable":true,"href":"https:\/\/boombox.eu\/hr\/wp-json\/wp\/v2\/users\/1"}],"replies":[{"embeddable":true,"href":"https:\/\/boombox.eu\/hr\/wp-json\/wp\/v2\/comments?post=4075"}],"version-history":[{"count":6,"href":"https:\/\/boombox.eu\/hr\/wp-json\/wp\/v2\/pages\/4075\/revisions"}],"predecessor-version":[{"id":15016,"href":"https:\/\/boombox.eu\/hr\/wp-json\/wp\/v2\/pages\/4075\/revisions\/15016"}],"wp:attachment":[{"href":"https:\/\/boombox.eu\/hr\/wp-json\/wp\/v2\/media?parent=4075"}],"curies":[{"name":"wp","href":"https:\/\/api.w.org\/{rel}","templated":true}]}}