{"id":16113,"date":"2024-06-13T23:03:05","date_gmt":"2024-06-13T23:03:05","guid":{"rendered":"https:\/\/boombox.eu\/?page_id=16113"},"modified":"2024-12-09T12:54:02","modified_gmt":"2024-12-09T12:54:02","slug":"politika-kolacica","status":"publish","type":"page","link":"https:\/\/boombox.eu\/hr\/politika-kolacica\/","title":{"rendered":"Politika kola\u010di\u0107a"},"content":{"rendered":"<p>[et_pb_section fb_built=&#8221;1&#8243; admin_label=&#8221;section&#8221; _builder_version=&#8221;4.16&#8243; global_colors_info=&#8221;{}&#8221;][et_pb_row admin_label=&#8221;row&#8221; _builder_version=&#8221;4.16&#8243; background_size=&#8221;initial&#8221; background_position=&#8221;top_left&#8221; background_repeat=&#8221;repeat&#8221; global_colors_info=&#8221;{}&#8221;][et_pb_column type=&#8221;4_4&#8243; _builder_version=&#8221;4.16&#8243; custom_padding=&#8221;|||&#8221; global_colors_info=&#8221;{}&#8221; custom_padding__hover=&#8221;|||&#8221;][et_pb_text admin_label=&#8221;Text&#8221; _builder_version=&#8221;4.23.4&#8243; header_4_font=&#8221;Montserrat||||||||&#8221; background_size=&#8221;initial&#8221; background_position=&#8221;top_left&#8221; background_repeat=&#8221;repeat&#8221; hover_enabled=&#8221;0&#8243; global_colors_info=&#8221;{}&#8221; custom_css_main_element=&#8221;p {||  font-size: 18px !important;||  font-weight: 400 !important;||}&#8221; sticky_enabled=&#8221;0&#8243;]<\/p>\n<h1>Kola\u010di\u0107i<\/h1>\n<p>Minimalnu koli\u010dinu informacija (kola\u010di\u0107a) potrebno je pohraniti na va\u0161em ra\u010dunalu kako bi internetska stranica pravilno radila, lako se nadogra\u0111ivala i pobolj\u0161avala va\u0161e iskustvo pregledavanja. Vi\u0161e od 90% internetskih stranica upotrebljava kola\u010di\u0107e, ali su prema propisima Europske unije obvezne zatra\u017eiti privolu korisnika. Kori\u0161tenjem ove internetske stranice suglasni ste s uporabom kola\u010di\u0107a.<\/p>\n<p>Me\u0111utim, ako ne prihvatite uporabu kola\u010di\u0107a, mo\u017eete nastaviti s pregledavanjem ove stranice, ali odre\u0111ene se zna\u010dajke mo\u017eda ne\u0107e mo\u0107i pravilno prikazati ili izvesti.<\/p>\n<p>&nbsp;<\/p>\n<h4>Pravila uporabe kola\u010di\u0107a<\/h4>\n<p>Kako bi internet stranica pravilno funkcionirala te nadoga\u0111ivala ili pobolj\u0161avalo va\u0161e iskustvo prilikom pregledavanja, na va\u0161e ra\u010dunalo mora se spremiti minimalna koli\u010dina informacija (kola\u010di\u0107i). Vi\u0161e od 90 % internetskih stranica upotrebljava kola\u010di\u0107e, ali prema pravilima Europske unije za to moraju dobiti privolu korisnika. Kori\u0161tenjem ove internet stranice suglasni ste s upotrebom kola\u010di\u0107a, a ako ih ne prihvatite, mo\u017eete i dalje pregledavati stranice, ali se pritom odre\u0111ene funkcije na internet stranici mo\u017eda ne\u0107e pravilno prikazati ili izvr\u0161iti.<\/p>\n<p>&nbsp;<\/p>\n<h4>\u0160to je kola\u010di\u0107?<\/h4>\n<p>Kola\u010di\u0107 je informacija koju internet stranica (koju posje\u0107ujete) sprema na va\u0161e ra\u010dunalo. Kola\u010di\u0107i obi\u010dno spremaju va\u0161e postavke za internet stranicu, kao \u0161to su, primjerice, \u017eeljeni jezik ili adresa. Kasnije, kad ponovo otvorite tu internet stranicu, pretra\u017eiva\u010d vra\u0107a kola\u010di\u0107e koji pripadaju toj stranici. To joj omogu\u0107uje da prika\u017ee informacije prilago\u0111ene va\u0161im potrebama.<\/p>\n<p>Kola\u010di\u0107i mogu spremati \u0161iroku paletu informacija, uklju\u010duju\u0107i osobne informacije (va\u0161e ime ili e-po\u0161tu). Unato\u010d tome, ta se informacija mo\u017ee spremiti samo u slu\u010daju va\u0161e privole u\u0107ite \u2013 internetske stranice ne mogu dobiti pristup informacijama ako ga vi niste odobrili, a ne mogu pristupiti ni drugim datotekama na va\u0161em ra\u010dunalu ili mobilnom ure\u0111aju. Zadane postavke spremanja i slanja kola\u010di\u0107a vama nisu vidljive, ali mo\u017eete izmijeniti svoje postavke pretra\u017eiva\u010da tako da sami odaberete \u017eelite li zahtjeve za spremanje kola\u010di\u0107a odobriti ili odbiti, automatski izbrisati spremljene kola\u010di\u0107e prilikom zatvaranja pretra\u017eiva\u010da i sli\u010dno.<\/p>\n<p>&nbsp;<\/p>\n<h4>Kako se odbijaju kola\u010di\u0107i?<\/h4>\n<p>Odbijanjem kola\u010di\u0107a odre\u0111ujete \u017eelite li dopustiti spremanje kola\u010di\u0107a na svojem ra\u010dunalu ili mobilnom ure\u0111aju. Postavke kola\u010di\u0107a mogu se nadzirati i konfigurirati u va\u0161em pretra\u017eiva\u010du. Ako kola\u010di\u0107e ne prihvatite, mo\u017ee se dogoditi da ne\u0107ete mo\u0107i upotrebljavati odre\u0111ene funkcije na internet stranici.<\/p>\n<p>&nbsp;<\/p>\n<h4>\u0160to su privremeni kola\u010di\u0107i?<\/h4>\n<p>Privremeni kola\u010di\u0107i ili kola\u010di\u0107i sesije bri\u0161u se iz ra\u010dunala nakon \u0161to zatvorite pretra\u017eiva\u010d. Pomo\u0107u njih internetska mjesta spremaju privremene podatke, primjerice proizvode u ko\u0161arici za kupnju.<\/p>\n<p>&nbsp;<\/p>\n<h4>\u0160to su trajni kola\u010di\u0107i?<\/h4>\n<p>Trajni ili spremljeni kola\u010di\u0107i ostaju na ra\u010dunalu i nakon \u0161to ste zatvorili program pretra\u017eiva\u010da. Pomo\u0107u njih internetska mjesta spremaju podatke kao \u0161to su korisni\u010dko ime i lozinka za prijavu, pa se ne morate prijaviti svaki put kada posjetite odre\u0111eno mjesto. Trajni kola\u010di\u0107i ostat \u0107e na ra\u010dunalu vi\u0161e dana, mjeseci ili \u010dak godina.<\/p>\n<p>&nbsp;<\/p>\n<h4>\u0160to su to kola\u010di\u0107i prve strane?<\/h4>\n<p>Kola\u010di\u0107i prve strane (vlastiti kola\u010di\u0107i) dolaze s intenretskih mjesta koja korisnik pregledava i mogu biti trajni ili privremeni. Pomo\u0107u tih kola\u010di\u0107a internetska mjesta mogu spremiti podatke koje \u0107e ponovo upotrijebiti kada ih korisnik sljede\u0107i put posjeti.<\/p>\n<p>&nbsp;<\/p>\n<h4>\u0160to su kola\u010di\u0107i tre\u0107e strane?<\/h4>\n<p>Kola\u010di\u0107i tre\u0107e strane (drugi kola\u010di\u0107i) potje\u010du s drugih, partnerskih internet mjesta (primjerice sko\u010dnih prozora ili drugih reklama), a nalaze se na internetskom mjestu koje pregledavate. Pomo\u0107u tih kola\u010di\u0107a internetska mjesta mogu pratiti upotrebu interneta u svrhu prodaje.<\/p>\n<p>&nbsp;<\/p>\n<h4>Upotrebljava li ova internetska stranica kola\u010di\u0107e?<\/h4>\n<p>Da, s primarnim ciljem da vam na\u0161e internet stranice omogu\u0107e najbolje korisni\u010dko iskustvo.<\/p>\n<p>&nbsp;<\/p>\n<h4>Kakve kola\u010di\u0107e upotrebljava ova internet stranica i za\u0161to?<\/h4>\n<p>Privremeni kola\u010di\u0107i ili kola\u010di\u0107i sesije (session cookies) kola\u010di\u0107i su koji istje\u010du (i automatski se bri\u0161u) kad zatvorite pretra\u017eiva\u010d. Mi upotrebljavamo privremene kola\u010di\u0107e kako bi korisnik dobio najbolje iskustvo pri uporabi na\u0161e stranice.<\/p>\n<p>Trajni ili spremljeni kola\u010di\u0107i (persistent cookies) \u2013 njihov datum isteka obi\u010dno je daleko u budu\u0107nosti, stoga \u0107e ostati u va\u0161em pretra\u017eiva\u010du sve dok ne isteknu ili dok ih ru\u010dno ne izbri\u0161ete. Mi upotrebljavamo trajne kola\u010di\u0107e kako bi bolje razumjeli navike na\u0161ih korisnika, \u010dime mo\u017eemo pobolj\u0161ati internetsku stranicu ovisno o va\u0161im navikama. Na temelju prikupljenih podataka nije mogu\u0107a identifikacija vas kao korisnika, a prikupljeni podatci upotrebljavaju se isklju\u010divo u statisti\u010dke svrhe.<\/p>\n<p>&nbsp;<\/p>\n<h4>Postoje li na internetskoj stranici kola\u010di\u0107i tre\u0107e strane?<\/h4>\n<p>Postoji vi\u0161e vanjskih servisa koji na ra\u010dunalo korisnika spremaju ograni\u010dene kola\u010di\u0107e. Te kola\u010di\u0107e nije postavila ova internet stranica, ali neki slu\u017ee za normalan rad odre\u0111enih funkcija koje korisnicima olak\u0161avaju pristup sadr\u017eaju. Stoga informacije o za\u0161titi podataka s kojima ste upoznati ovdje vrijede samo za ovu internetsku stranicu, a informacije o za\u0161titi podataka vanjskih servisa treba provjeriti na njihovim slu\u017ebenim stranicama.<\/p>\n<p>&nbsp;<\/p>\n<p>Trenuta\u010dno omogu\u0107ujemo:<\/p>\n<p>Mjerenje posjeta<\/p>\n<p>Ova internet stranica upotrebljava servise za mjerenje broja korisnika, i to Google Analytics. Na temelju tako prikupljenih podataka nije mogu\u0107a identifikacija korisnika, a prikupljeni podatci upotrebljavaju se isklju\u010divo u statisti\u010dke svrhe. Ako \u017eelite sprije\u010diti da navedeni servisi spremaju kola\u010di\u0107e na va\u0161e ra\u010dunalo, za svaki ih servis mo\u017eete odbiti putem sljede\u0107ih poveznica:<\/p>\n<p>&nbsp;<\/p>\n<p>Google Analytics \u2013 https:\/\/tools.google.com\/dlpage\/gaoptout<\/p>\n<p>iProm &#8211; UID<\/p>\n<p>Dodatne informacije o odbijanju kola\u010di\u0107a<\/p>\n<p>Trenuta\u010dno postoji vi\u0161e internetskih stranica za odbijanje spremanja kola\u010di\u0107a za razli\u010dite servise.<\/p>\n<p>&nbsp;<\/p>\n<p>Vi\u0161e o tome mo\u017eete saznati putem sljede\u0107ih poveznica:<\/p>\n<p>&nbsp;<\/p>\n<p>http:\/\/www.allaboutcookies.org\/<\/p>\n<p>http:\/\/www.youronlinechoices.eu\/[\/et_pb_text][\/et_pb_column][\/et_pb_row][\/et_pb_section]<\/p>\n","protected":false},"excerpt":{"rendered":"<p>Kola\u010di\u0107i Minimalnu koli\u010dinu informacija (kola\u010di\u0107a) potrebno je pohraniti na va\u0161em ra\u010dunalu kako bi internetska stranica pravilno radila, lako se nadogra\u0111ivala i pobolj\u0161avala va\u0161e iskustvo pregledavanja. Vi\u0161e od 90% internetskih stranica upotrebljava kola\u010di\u0107e, ali su prema propisima Europske unije obvezne zatra\u017eiti privolu korisnika. Kori\u0161tenjem ove internetske stranice suglasni ste s uporabom kola\u010di\u0107a. Me\u0111utim, ako ne prihvatite [&hellip;]<\/p>\n","protected":false},"author":1,"featured_media":0,"parent":0,"menu_order":0,"comment_status":"closed","ping_status":"closed","template":"","meta":{"_acf_changed":false,"_et_pb_use_builder":"on","_et_pb_old_content":"","_et_gb_content_width":"","footnotes":""},"class_list":["post-16113","page","type-page","status-publish","hentry"],"acf":[],"_links":{"self":[{"href":"https:\/\/boombox.eu\/hr\/wp-json\/wp\/v2\/pages\/16113","targetHints":{"allow":["GET"]}}],"collection":[{"href":"https:\/\/boombox.eu\/hr\/wp-json\/wp\/v2\/pages"}],"about":[{"href":"https:\/\/boombox.eu\/hr\/wp-json\/wp\/v2\/types\/page"}],"author":[{"embeddable":true,"href":"https:\/\/boombox.eu\/hr\/wp-json\/wp\/v2\/users\/1"}],"replies":[{"embeddable":true,"href":"https:\/\/boombox.eu\/hr\/wp-json\/wp\/v2\/comments?post=16113"}],"version-history":[{"count":7,"href":"https:\/\/boombox.eu\/hr\/wp-json\/wp\/v2\/pages\/16113\/revisions"}],"predecessor-version":[{"id":21778,"href":"https:\/\/boombox.eu\/hr\/wp-json\/wp\/v2\/pages\/16113\/revisions\/21778"}],"wp:attachment":[{"href":"https:\/\/boombox.eu\/hr\/wp-json\/wp\/v2\/media?parent=16113"}],"curies":[{"name":"wp","href":"https:\/\/api.w.org\/{rel}","templated":true}]}}