{"id":4983,"date":"2024-01-24T13:35:16","date_gmt":"2024-01-24T13:35:16","guid":{"rendered":"https:\/\/new.boombox.eu\/faq\/"},"modified":"2024-09-19T19:59:22","modified_gmt":"2024-09-19T19:59:22","slug":"faq","status":"publish","type":"page","link":"https:\/\/boombox.eu\/de\/faq\/","title":{"rendered":"H\u00e4ufig gestellte Fragen"},"content":{"rendered":"<p>[et_pb_section fb_built=&#8220;1&#8243; custom_padding_last_edited=&#8220;on|phone&#8220; _builder_version=&#8220;4.23.4&#8243; _module_preset=&#8220;default&#8220; background_color=&#8220;#efe6fe&#8220; custom_padding=&#8220;9vh||12vh||false|false&#8220; custom_padding_tablet=&#8220;15vh||12vh||false|false&#8220; custom_padding_phone=&#8220;3vh||3vh||false|false&#8220; global_colors_info=&#8220;{}&#8220;][et_pb_row _builder_version=&#8220;4.23.4&#8243; _module_preset=&#8220;default&#8220; width_tablet=&#8220;&#8220; width_phone=&#8220;90%&#8220; width_last_edited=&#8220;on|phone&#8220; global_colors_info=&#8220;{}&#8220;][et_pb_column type=&#8220;4_4&#8243; _builder_version=&#8220;4.23.4&#8243; _module_preset=&#8220;default&#8220; global_colors_info=&#8220;{}&#8220;][et_pb_text _builder_version=&#8220;4.23.4&#8243; _module_preset=&#8220;default&#8220; text_text_color=&#8220;#000000&#8243; text_font_size=&#8220;24px&#8220; text_line_height=&#8220;1.4em&#8220; header_font=&#8220;|700|||||||&#8220; header_text_align=&#8220;center&#8220; header_text_color=&#8220;#aa95db&#8220; header_font_size=&#8220;50px&#8220; text_orientation=&#8220;center&#8220; custom_padding=&#8220;||||false|false&#8220; text_font_size_tablet=&#8220;24px&#8220; text_font_size_phone=&#8220;18px&#8220; text_font_size_last_edited=&#8220;on|phone&#8220; header_font_size_tablet=&#8220;50px&#8220; header_font_size_phone=&#8220;32px&#8220; header_font_size_last_edited=&#8220;on|phone&#8220; header_line_height_tablet=&#8220;&#8220; header_line_height_phone=&#8220;&#8220; header_line_height_last_edited=&#8220;on|phone&#8220; global_colors_info=&#8220;{}&#8220;]<\/p>\n<h1>H\u00e4ufig gestellte Fragen<\/h1>\n<p style=\"margin-top: 20px;\">Hast du noch Fragen zu unserem Boom Box Angebot? Vielleicht interessieren dich dieselben Themen wie andere Kunden. \u00dcberpr\u00fcfe, ob deine Antwort unter den am h\u00e4ufigsten gestellten Fragen zu finden ist.<\/p>\n<p>[\/et_pb_text][\/et_pb_column][\/et_pb_row][et_pb_row custom_padding_last_edited=&#8220;on|phone&#8220; _builder_version=&#8220;4.23.4&#8243; _module_preset=&#8220;default&#8220; width_tablet=&#8220;&#8220; width_phone=&#8220;90%&#8220; width_last_edited=&#8220;on|phone&#8220; custom_padding=&#8220;0px||0px||true|false&#8220; custom_padding_tablet=&#8220;0px||0px||true|false&#8220; custom_padding_phone=&#8220;0px||0px||true|false&#8220; global_colors_info=&#8220;{}&#8220;][et_pb_column type=&#8220;4_4&#8243; _builder_version=&#8220;4.23.4&#8243; _module_preset=&#8220;default&#8220; global_colors_info=&#8220;{}&#8220;][et_pb_toggle title=&#8220;Sind alle Boom Box Produkte pflanzlich?  &#8220; open_toggle_text_color=&#8220;#784312&#8243; icon_color=&#8220;#ed9bad&#8220; toggle_icon=&#8220;&#x43;||divi||400&#8243; use_icon_font_size=&#8220;on&#8220; icon_font_size=&#8220;28px&#8220; open_icon_color=&#8220;#ed9bad&#8220; open_toggle_icon=&#8220;&#x42;||divi||400&#8243; open_use_icon_font_size=&#8220;on&#8220; open_icon_font_size=&#8220;28px&#8220; _builder_version=&#8220;4.23.4&#8243; _module_preset=&#8220;default&#8220; title_text_color=&#8220;#784312&#8243; title_level=&#8220;h4&#8243; title_font=&#8220;|700|||||||&#8220; title_text_align=&#8220;center&#8220; title_font_size=&#8220;35px&#8220; title_line_height=&#8220;1.3em&#8220; body_text_align=&#8220;justify&#8220; body_text_color=&#8220;#000000&#8243; body_line_height=&#8220;1.4em&#8220; background_color=&#8220;RGBA(255,255,255,0)&#8220; custom_margin=&#8220;||0px||false|false&#8220; custom_padding=&#8220;30px||40px||false|false&#8220; title_font_size_tablet=&#8220;30px&#8220; title_font_size_phone=&#8220;24px&#8220; title_font_size_last_edited=&#8220;on|phone&#8220; title_line_height_tablet=&#8220;1.2em&#8220; title_line_height_phone=&#8220;1.3em&#8220; title_line_height_last_edited=&#8220;on|phone&#8220; body_font_size_tablet=&#8220;18px&#8220; body_font_size_phone=&#8220;14px&#8220; body_font_size_last_edited=&#8220;on|phone&#8220; custom_css_toggle_content=&#8220;max-width: 720px;||margin: 0 auto;&#8220; border_width_all=&#8220;0px&#8220; border_width_bottom=&#8220;1px&#8220; border_color_bottom=&#8220;#000000&#8243; global_colors_info=&#8220;{}&#8220;]<\/p>\n<p>Ja, alle Boom Box Produkte sind pflanzlich und mit dem Vegan-Zertifikat versehen.<\/p>\n<p>[\/et_pb_toggle][et_pb_toggle title=&#8220;Was bedeutet 100% pflanzlich?&#8220; open_toggle_text_color=&#8220;#784312&#8243; icon_color=&#8220;#ed9bad&#8220; toggle_icon=&#8220;&#x43;||divi||400&#8243; use_icon_font_size=&#8220;on&#8220; icon_font_size=&#8220;28px&#8220; open_icon_color=&#8220;#ed9bad&#8220; open_toggle_icon=&#8220;&#x42;||divi||400&#8243; open_use_icon_font_size=&#8220;on&#8220; open_icon_font_size=&#8220;28px&#8220; _builder_version=&#8220;4.23.4&#8243; _module_preset=&#8220;default&#8220; title_text_color=&#8220;#784312&#8243; title_level=&#8220;h4&#8243; title_font=&#8220;|700|||||||&#8220; title_text_align=&#8220;center&#8220; title_font_size=&#8220;35px&#8220; title_line_height=&#8220;1.3em&#8220; body_text_align=&#8220;justify&#8220; body_text_color=&#8220;#000000&#8243; body_line_height=&#8220;1.4em&#8220; background_color=&#8220;RGBA(255,255,255,0)&#8220; custom_margin=&#8220;||0px||false|false&#8220; custom_padding=&#8220;30px||40px||false|false&#8220; title_font_size_tablet=&#8220;30px&#8220; title_font_size_phone=&#8220;24px&#8220; title_font_size_last_edited=&#8220;on|phone&#8220; title_line_height_tablet=&#8220;1.2em&#8220; title_line_height_phone=&#8220;1.3em&#8220; title_line_height_last_edited=&#8220;on|phone&#8220; body_font_size_tablet=&#8220;18px&#8220; body_font_size_phone=&#8220;14px&#8220; body_font_size_last_edited=&#8220;on|phone&#8220; custom_css_toggle_content=&#8220;max-width: 720px;||margin: 0 auto;&#8220; border_width_all=&#8220;0px&#8220; border_width_bottom=&#8220;1px&#8220; border_color_bottom=&#8220;#000000&#8243; global_colors_info=&#8220;{}&#8220;]<\/p>\n<p>Produkte, die 100% pflanzlich sind, enthalten keinerlei tierische Produkte oder Bestandteile.<\/p>\n<p>[\/et_pb_toggle][et_pb_toggle title=&#8220;Bedeutet %22entwickelt mit Ern\u00e4hrungsexperten%22, dass sie von Ern\u00e4hrungsexperten hergestellt wurden?  &#8220; open_toggle_text_color=&#8220;#784312&#8243; icon_color=&#8220;#ed9bad&#8220; toggle_icon=&#8220;&#x43;||divi||400&#8243; use_icon_font_size=&#8220;on&#8220; icon_font_size=&#8220;28px&#8220; open_icon_color=&#8220;#ed9bad&#8220; open_toggle_icon=&#8220;&#x42;||divi||400&#8243; open_use_icon_font_size=&#8220;on&#8220; open_icon_font_size=&#8220;28px&#8220; _builder_version=&#8220;4.23.4&#8243; _module_preset=&#8220;default&#8220; title_text_color=&#8220;#784312&#8243; title_level=&#8220;h4&#8243; title_font=&#8220;|700|||||||&#8220; title_text_align=&#8220;center&#8220; title_font_size=&#8220;35px&#8220; title_line_height=&#8220;1.3em&#8220; body_text_align=&#8220;justify&#8220; body_text_color=&#8220;#000000&#8243; body_line_height=&#8220;1.4em&#8220; background_color=&#8220;RGBA(255,255,255,0)&#8220; custom_margin=&#8220;||0px||false|false&#8220; custom_padding=&#8220;30px||40px||false|false&#8220; title_font_size_tablet=&#8220;30px&#8220; title_font_size_phone=&#8220;24px&#8220; title_font_size_last_edited=&#8220;on|phone&#8220; title_line_height_tablet=&#8220;1.2em&#8220; title_line_height_phone=&#8220;1.3em&#8220; title_line_height_last_edited=&#8220;on|phone&#8220; body_font_size_tablet=&#8220;18px&#8220; body_font_size_phone=&#8220;14px&#8220; body_font_size_last_edited=&#8220;on|phone&#8220; custom_css_toggle_content=&#8220;max-width: 720px;||margin: 0 auto;&#8220; border_width_all=&#8220;0px&#8220; border_width_bottom=&#8220;1px&#8220; border_color_bottom=&#8220;#000000&#8243; global_colors_info=&#8220;{}&#8220;]<\/p>\n<p>&#8222;Entwickelt mit Ern\u00e4hrungsexperten&#8220; bedeutet, dass qualifizierte Ern\u00e4hrungsexperten uns bei der Entwicklung der Produkte unterst\u00fctzt haben, um ges\u00fcndere Optionen zu schaffen. Mit ihrer Hilfe haben wir gesunde und leckere Mahlzeiten auf Haferbasis ohne zus\u00e4tzlichen Zucker gestaltet, 100% pflanzlich, ohne k\u00fcnstliche Aromen und reich an Ballaststoffen.<\/p>\n<p>[\/et_pb_toggle][et_pb_toggle title=&#8220;Sind die Boom Box Produkte zuckerfrei?&#8220; open_toggle_text_color=&#8220;#784312&#8243; icon_color=&#8220;#ed9bad&#8220; toggle_icon=&#8220;&#x43;||divi||400&#8243; use_icon_font_size=&#8220;on&#8220; icon_font_size=&#8220;28px&#8220; open_icon_color=&#8220;#ed9bad&#8220; open_toggle_icon=&#8220;&#x42;||divi||400&#8243; open_use_icon_font_size=&#8220;on&#8220; open_icon_font_size=&#8220;28px&#8220; _builder_version=&#8220;4.23.4&#8243; _module_preset=&#8220;default&#8220; title_text_color=&#8220;#784312&#8243; title_level=&#8220;h4&#8243; title_font=&#8220;|700|||||||&#8220; title_text_align=&#8220;center&#8220; title_font_size=&#8220;35px&#8220; title_line_height=&#8220;1.3em&#8220; body_text_align=&#8220;justify&#8220; body_text_color=&#8220;#000000&#8243; body_line_height=&#8220;1.4em&#8220; background_color=&#8220;RGBA(255,255,255,0)&#8220; custom_margin=&#8220;||0px||false|false&#8220; custom_padding=&#8220;30px||40px||false|false&#8220; hover_enabled=&#8220;0&#8243; title_font_size_tablet=&#8220;30px&#8220; title_font_size_phone=&#8220;24px&#8220; title_font_size_last_edited=&#8220;on|phone&#8220; title_line_height_tablet=&#8220;1.2em&#8220; title_line_height_phone=&#8220;1.3em&#8220; title_line_height_last_edited=&#8220;on|phone&#8220; body_font_size_tablet=&#8220;18px&#8220; body_font_size_phone=&#8220;14px&#8220; body_font_size_last_edited=&#8220;on|phone&#8220; custom_css_toggle_content=&#8220;max-width: 720px;||margin: 0 auto;&#8220; border_width_all=&#8220;0px&#8220; border_width_bottom=&#8220;1px&#8220; border_color_bottom=&#8220;#000000&#8243; global_colors_info=&#8220;{}&#8220; sticky_enabled=&#8220;0&#8243;]<\/p>\n<p>Boom Box Produkte enthalten nat\u00fcrlichen Zucker aus Hafer und Obst, Polyolen und Probiotika, jedoch keinen zus\u00e4tzlichen Zucker. Diese nat\u00fcrliche Zuckerquelle macht sie zu einer n\u00e4hrstoffreicheren Wahl.<\/p>\n<p>[\/et_pb_toggle][et_pb_toggle title=&#8220;Sind Boom Box Produkte gesund?&#8220; open_toggle_text_color=&#8220;#784312&#8243; icon_color=&#8220;#ed9bad&#8220; toggle_icon=&#8220;&#x43;||divi||400&#8243; use_icon_font_size=&#8220;on&#8220; icon_font_size=&#8220;28px&#8220; open_icon_color=&#8220;#ed9bad&#8220; open_toggle_icon=&#8220;&#x42;||divi||400&#8243; open_use_icon_font_size=&#8220;on&#8220; open_icon_font_size=&#8220;28px&#8220; _builder_version=&#8220;4.23.4&#8243; _module_preset=&#8220;default&#8220; title_text_color=&#8220;#784312&#8243; title_level=&#8220;h4&#8243; title_font=&#8220;|700|||||||&#8220; title_text_align=&#8220;center&#8220; title_font_size=&#8220;35px&#8220; title_line_height=&#8220;1.3em&#8220; body_text_align=&#8220;justify&#8220; body_text_color=&#8220;#000000&#8243; body_line_height=&#8220;1.4em&#8220; background_color=&#8220;RGBA(255,255,255,0)&#8220; custom_margin=&#8220;||0px||false|false&#8220; custom_padding=&#8220;30px||40px||false|false&#8220; title_font_size_tablet=&#8220;30px&#8220; title_font_size_phone=&#8220;24px&#8220; title_font_size_last_edited=&#8220;on|phone&#8220; title_line_height_tablet=&#8220;1.2em&#8220; title_line_height_phone=&#8220;1.3em&#8220; title_line_height_last_edited=&#8220;on|phone&#8220; body_font_size_tablet=&#8220;18px&#8220; body_font_size_phone=&#8220;14px&#8220; body_font_size_last_edited=&#8220;on|phone&#8220; custom_css_toggle_content=&#8220;max-width: 720px;||margin: 0 auto;&#8220; border_width_all=&#8220;0px&#8220; border_width_bottom=&#8220;1px&#8220; border_color_bottom=&#8220;#000000&#8243; global_colors_info=&#8220;{}&#8220;]<\/p>\n<p>Ja! Die Produkte enthalten keinen zus\u00e4tzlichen Zucker und keine k\u00fcnstlichen Aromen. Sie sind vegan und mit dem Zertifikat &#8222;gesund leben&#8220; ausgezeichnet.<\/p>\n<p>[\/et_pb_toggle][\/et_pb_column][\/et_pb_row][\/et_pb_section]<\/p>\n","protected":false},"excerpt":{"rendered":"<p>H\u00e4ufig gestellte Fragen Hast du noch Fragen zu unserem Boom Box Angebot? Vielleicht interessieren dich dieselben Themen wie andere Kunden. \u00dcberpr\u00fcfe, ob deine Antwort unter den am h\u00e4ufigsten gestellten Fragen zu finden ist.Ja, alle Boom Box Produkte sind pflanzlich und mit dem Vegan-Zertifikat versehen.Produkte, die 100% pflanzlich sind, enthalten keinerlei tierische Produkte oder Bestandteile.&#8220;Entwickelt mit [&hellip;]<\/p>\n","protected":false},"author":1,"featured_media":0,"parent":0,"menu_order":0,"comment_status":"closed","ping_status":"closed","template":"","meta":{"_acf_changed":false,"_et_pb_use_builder":"on","_et_pb_old_content":"","_et_gb_content_width":"","footnotes":""},"class_list":["post-4983","page","type-page","status-publish","hentry"],"acf":[],"_links":{"self":[{"href":"https:\/\/boombox.eu\/de\/wp-json\/wp\/v2\/pages\/4983","targetHints":{"allow":["GET"]}}],"collection":[{"href":"https:\/\/boombox.eu\/de\/wp-json\/wp\/v2\/pages"}],"about":[{"href":"https:\/\/boombox.eu\/de\/wp-json\/wp\/v2\/types\/page"}],"author":[{"embeddable":true,"href":"https:\/\/boombox.eu\/de\/wp-json\/wp\/v2\/users\/1"}],"replies":[{"embeddable":true,"href":"https:\/\/boombox.eu\/de\/wp-json\/wp\/v2\/comments?post=4983"}],"version-history":[{"count":37,"href":"https:\/\/boombox.eu\/de\/wp-json\/wp\/v2\/pages\/4983\/revisions"}],"predecessor-version":[{"id":19738,"href":"https:\/\/boombox.eu\/de\/wp-json\/wp\/v2\/pages\/4983\/revisions\/19738"}],"wp:attachment":[{"href":"https:\/\/boombox.eu\/de\/wp-json\/wp\/v2\/media?parent=4983"}],"curies":[{"name":"wp","href":"https:\/\/api.w.org\/{rel}","templated":true}]}}