{"id":21372,"date":"2024-06-25T12:39:15","date_gmt":"2024-06-25T12:39:15","guid":{"rendered":"https:\/\/boombox.eu\/datenschutzrichtlinie\/"},"modified":"2024-12-09T12:43:11","modified_gmt":"2024-12-09T12:43:11","slug":"datenschutzrichtlinie","status":"publish","type":"page","link":"https:\/\/boombox.eu\/de\/datenschutzrichtlinie\/","title":{"rendered":"Datenschutzrichtlinie"},"content":{"rendered":"<p>[et_pb_section fb_built=&#8220;1&#8243; admin_label=&#8220;section&#8220; _builder_version=&#8220;4.16&#8243; global_colors_info=&#8220;{}&#8220;][et_pb_row admin_label=&#8220;row&#8220; _builder_version=&#8220;4.16&#8243; background_size=&#8220;initial&#8220; background_position=&#8220;top_left&#8220; background_repeat=&#8220;repeat&#8220; global_colors_info=&#8220;{}&#8220;][et_pb_column type=&#8220;4_4&#8243; _builder_version=&#8220;4.16&#8243; custom_padding=&#8220;|||&#8220; global_colors_info=&#8220;{}&#8220; custom_padding__hover=&#8220;|||&#8220;][et_pb_text admin_label=&#8220;Text&#8220; _builder_version=&#8220;4.23.4&#8243; header_4_font=&#8220;Montserrat||||||||&#8220; background_size=&#8220;initial&#8220; background_position=&#8220;top_left&#8220; background_repeat=&#8220;repeat&#8220; hover_enabled=&#8220;0&#8243; global_colors_info=&#8220;{}&#8220; custom_css_main_element=&#8220;p {||  font-size: 18px !important;||  font-weight: 400 !important;||}&#8220; sticky_enabled=&#8220;0&#8243;]<\/p>\n<h1>Datenschutzrichtlinie<\/h1>\n<p>Cedevita d.o.o. (im Folgenden: das Unternehmen oder wir) ist Teil des Gesch\u00e4ftssystems der Atlantic Grupa, in dem hohe Standards f\u00fcr Unternehmensf\u00fchrung und transparente Gesch\u00e4ftspraktiken etabliert und angewendet werden. Diese umfassen verantwortungsvolles, rechtm\u00e4\u00dfiges und ethisch basiertes Verhalten aller juristischen Personen innerhalb der Atlantic Grupa, einschlie\u00dflich des Respekts f\u00fcr die Privatsph\u00e4re und den Schutz personenbezogener Daten.<\/p>\n<p>Geleitet von diesen Standards sammelt und verarbeitet das Unternehmen als Datenverantwortlicher innerhalb des Gesch\u00e4ftssystems der Atlantic Grupa personenbezogene Daten rechtm\u00e4\u00dfig, fair und transparent, in \u00dcbereinstimmung mit den geltenden Vorschriften, und trifft angemessene technische und organisatorische Ma\u00dfnahmen, um personenbezogene Daten vor unbefugtem Zugriff und Missbrauch zu sch\u00fctzen. Das Unternehmen ist sich bewusst, dass der Schutz personenbezogener Daten f\u00fcr unsere Nutzer und Befragten wichtig ist. Daher m\u00f6chten wir Ihnen erl\u00e4utern, welche personenbezogenen Daten wir sammeln, wie wir sie verwalten und wie wir f\u00fcr ihren Schutz sorgen.<\/p>\n<h4>Zwecke, Umfang und rechtliche Grundlage der Verarbeitung<\/h4>\n<p>Wir erheben personenbezogene Daten f\u00fcr spezifische, eindeutige und legitime Zwecke, im erforderlichen Umfang und verarbeiten diese in einer Weise, die mit diesen Zwecken \u00fcbereinstimmt.<br \/>Das Unternehmen wird personenbezogene Daten nur erheben und verarbeiten, wenn dies gesetzlich zul\u00e4ssig ist:<\/p>\n<p style=\"padding-left: 40px;\">\uf0a7 die Verarbeitung ist erforderlich, um gesetzlichen Verpflichtungen nachzukommen,<br \/>\uf0a7 wenn die betroffene Person ihre Einwilligung zur Verarbeitung ihrer personenbezogenen Daten gegeben hat,<br \/>\uf0a7 die Verarbeitung ist erforderlich zur Erf\u00fcllung eines Vertrags, an dem die betroffene Person beteiligt ist, oder um auf Anfrage der betroffenen Person vor Abschluss eines Vertrags Ma\u00dfnahmen zu ergreifen,<br \/>\uf0a7 die Verarbeitung ist erforderlich zum Schutz der lebenswichtigen Interessen der betroffenen Person oder einer anderen nat\u00fcrlichen Person,<br \/>\uf0a7 die Verarbeitung ist erforderlich f\u00fcr die Zwecke der berechtigten Interessen, die das Unternehmen oder verbundene Unternehmen verfolgen.<\/p>\n<h4>Erhebung und Nutzung personenbezogener Daten<\/h4>\n<p>Personenbezogene Daten sind Informationen, die Sie direkt oder indirekt identifizieren, wie Ihr Name, Ihre E-Mail-Adresse, Ihre Telefonnummer, Ihre IP-Adresse oder Ihre Postanschrift. Das Unternehmen erhebt Ihre personenbezogenen Daten nicht, es sei denn, Sie stellen diese Daten ausdr\u00fccklich zur Verf\u00fcgung (z. B. durch Anfrage zu einem bestimmten Produkt oder Dienst, Abschluss eines Vertrags, Antrag auf bestimmte Ma\u00dfnahmen vor dem Abschluss eines Vertrags, Teilnahme an Treueprogrammen, Anmeldung zu elektronischen Newslettern, Teilnahme an Umfragen, Wettbewerben und Verlosungen, Bestellung von Mustern oder Brosch\u00fcren, Anfrage nach Spenden, Einreichung eines Lebenslaufs oder einer offenen Bewerbung oder Bewerbung auf offene Stellen).<\/p>\n<p>Wir erheben, speichern, verwenden oder \u00fcbertragen Ihre personenbezogenen Daten in dem Umfang \u2013 sowohl inhaltlich als auch zeitlich \u2013 der f\u00fcr einen bestimmten Fall erforderlich ist, z. B. um auf Ihre Anfragen zu antworten, Ihre W\u00fcnsche zu erf\u00fcllen, Sie \u00fcber unsere Produkte zu informieren, \u00fcber die Ergebnisse von Wettbewerben oder Verlosungen zu informieren, vertragliche Verpflichtungen zu erf\u00fcllen oder notwendige Ma\u00dfnahmen vor dem Abschluss eines Vertrags zu ergreifen, oder um andere gesetzliche Verpflichtungen zu erf\u00fcllen.<\/p>\n<p>Aus diesen Gr\u00fcnden kann es notwendig sein, personenbezogene Daten an andere Unternehmen innerhalb der Atlantic Grupa und verbundene Unternehmen oder externe Dienstleister zur weiteren Verarbeitung zu \u00fcbermitteln. Dienstleister k\u00f6nnen beispielsweise im Bereich der Call-Center-Dienste, der Produktlieferung, der Verteilung von Werbematerialien oder der Organisation und Durchf\u00fchrung von Verlosungen eingesetzt werden. Das Unternehmen verlangt von diesen Parteien, dass sie die geltenden gesetzlichen Vorschriften einhalten, unsere Anweisungen respektieren und sich an unsere internen Regeln zum Schutz personenbezogener Daten sowie an die Anforderungen zur Umsetzung angemessener organisatorischer und technischer Ma\u00dfnahmen zum Schutz personenbezogener Daten halten.<\/p>\n<p>Das Unternehmen garantiert, dass es Ihre personenbezogenen Daten nicht verkauft und dass es Ihre personenbezogenen Daten nicht an Dritte weitergibt oder verleiht, es sei denn, dies ist erforderlich, um einen bestimmten Zweck zu erf\u00fcllen, f\u00fcr den Sie diese Daten bereitgestellt haben. Das Unternehmen garantiert auch, dass Ihre Daten nicht an unbefugte Empf\u00e4nger weitergegeben werden. Es kann erforderlich sein, dass wir Ihre personenbezogenen Daten an eine zust\u00e4ndige \u00f6ffentliche Beh\u00f6rde weitergeben, wenn dies gesetzlich oder durch eine andere bindende Vorschrift gefordert wird. Die gesammelten Daten werden so lange aufbewahrt, wie es f\u00fcr den Zweck, zu dem sie gesammelt wurden, erforderlich ist oder gem\u00e4\u00df den geltenden Vorschriften.<\/p>\n<h4>Nutzung personenbezogener Daten f\u00fcr Werbe- und Marketingzwecke<\/h4>\n<p>Wenn Ihre personenbezogenen Daten f\u00fcr Werbe- und Marketingzwecke verwendet werden, wird gem\u00e4\u00df den geltenden Gesetzen im Bereich des Datenschutzes Ihre Daten f\u00fcr diese Zwecke gespeichert und verwendet, z. B. zum Versand von Newslettern, Produktmustern, Einladungen zur Teilnahme an Wettbewerben und Verlosungen, per E-Mail oder Post oder \u00fcber einen anderen Kommunikationskanal, den Sie akzeptiert haben.<\/p>\n<p>Wenn Ihre personenbezogenen Daten f\u00fcr den Versand individueller (angepasster) Werbung und Promotions durch die Erstellung und Pflege eines Benutzerprofils verwendet werden, werden Sie im Voraus informiert, bevor solche Werbung und Promotions versendet werden, und wir werden sicherlich um Ihre spezifische, ausdr\u00fcckliche und informierte Zustimmung vor dieser Art der Verarbeitung personenbezogener Daten bitten.<\/p>\n<p>Wir k\u00f6nnen Ihre Daten verwenden, um die Effizienz unserer Internetdienste, Werbung, Marketing, Marktforschung und Verkaufsbem\u00fchungen zu analysieren und zu verbessern, durch Umfragen oder andere Arten von Anfragen, oder in einer Weise, die sicherstellt, dass Ihre personenbezogenen Daten anonymisiert werden, d. h. nicht mit einer Person in Verbindung gebracht werden k\u00f6nnen.<\/p>\n<h4>Aus\u00fcbung der Rechte der betroffenen Personen<\/h4>\n<p>Sie k\u00f6nnen jederzeit Informationen \u00fcber Ihre personenbezogenen Daten, die wir verarbeiten, anfordern oder deren Berichtigung verlangen, die Einstellung ihrer Nutzung oder die L\u00f6schung Ihrer personenbezogenen Daten verlangen oder Ihre Einwilligung f\u00fcr alle oder nur einige Zwecke widerrufen (es sei denn, dies ist nicht m\u00f6glich, z. B. bei der Verarbeitung von Daten f\u00fcr statistische Zwecke, bei denen personenbezogene Daten nicht mehr mit einer Person in Verbindung gebracht werden k\u00f6nnen), oder die \u00dcbertragung von Daten an einen anderen Datenverantwortlichen unter den gesetzlichen Bedingungen beantragen oder sich von unserem Informations- und Werbematerial abmelden.<\/p>\n<p>Sie k\u00f6nnen auch der Nutzung Ihrer personenbezogenen Daten in Situationen widersprechen, die auf unserem berechtigten Interesse basieren, insbesondere wenn wir sie f\u00fcr Direktmarketingzwecke verwenden. Von unserer Seite werden wir angemessene Anstrengungen unternehmen, um sicherzustellen, dass Ihre uns bereitgestellten personenbezogenen Daten genau erfasst werden, aber die Verantwortung f\u00fcr ihre Richtigkeit liegt bei Ihnen, und wir bitten Sie, diese regelm\u00e4\u00dfig und rechtzeitig zu aktualisieren oder uns eine Anfrage zur \u00c4nderung oder Berichtigung zu senden.<\/p>\n<p>Um alle Ihre Rechte und Verpflichtungen im Zusammenhang mit der Nutzung personenbezogener Daten auszu\u00fcben, k\u00f6nnen Sie die auf der Website angegebene E-Mail-Adresse oder die Adresse des registrierten B\u00fcros des Unternehmens kontaktieren oder die E-Mail-Adresse: dpo@atlanticgrupa.com verwenden oder wie in den bereitgestellten Werbematerialien angegeben. Nach Kontaktaufnahme und Einreichung der oben genannten Anfragen werden wir angemessene Anstrengungen unternehmen, um Ihre Identit\u00e4t zu best\u00e4tigen und unbefugte Verarbeitung personenbezogener Daten zu verhindern. Nach Erhalt Ihrer Anfragen werden wir die angeforderten Ma\u00dfnahmen innerhalb eines angemessenen Zeitrahmens und sp\u00e4testens innerhalb von 30 Tagen nach Eingang der Anfrage durchf\u00fchren.<\/p>\n<p>Gem\u00e4\u00df den geltenden Gesetzen behalten wir uns das Recht vor, Ihnen die Kosten in Rechnung zu stellen, die im Zusammenhang mit der Bearbeitung Ihrer Anfrage entstehen, wenn die Anfrage eindeutig unbegr\u00fcndet oder \u00fcberm\u00e4\u00dfig wiederholt ist, insbesondere wenn es sich um wiederholte Anfragen handelt, auf die bereits geantwortet wurde.<\/p>\n<h4>Kinder<\/h4>\n<p>Grunds\u00e4tzlich erheben wir keine Daten \u00fcber Kinder. Sollten wir feststellen, dass uns solche Daten ohne die Zustimmung der Eltern oder gesetzlichen Vertreter \u00fcbermittelt wurden, werden wir sie so schnell wie m\u00f6glich l\u00f6schen. Dabei werden wir uns an die Richtlinien halten, die Sie uns als Eltern oder gesetzliche Vertreter gegeben haben.<br \/>Sollten wir dennoch f\u00fcr einen bestimmten Zweck Daten von Kindern in einem Alter erheben, in dem nach geltendem Recht die Zustimmung der Eltern zur Verarbeitung ihrer personenbezogenen Daten erforderlich ist, werden wir dar\u00fcber entsprechende Informationen bereitstellen und angemessene Ma\u00dfnahmen ergreifen, um sicherzustellen, dass die Kinder die Zustimmung der Eltern oder des gesetzlichen Vertreters haben.<\/p>\n<h4>Sicherheit personenbezogener Daten<\/h4>\n<p>Um Ihre personenbezogenen Daten zu sch\u00fctzen, ergreifen wir alle angemessenen technischen und organisatorischen Ma\u00dfnahmen. Unter Ber\u00fccksichtigung der Spezifika der Verarbeitung und der verf\u00fcgbaren Technologie organisieren und kontrollieren wir Prozesse, um das Risiko eines unbefugten Zugriffs oder einer Verarbeitung Ihrer personenbezogenen Daten, deren Verlust, Zerst\u00f6rung oder Missbrauch zu minimieren.<\/p>\n<h4>Zugriff, \u00dcberpr\u00fcfung und \u00c4nderungen<\/h4>\n<p>Die Datenschutzrichtlinie kann von Zeit zu Zeit aufgrund von \u00c4nderungen der geltenden Gesetze oder der Gesch\u00e4ftspraktiken des Unternehmens ge\u00e4ndert werden, weshalb wir empfehlen, sie regelm\u00e4\u00dfig zu \u00fcberpr\u00fcfen, um \u00fcber m\u00f6gliche \u00c4nderungen informiert zu bleiben. Bei wesentlichen \u00c4nderungen werden wir Sie per E-Mail oder auf unserer Website informieren.<\/p>\n<p>[\/et_pb_text][\/et_pb_column][\/et_pb_row][\/et_pb_section]<\/p>\n","protected":false},"excerpt":{"rendered":"<p>Datenschutzrichtlinie Cedevita d.o.o. (im Folgenden: das Unternehmen oder wir) ist Teil des Gesch\u00e4ftssystems der Atlantic Grupa, in dem hohe Standards f\u00fcr Unternehmensf\u00fchrung und transparente Gesch\u00e4ftspraktiken etabliert und angewendet werden. Diese umfassen verantwortungsvolles, rechtm\u00e4\u00dfiges und ethisch basiertes Verhalten aller juristischen Personen innerhalb der Atlantic Grupa, einschlie\u00dflich des Respekts f\u00fcr die Privatsph\u00e4re und den Schutz personenbezogener Daten. [&hellip;]<\/p>\n","protected":false},"author":1,"featured_media":0,"parent":0,"menu_order":0,"comment_status":"closed","ping_status":"closed","template":"","meta":{"_acf_changed":false,"_et_pb_use_builder":"on","_et_pb_old_content":"","_et_gb_content_width":"","footnotes":""},"class_list":["post-21372","page","type-page","status-publish","hentry"],"acf":[],"_links":{"self":[{"href":"https:\/\/boombox.eu\/de\/wp-json\/wp\/v2\/pages\/21372","targetHints":{"allow":["GET"]}}],"collection":[{"href":"https:\/\/boombox.eu\/de\/wp-json\/wp\/v2\/pages"}],"about":[{"href":"https:\/\/boombox.eu\/de\/wp-json\/wp\/v2\/types\/page"}],"author":[{"embeddable":true,"href":"https:\/\/boombox.eu\/de\/wp-json\/wp\/v2\/users\/1"}],"replies":[{"embeddable":true,"href":"https:\/\/boombox.eu\/de\/wp-json\/wp\/v2\/comments?post=21372"}],"version-history":[{"count":6,"href":"https:\/\/boombox.eu\/de\/wp-json\/wp\/v2\/pages\/21372\/revisions"}],"predecessor-version":[{"id":21773,"href":"https:\/\/boombox.eu\/de\/wp-json\/wp\/v2\/pages\/21372\/revisions\/21773"}],"wp:attachment":[{"href":"https:\/\/boombox.eu\/de\/wp-json\/wp\/v2\/media?parent=21372"}],"curies":[{"name":"wp","href":"https:\/\/api.w.org\/{rel}","templated":true}]}}