{"id":21348,"date":"2024-06-13T23:03:05","date_gmt":"2024-06-13T23:03:05","guid":{"rendered":"https:\/\/boombox.eu\/cookies\/"},"modified":"2024-12-09T13:49:40","modified_gmt":"2024-12-09T13:49:40","slug":"cookies","status":"publish","type":"page","link":"https:\/\/boombox.eu\/de\/cookies\/","title":{"rendered":"Cookies"},"content":{"rendered":"<p>[et_pb_section fb_built=&#8220;1&#8243; admin_label=&#8220;section&#8220; _builder_version=&#8220;4.16&#8243; global_colors_info=&#8220;{}&#8220;][et_pb_row admin_label=&#8220;row&#8220; _builder_version=&#8220;4.16&#8243; background_size=&#8220;initial&#8220; background_position=&#8220;top_left&#8220; background_repeat=&#8220;repeat&#8220; global_colors_info=&#8220;{}&#8220;][et_pb_column type=&#8220;4_4&#8243; _builder_version=&#8220;4.16&#8243; custom_padding=&#8220;|||&#8220; global_colors_info=&#8220;{}&#8220; custom_padding__hover=&#8220;|||&#8220;][et_pb_text admin_label=&#8220;Text&#8220; _builder_version=&#8220;4.23.4&#8243; header_4_font=&#8220;Montserrat||||||||&#8220; background_size=&#8220;initial&#8220; background_position=&#8220;top_left&#8220; background_repeat=&#8220;repeat&#8220; hover_enabled=&#8220;0&#8243; global_colors_info=&#8220;{}&#8220; custom_css_main_element=&#8220;p {||  font-size: 18px !important;||  font-weight: 400 !important;||}&#8220; sticky_enabled=&#8220;0&#8243;]<\/p>\n<h1>Cookies<\/h1>\n<p>Um sicherzustellen, dass die Website ordnungsgem\u00e4\u00df funktioniert, eine einfache Aktualisierung erm\u00f6glicht und Ihr Surferlebnis verbessert wird, ist es erforderlich, eine minimale Menge an Informationen (Cookies) auf Ihrem Computer zu speichern. \u00dcber 90 % der Websites verwenden Cookies, sind jedoch gem\u00e4\u00df den Vorschriften der Europ\u00e4ischen Union verpflichtet, die Zustimmung der Benutzer einzuholen. Mit der Nutzung dieser Website stimmen Sie der Verwendung von Cookies zu.<\/p>\n<p>Wenn Sie jedoch die Verwendung von Cookies nicht akzeptieren, k\u00f6nnen Sie die Website weiterhin durchsuchen, jedoch werden m\u00f6glicherweise nicht alle Funktionen korrekt angezeigt oder ausgef\u00fchrt.<\/p>\n<p>&nbsp;<\/p>\n<h4>Cookie-Richtlinien<\/h4>\n<p>Um sicherzustellen, dass die Website ordnungsgem\u00e4\u00df funktioniert und Ihr Surferlebnis verbessert wird, muss eine minimale Menge an Informationen (Cookies) auf Ihrem Computer gespeichert werden. \u00dcber 90 % der Websites verwenden Cookies, sind jedoch gem\u00e4\u00df den Vorschriften der Europ\u00e4ischen Union verpflichtet, die Zustimmung der Benutzer einzuholen. Mit der Nutzung dieser Website stimmen Sie der Verwendung von Cookies zu. Wenn Sie sie nicht akzeptieren, k\u00f6nnen Sie die Website weiterhin durchsuchen, jedoch k\u00f6nnen bestimmte Funktionen m\u00f6glicherweise nicht korrekt angezeigt oder ausgef\u00fchrt werden.<\/p>\n<p>&nbsp;<\/p>\n<h4>Was ist ein Cookie?<\/h4>\n<p>Ein Cookie ist eine Information, die die von Ihnen besuchte Website auf Ihrem Computer speichert. Cookies speichern in der Regel Ihre Einstellungen f\u00fcr die Website, wie beispielsweise die gew\u00fcnschte Sprache oder Adresse. Wenn Sie die Website sp\u00e4ter erneut aufrufen, sendet der Browser die Cookies zur\u00fcck, die zu dieser Seite geh\u00f6ren. Dadurch kann die Website Informationen anzeigen, die auf Ihre Bed\u00fcrfnisse zugeschnitten sind.<\/p>\n<p>Cookies k\u00f6nnen eine Vielzahl von Informationen speichern, einschlie\u00dflich pers\u00f6nlicher Informationen (Ihrem Namen oder Ihrer E-Mail-Adresse). Diese Informationen d\u00fcrfen jedoch nur mit Ihrer Zustimmung gespeichert werden \u2013 Websites haben keinen Zugriff auf Informationen, wenn Sie dies nicht genehmigt haben, und sie k\u00f6nnen auch nicht auf andere Dateien auf Ihrem Computer oder Mobilger\u00e4t zugreifen. Die Standardeinstellungen f\u00fcr das Speichern und Senden von Cookies sind f\u00fcr Sie nicht sichtbar, aber Sie k\u00f6nnen Ihre Browsereinstellungen \u00e4ndern, um selbst zu entscheiden, ob Sie Anfragen zum Speichern von Cookies zulassen oder ablehnen m\u00f6chten, gespeicherte Cookies beim Schlie\u00dfen des Browsers automatisch zu l\u00f6schen usw.<\/p>\n<p>&nbsp;<\/p>\n<h4>Wie lehnen Sie Cookies ab?<\/h4>\n<p>Indem Sie Cookies ablehnen, entscheiden Sie, ob Sie das Speichern von Cookies auf Ihrem Computer oder Mobilger\u00e4t erlauben m\u00f6chten. Die Cookie-Einstellungen k\u00f6nnen in Ihrem Browser verwaltet und konfiguriert werden. Wenn Sie Cookies nicht akzeptieren, kann es sein, dass Sie bestimmte Funktionen auf der Website nicht nutzen k\u00f6nnen.<\/p>\n<p>&nbsp;<\/p>\n<h4>Was sind tempor\u00e4re Cookies?<\/h4>\n<p>Tempor\u00e4re Cookies oder Sitzungscookies werden nach dem Schlie\u00dfen des Browsers von Ihrem Computer gel\u00f6scht. Mit ihnen speichern Websites tempor\u00e4re Daten, wie beispielsweise Produkte im Einkaufswagen.<\/p>\n<p>&nbsp;<\/p>\n<h4>Was sind permanente Cookies?<\/h4>\n<p>Permanente oder gespeicherte Cookies bleiben auf Ihrem Computer, auch nachdem Sie das Browserprogramm geschlossen haben. Mit ihnen speichern Websites Daten wie Ihren Benutzernamen und Ihr Passwort, sodass Sie sich nicht jedes Mal anmelden m\u00fcssen, wenn Sie die Website besuchen. Permanente Cookies bleiben mehrere Tage, Monate oder sogar Jahre auf Ihrem Computer.<\/p>\n<p>&nbsp;<\/p>\n<h4>Was sind Erstanbieter-Cookies?<\/h4>\n<p>Erstanbieter-Cookies (eigene Cookies) stammen von Websites, die der Benutzer besucht, und k\u00f6nnen dauerhaft oder tempor\u00e4r sein. Mit diesen Cookies k\u00f6nnen Websites Daten speichern, die sie beim n\u00e4chsten Besuch durch den Benutzer wiederverwenden.<\/p>\n<p>&nbsp;<\/p>\n<h4>Was sind Drittanbieter-Cookies?<\/h4>\n<p>Drittanbieter-Cookies (andere Cookies) stammen von anderen, Partner-Websites (zum Beispiel von Pop-up-Fenstern oder anderen Werbeanzeigen) und sind auf der von Ihnen besuchten Website vorhanden. Mit diesen Cookies k\u00f6nnen Websites die Internetnutzung zu Verkaufszwecken verfolgen.<\/p>\n<p>&nbsp;<\/p>\n<h4>Verwendet diese Website Cookies?<\/h4>\n<p>Ja, mit dem prim\u00e4ren Ziel, Ihnen das beste Benutzererlebnis zu bieten.<\/p>\n<p>&nbsp;<\/p>\n<h4>Welche Cookies verwendet diese Website und warum?<\/h4>\n<p>Tempor\u00e4re Cookies oder Sitzungscookies sind Cookies, die ablaufen (und automatisch gel\u00f6scht werden), wenn Sie den Browser schlie\u00dfen. Wir verwenden tempor\u00e4re Cookies, damit die Benutzer die beste Erfahrung bei der Nutzung unserer Website haben.<\/p>\n<p>Permanente oder gespeicherte Cookies \u2013 ihr Ablaufdatum liegt normalerweise weit in der Zukunft, sodass sie in Ihrem Browser bleiben, bis sie ablaufen oder Sie sie manuell l\u00f6schen. Wir verwenden permanente Cookies, um die Gewohnheiten unserer Benutzer besser zu verstehen und die Website entsprechend anzupassen. Auf Basis der gesammelten Daten ist es nicht m\u00f6glich, Sie als Benutzer zu identifizieren, und die gesammelten Daten werden ausschlie\u00dflich zu statistischen Zwecken verwendet.<\/p>\n<p>&nbsp;<\/p>\n<h4>Gibt es auf der Website Drittanbieter-Cookies?<\/h4>\n<p>Es gibt mehrere externe Dienste, die auf dem Computer des Benutzers begrenzte Cookies speichern. Diese Cookies wurden nicht von dieser Website gesetzt, aber einige sind f\u00fcr das ordnungsgem\u00e4\u00dfe Funktionieren bestimmter Funktionen erforderlich, die den Benutzern den Zugriff auf Inhalte erleichtern. Daher gelten die Datenschutzinformationen, die Ihnen bekannt sind, hier nur f\u00fcr diese Website, und die Datenschutzinformationen externer Dienste sollten auf deren offiziellen Seiten \u00fcberpr\u00fcft werden.<\/p>\n<p>Aktuell erm\u00f6glichen wir:<\/p>\n<p>Besuchsanalysen<\/p>\n<p>Diese Website verwendet Dienste zur Messung der Nutzerzahlen, insbesondere Google Analytics. Basierend auf den gesammelten Daten ist es nicht m\u00f6glich, den Benutzer zu identifizieren, und die gesammelten Daten werden ausschlie\u00dflich zu statistischen Zwecken verwendet. Wenn Sie verhindern m\u00f6chten, dass diese Dienste Cookies auf Ihrem Computer speichern, k\u00f6nnen Sie jeden Dienst \u00fcber die folgenden Links ablehnen:<\/p>\n<p>&nbsp;<\/p>\n<p>Google Analytics \u2013 https:\/\/tools.google.com\/dlpage\/gaoptout<\/p>\n<p>iProm &#8211; UIDWeitere Informationen zur Ablehnung von Cookies<\/p>\n<p>Aktuell gibt es mehrere Websites zur Ablehnung des Speicherns von Cookies f\u00fcr verschiedene Dienste.<\/p>\n<p>Sie k\u00f6nnen mehr dar\u00fcber \u00fcber die folgenden Links erfahren:<\/p>\n<p>&nbsp;<\/p>\n<p>http:\/\/www.allaboutcookies.org\/<\/p>\n<p>http:\/\/www.youronlinechoices.eu\/[\/et_pb_text][\/et_pb_column][\/et_pb_row][\/et_pb_section]<\/p>\n","protected":false},"excerpt":{"rendered":"<p>Cookies Um sicherzustellen, dass die Website ordnungsgem\u00e4\u00df funktioniert, eine einfache Aktualisierung erm\u00f6glicht und Ihr Surferlebnis verbessert wird, ist es erforderlich, eine minimale Menge an Informationen (Cookies) auf Ihrem Computer zu speichern. \u00dcber 90 % der Websites verwenden Cookies, sind jedoch gem\u00e4\u00df den Vorschriften der Europ\u00e4ischen Union verpflichtet, die Zustimmung der Benutzer einzuholen. Mit der Nutzung [&hellip;]<\/p>\n","protected":false},"author":1,"featured_media":0,"parent":0,"menu_order":0,"comment_status":"closed","ping_status":"closed","template":"","meta":{"_acf_changed":false,"_et_pb_use_builder":"on","_et_pb_old_content":"","_et_gb_content_width":"","footnotes":""},"class_list":["post-21348","page","type-page","status-publish","hentry"],"acf":[],"_links":{"self":[{"href":"https:\/\/boombox.eu\/de\/wp-json\/wp\/v2\/pages\/21348","targetHints":{"allow":["GET"]}}],"collection":[{"href":"https:\/\/boombox.eu\/de\/wp-json\/wp\/v2\/pages"}],"about":[{"href":"https:\/\/boombox.eu\/de\/wp-json\/wp\/v2\/types\/page"}],"author":[{"embeddable":true,"href":"https:\/\/boombox.eu\/de\/wp-json\/wp\/v2\/users\/1"}],"replies":[{"embeddable":true,"href":"https:\/\/boombox.eu\/de\/wp-json\/wp\/v2\/comments?post=21348"}],"version-history":[{"count":4,"href":"https:\/\/boombox.eu\/de\/wp-json\/wp\/v2\/pages\/21348\/revisions"}],"predecessor-version":[{"id":21780,"href":"https:\/\/boombox.eu\/de\/wp-json\/wp\/v2\/pages\/21348\/revisions\/21780"}],"wp:attachment":[{"href":"https:\/\/boombox.eu\/de\/wp-json\/wp\/v2\/media?parent=21348"}],"curies":[{"name":"wp","href":"https:\/\/api.w.org\/{rel}","templated":true}]}}