{"id":4078,"date":"2024-01-24T13:35:16","date_gmt":"2024-01-24T13:35:16","guid":{"rendered":"https:\/\/new.boombox.eu\/faq\/"},"modified":"2025-11-02T22:40:44","modified_gmt":"2025-11-02T22:40:44","slug":"faq","status":"publish","type":"page","link":"https:\/\/boombox.eu\/bs\/faq\/","title":{"rendered":"FAQ"},"content":{"rendered":"<p>[et_pb_section fb_built=&#8221;1&#8221; custom_padding_last_edited=&#8221;on|phone&#8221; _builder_version=&#8221;4.23.4&#8221; _module_preset=&#8221;default&#8221; background_color=&#8221;#efe6fe&#8221; custom_padding=&#8221;9vh||12vh||false|false&#8221; custom_padding_tablet=&#8221;15vh||12vh||false|false&#8221; custom_padding_phone=&#8221;3vh||3vh||false|false&#8221; global_colors_info=&#8221;{}&#8221; da_is_popup=&#8221;off&#8221; da_exit_intent=&#8221;off&#8221; da_has_close=&#8221;on&#8221; da_alt_close=&#8221;off&#8221; da_dark_close=&#8221;off&#8221; da_not_modal=&#8221;on&#8221; da_is_singular=&#8221;off&#8221; da_with_loader=&#8221;off&#8221; da_has_shadow=&#8221;on&#8221; da_disable_devices=&#8221;off|off|off&#8221;][et_pb_row _builder_version=&#8221;4.23.4&#8221; _module_preset=&#8221;default&#8221; width_tablet=&#8221;&#8221; width_phone=&#8221;90%&#8221; width_last_edited=&#8221;on|phone&#8221; global_colors_info=&#8221;{}&#8221;][et_pb_column type=&#8221;4_4&#8221; _builder_version=&#8221;4.23.4&#8221; _module_preset=&#8221;default&#8221; global_colors_info=&#8221;{}&#8221;][et_pb_text _builder_version=&#8221;4.23.4&#8221; _module_preset=&#8221;default&#8221; text_text_color=&#8221;#000000&#8221; text_font_size=&#8221;24px&#8221; text_line_height=&#8221;1.4em&#8221; header_font=&#8221;|700|||||||&#8221; header_text_align=&#8221;center&#8221; header_text_color=&#8221;#aa95db&#8221; header_font_size=&#8221;50px&#8221; text_orientation=&#8221;center&#8221; custom_padding=&#8221;||||false|false&#8221; text_font_size_tablet=&#8221;24px&#8221; text_font_size_phone=&#8221;18px&#8221; text_font_size_last_edited=&#8221;on|phone&#8221; header_font_size_tablet=&#8221;50px&#8221; header_font_size_phone=&#8221;32px&#8221; header_font_size_last_edited=&#8221;on|phone&#8221; header_line_height_tablet=&#8221;&#8221; header_line_height_phone=&#8221;&#8221; header_line_height_last_edited=&#8221;on|phone&#8221; global_colors_info=&#8221;{}&#8221;]<\/p>\n<h1>\u010cesto postavljana<br \/>pitanja<\/h1>\n<p style=\"margin-top: 20px;\">Ima\u0161 jo\u0161 pitanja o Boom Box ponudi? Mo\u017eda te zanima isto \u0161to i druge. Provjeri da li se odgovor krije me\u0111u naj\u010de\u0161\u0107e postavljanim pitanjima.<\/p>\n<p>[\/et_pb_text][\/et_pb_column][\/et_pb_row][et_pb_row custom_padding_last_edited=&#8221;on|phone&#8221; _builder_version=&#8221;4.23.4&#8221; _module_preset=&#8221;default&#8221; width_tablet=&#8221;&#8221; width_phone=&#8221;90%&#8221; width_last_edited=&#8221;on|phone&#8221; custom_padding=&#8221;0px||0px||true|false&#8221; custom_padding_tablet=&#8221;0px||0px||true|false&#8221; custom_padding_phone=&#8221;0px||0px||true|false&#8221; global_colors_info=&#8221;{}&#8221;][et_pb_column type=&#8221;4_4&#8221; _builder_version=&#8221;4.23.4&#8221; _module_preset=&#8221;default&#8221; global_colors_info=&#8221;{}&#8221;][et_pb_toggle title=&#8221;Jesu li svi Boom Box proizvodi na biljnoj osnovi?&#8221; open_toggle_text_color=&#8221;#784312&#8221; icon_color=&#8221;#ed9bad&#8221; toggle_icon=&#8221;&#x43;||divi||400&#8221; use_icon_font_size=&#8221;on&#8221; icon_font_size=&#8221;28px&#8221; open_icon_color=&#8221;#ed9bad&#8221; open_toggle_icon=&#8221;&#x42;||divi||400&#8221; open_use_icon_font_size=&#8221;on&#8221; open_icon_font_size=&#8221;28px&#8221; _builder_version=&#8221;4.23.4&#8221; _module_preset=&#8221;default&#8221; title_text_color=&#8221;#784312&#8221; title_level=&#8221;h4&#8221; title_font=&#8221;|700|||||||&#8221; title_text_align=&#8221;center&#8221; title_font_size=&#8221;35px&#8221; title_line_height=&#8221;1.3em&#8221; body_text_align=&#8221;justify&#8221; body_text_color=&#8221;#000000&#8221; body_line_height=&#8221;1.4em&#8221; background_color=&#8221;RGBA(255,255,255,0)&#8221; custom_margin=&#8221;||0px||false|false&#8221; custom_padding=&#8221;30px||40px||false|false&#8221; title_font_size_tablet=&#8221;30px&#8221; title_font_size_phone=&#8221;24px&#8221; title_font_size_last_edited=&#8221;on|phone&#8221; title_line_height_tablet=&#8221;1.2em&#8221; title_line_height_phone=&#8221;1.3em&#8221; title_line_height_last_edited=&#8221;on|phone&#8221; body_font_size_tablet=&#8221;18px&#8221; body_font_size_phone=&#8221;14px&#8221; body_font_size_last_edited=&#8221;on|phone&#8221; custom_css_toggle_content=&#8221;max-width: 720px;||margin: 0 auto;&#8221; border_width_all=&#8221;0px&#8221; border_width_bottom=&#8221;1px&#8221; border_color_bottom=&#8221;#000000&#8221; global_colors_info=&#8221;{}&#8221;]<\/p>\n<p>Da, svi Boom Box proizvodi su na biljnoj osnovi i s veganskim certifikatom.<\/p>\n<p>[\/et_pb_toggle][et_pb_toggle title=&#8221;\u0160ta zna\u010di \u201c100% na biljnoj osnovi\u201d?&#8221; open_toggle_text_color=&#8221;#784312&#8221; icon_color=&#8221;#ed9bad&#8221; toggle_icon=&#8221;&#x43;||divi||400&#8221; use_icon_font_size=&#8221;on&#8221; icon_font_size=&#8221;28px&#8221; open_icon_color=&#8221;#ed9bad&#8221; open_toggle_icon=&#8221;&#x42;||divi||400&#8221; open_use_icon_font_size=&#8221;on&#8221; open_icon_font_size=&#8221;28px&#8221; _builder_version=&#8221;4.23.4&#8221; _module_preset=&#8221;default&#8221; title_text_color=&#8221;#784312&#8221; title_level=&#8221;h4&#8221; title_font=&#8221;|700|||||||&#8221; title_text_align=&#8221;center&#8221; title_font_size=&#8221;35px&#8221; title_line_height=&#8221;1.3em&#8221; body_text_align=&#8221;justify&#8221; body_text_color=&#8221;#000000&#8221; body_line_height=&#8221;1.4em&#8221; background_color=&#8221;RGBA(255,255,255,0)&#8221; custom_margin=&#8221;||0px||false|false&#8221; custom_padding=&#8221;30px||40px||false|false&#8221; title_font_size_tablet=&#8221;30px&#8221; title_font_size_phone=&#8221;24px&#8221; title_font_size_last_edited=&#8221;on|phone&#8221; title_line_height_tablet=&#8221;1.2em&#8221; title_line_height_phone=&#8221;1.3em&#8221; title_line_height_last_edited=&#8221;on|phone&#8221; body_font_size_tablet=&#8221;18px&#8221; body_font_size_phone=&#8221;14px&#8221; body_font_size_last_edited=&#8221;on|phone&#8221; custom_css_toggle_content=&#8221;max-width: 720px;||margin: 0 auto;&#8221; border_width_all=&#8221;0px&#8221; border_width_bottom=&#8221;1px&#8221; border_color_bottom=&#8221;#000000&#8221; global_colors_info=&#8221;{}&#8221;]<\/p>\n<p>Proizvod koji je 100% na biljnoj osnovi ne sadr\u017ei proizvode ili sastojke \u017eivotinjskog porijekla.<\/p>\n<p>[\/et_pb_toggle][et_pb_toggle title=&#8221;Da li \u201crazvijeno s nutricionistima\u201d zna\u010di da ih nutricionisti proizvode?&#8221; open_toggle_text_color=&#8221;#784312&#8221; icon_color=&#8221;#ed9bad&#8221; toggle_icon=&#8221;&#x43;||divi||400&#8221; use_icon_font_size=&#8221;on&#8221; icon_font_size=&#8221;28px&#8221; open_icon_color=&#8221;#ed9bad&#8221; open_toggle_icon=&#8221;&#x42;||divi||400&#8221; open_use_icon_font_size=&#8221;on&#8221; open_icon_font_size=&#8221;28px&#8221; _builder_version=&#8221;4.23.4&#8221; _module_preset=&#8221;default&#8221; title_text_color=&#8221;#784312&#8221; title_level=&#8221;h4&#8221; title_font=&#8221;|700|||||||&#8221; title_text_align=&#8221;center&#8221; title_font_size=&#8221;35px&#8221; title_line_height=&#8221;1.3em&#8221; body_text_align=&#8221;justify&#8221; body_text_color=&#8221;#000000&#8221; body_line_height=&#8221;1.4em&#8221; background_color=&#8221;RGBA(255,255,255,0)&#8221; custom_margin=&#8221;||0px||false|false&#8221; custom_padding=&#8221;30px||40px||false|false&#8221; title_font_size_tablet=&#8221;30px&#8221; title_font_size_phone=&#8221;24px&#8221; title_font_size_last_edited=&#8221;on|phone&#8221; title_line_height_tablet=&#8221;1.2em&#8221; title_line_height_phone=&#8221;1.3em&#8221; title_line_height_last_edited=&#8221;on|phone&#8221; body_font_size_tablet=&#8221;18px&#8221; body_font_size_phone=&#8221;14px&#8221; body_font_size_last_edited=&#8221;on|phone&#8221; custom_css_toggle_content=&#8221;max-width: 720px;||margin: 0 auto;&#8221; border_width_all=&#8221;0px&#8221; border_width_bottom=&#8221;1px&#8221; border_color_bottom=&#8221;#000000&#8221; global_colors_info=&#8221;{}&#8221;]<\/p>\n<p>\u201cRazvijeno s nutricionistima\u201d zna\u010di da su nam kvalificirani nutricionisti pomogli u razvoju proizvoda koji su zdraviji za tebe. Uz njihovu pomo\u0107 kreirali smo zdrave i ukusne obroke na bazi ovsa, koji su bez dodanog \u0161e\u0107era, 100% na biljnoj osnovi, bez vje\u0161ta\u010dkih aroma i visokooboga\u0107eni vlaknima.<\/p>\n<p>[\/et_pb_toggle][et_pb_toggle title=&#8221;Da li su Boom Box proizvodi bez \u0161e\u0107era?&#8221; open_toggle_text_color=&#8221;#784312&#8221; icon_color=&#8221;#ed9bad&#8221; toggle_icon=&#8221;&#x43;||divi||400&#8221; use_icon_font_size=&#8221;on&#8221; icon_font_size=&#8221;28px&#8221; open_icon_color=&#8221;#ed9bad&#8221; open_toggle_icon=&#8221;&#x42;||divi||400&#8221; open_use_icon_font_size=&#8221;on&#8221; open_icon_font_size=&#8221;28px&#8221; _builder_version=&#8221;4.23.4&#8221; _module_preset=&#8221;default&#8221; title_text_color=&#8221;#784312&#8221; title_level=&#8221;h4&#8221; title_font=&#8221;|700|||||||&#8221; title_text_align=&#8221;center&#8221; title_font_size=&#8221;35px&#8221; title_line_height=&#8221;1.3em&#8221; body_text_align=&#8221;justify&#8221; body_text_color=&#8221;#000000&#8221; body_line_height=&#8221;1.4em&#8221; background_color=&#8221;RGBA(255,255,255,0)&#8221; custom_margin=&#8221;||0px||false|false&#8221; custom_padding=&#8221;30px||40px||false|false&#8221; title_font_size_tablet=&#8221;30px&#8221; title_font_size_phone=&#8221;24px&#8221; title_font_size_last_edited=&#8221;on|phone&#8221; title_line_height_tablet=&#8221;1.2em&#8221; title_line_height_phone=&#8221;1.3em&#8221; title_line_height_last_edited=&#8221;on|phone&#8221; body_font_size_tablet=&#8221;18px&#8221; body_font_size_phone=&#8221;14px&#8221; body_font_size_last_edited=&#8221;on|phone&#8221; custom_css_toggle_content=&#8221;max-width: 720px;||margin: 0 auto;&#8221; border_width_all=&#8221;0px&#8221; border_width_bottom=&#8221;1px&#8221; border_color_bottom=&#8221;#000000&#8221; global_colors_info=&#8221;{}&#8221;]<\/p>\n<p>Boom Box proizvodi sadr\u017ee prirodno prisutan \u0161e\u0107er iz ovsa i vo\u0107a, poliole i prebiotike, a ne sadr\u017ee dodani \u0161e\u0107er. Ovo ih \u010dini nutritivno boljim izborom.<\/p>\n<p>[\/et_pb_toggle][et_pb_toggle title=&#8221;Da li su Boom Box proizvodi bez glutena?&#8221; open_toggle_text_color=&#8221;#784312&#8221; icon_color=&#8221;#ed9bad&#8221; toggle_icon=&#8221;&#x43;||divi||400&#8221; use_icon_font_size=&#8221;on&#8221; icon_font_size=&#8221;28px&#8221; open_icon_color=&#8221;#ed9bad&#8221; open_toggle_icon=&#8221;&#x42;||divi||400&#8221; open_use_icon_font_size=&#8221;on&#8221; open_icon_font_size=&#8221;28px&#8221; _builder_version=&#8221;4.27.4&#8221; _module_preset=&#8221;default&#8221; title_text_color=&#8221;#784312&#8221; title_level=&#8221;h4&#8221; title_font=&#8221;|700|||||||&#8221; title_text_align=&#8221;center&#8221; title_font_size=&#8221;35px&#8221; title_line_height=&#8221;1.3em&#8221; body_text_align=&#8221;justify&#8221; body_text_color=&#8221;#000000&#8221; body_line_height=&#8221;1.4em&#8221; background_color=&#8221;RGBA(255,255,255,0)&#8221; custom_margin=&#8221;||0px||false|false&#8221; custom_padding=&#8221;30px||40px||false|false&#8221; hover_enabled=&#8221;0&#8221; title_font_size_tablet=&#8221;30px&#8221; title_font_size_phone=&#8221;24px&#8221; title_font_size_last_edited=&#8221;on|phone&#8221; title_line_height_tablet=&#8221;1.2em&#8221; title_line_height_phone=&#8221;1.3em&#8221; title_line_height_last_edited=&#8221;on|phone&#8221; body_font_size_tablet=&#8221;18px&#8221; body_font_size_phone=&#8221;14px&#8221; body_font_size_last_edited=&#8221;on|phone&#8221; custom_css_toggle_content=&#8221;max-width: 720px;||margin: 0 auto;&#8221; border_width_all=&#8221;0px&#8221; border_width_bottom=&#8221;1px&#8221; border_color_bottom=&#8221;#000000&#8221; global_colors_info=&#8221;{}&#8221; sticky_enabled=&#8221;0&#8221;]<\/p>\n<p><span>Boom Box proizvodi ne nose oznaku GLUTEN FREE zbog mogu\u0107e kros kontaminacije zobi s drugim \u017eitaricama koje sadr\u017ee gluten.<\/span><\/p>\n<p>[\/et_pb_toggle][et_pb_toggle title=&#8221;Mogu li kombinirati Boom Box proizvode i konzumirati ih?&#8221; open_toggle_text_color=&#8221;#784312&#8221; icon_color=&#8221;#ed9bad&#8221; toggle_icon=&#8221;&#x43;||divi||400&#8221; use_icon_font_size=&#8221;on&#8221; icon_font_size=&#8221;28px&#8221; open_icon_color=&#8221;#ed9bad&#8221; open_toggle_icon=&#8221;&#x42;||divi||400&#8221; open_use_icon_font_size=&#8221;on&#8221; open_icon_font_size=&#8221;28px&#8221; _builder_version=&#8221;4.23.4&#8221; _module_preset=&#8221;default&#8221; title_text_color=&#8221;#784312&#8221; title_level=&#8221;h4&#8221; title_font=&#8221;|700|||||||&#8221; title_text_align=&#8221;center&#8221; title_font_size=&#8221;35px&#8221; title_line_height=&#8221;1.3em&#8221; body_text_align=&#8221;justify&#8221; body_text_color=&#8221;#000000&#8221; body_line_height=&#8221;1.4em&#8221; background_color=&#8221;RGBA(255,255,255,0)&#8221; custom_margin=&#8221;||0px||false|false&#8221; custom_padding=&#8221;30px||40px||false|false&#8221; title_font_size_tablet=&#8221;30px&#8221; title_font_size_phone=&#8221;24px&#8221; title_font_size_last_edited=&#8221;on|phone&#8221; title_line_height_tablet=&#8221;1.2em&#8221; title_line_height_phone=&#8221;1.3em&#8221; title_line_height_last_edited=&#8221;on|phone&#8221; body_font_size_tablet=&#8221;18px&#8221; body_font_size_phone=&#8221;14px&#8221; body_font_size_last_edited=&#8221;on|phone&#8221; custom_css_toggle_content=&#8221;max-width: 720px;||margin: 0 auto;&#8221; border_width_all=&#8221;0px&#8221; border_width_bottom=&#8221;1px&#8221; border_color_bottom=&#8221;#000000&#8221; global_colors_info=&#8221;{}&#8221;]<\/p>\n<p>Da! Kao \u0161to preporu\u010dujemo na zadnjem dijelu pakovanja, svi na\u0161i proizvodi od ovsa savr\u0161eno pristaju uz sve ostale Boom Box proizvode, ovsene ka\u0161e, ovsene granole, \u010dak i kekse od ovsa.<\/p>\n<p>[\/et_pb_toggle][\/et_pb_column][\/et_pb_row][\/et_pb_section]<\/p>\n","protected":false},"excerpt":{"rendered":"<p>\u010cesto postavljanapitanja Ima\u0161 jo\u0161 pitanja o Boom Box ponudi? Mo\u017eda te zanima isto \u0161to i druge. Provjeri da li se odgovor krije me\u0111u naj\u010de\u0161\u0107e postavljanim pitanjima.Da, svi Boom Box proizvodi su na biljnoj osnovi i s veganskim certifikatom.Proizvod koji je 100% na biljnoj osnovi ne sadr\u017ei proizvode ili sastojke \u017eivotinjskog porijekla.\u201cRazvijeno s nutricionistima\u201d zna\u010di da [&hellip;]<\/p>\n","protected":false},"author":1,"featured_media":0,"parent":0,"menu_order":0,"comment_status":"closed","ping_status":"closed","template":"","meta":{"_acf_changed":false,"_et_pb_use_builder":"on","_et_pb_old_content":"","_et_gb_content_width":"","footnotes":""},"class_list":["post-4078","page","type-page","status-publish","hentry"],"acf":[],"_links":{"self":[{"href":"https:\/\/boombox.eu\/bs\/wp-json\/wp\/v2\/pages\/4078","targetHints":{"allow":["GET"]}}],"collection":[{"href":"https:\/\/boombox.eu\/bs\/wp-json\/wp\/v2\/pages"}],"about":[{"href":"https:\/\/boombox.eu\/bs\/wp-json\/wp\/v2\/types\/page"}],"author":[{"embeddable":true,"href":"https:\/\/boombox.eu\/bs\/wp-json\/wp\/v2\/users\/1"}],"replies":[{"embeddable":true,"href":"https:\/\/boombox.eu\/bs\/wp-json\/wp\/v2\/comments?post=4078"}],"version-history":[{"count":14,"href":"https:\/\/boombox.eu\/bs\/wp-json\/wp\/v2\/pages\/4078\/revisions"}],"predecessor-version":[{"id":33521,"href":"https:\/\/boombox.eu\/bs\/wp-json\/wp\/v2\/pages\/4078\/revisions\/33521"}],"wp:attachment":[{"href":"https:\/\/boombox.eu\/bs\/wp-json\/wp\/v2\/media?parent=4078"}],"curies":[{"name":"wp","href":"https:\/\/api.w.org\/{rel}","templated":true}]}}